{"id":156,"date":"2021-11-15T10:40:49","date_gmt":"2021-11-15T09:40:49","guid":{"rendered":"https:\/\/avocat.renaudie.fr\/?page_id=156"},"modified":"2026-01-18T15:37:50","modified_gmt":"2026-01-18T15:37:50","slug":"contact","status":"publish","type":"page","link":"https:\/\/avocat.renaudie.fr\/en\/contact\/","title":{"rendered":"Contact"},"content":{"rendered":"<p>[et_pb_section fb_built=\u00a0\u00bb1&Prime; custom_padding_last_edited=\u00a0\u00bbon|tablet\u00a0\u00bb _builder_version=\u00a0\u00bb4.27.4&Prime; _module_preset=\u00a0\u00bbdefault\u00a0\u00bb background_color=\u00a0\u00bb#FFFFFF\u00a0\u00bb custom_margin_tablet=\u00a0\u00bb0em||0em||false|false\u00a0\u00bb custom_margin_phone=\u00a0\u00bb\u00a0\u00bb custom_margin_last_edited=\u00a0\u00bbon|phone\u00a0\u00bb custom_padding=\u00a0\u00bb||3px||false|false\u00a0\u00bb custom_padding_tablet=\u00a0\u00bb0em||0em||false|false\u00a0\u00bb custom_padding_phone=\u00a0\u00bb\u00a0\u00bb global_colors_info=\u00a0\u00bb{}\u00a0\u00bb custom_margin__hover_enabled=\u00a0\u00bboff|desktop\u00a0\u00bb][et_pb_row custom_padding_last_edited=\u00a0\u00bbon|desktop\u00a0\u00bb _builder_version=\u00a0\u00bb4.27.4&Prime; _module_preset=\u00a0\u00bbdefault\u00a0\u00bb custom_margin=\u00a0\u00bb||0.5em||false|false\u00a0\u00bb custom_margin_tablet=\u00a0\u00bb||0em||false|false\u00a0\u00bb custom_margin_phone=\u00a0\u00bb\u00a0\u00bb custom_margin_last_edited=\u00a0\u00bbon|tablet\u00a0\u00bb custom_padding=\u00a0\u00bb||0.5em||false|false\u00a0\u00bb custom_padding_tablet=\u00a0\u00bb||0em||false|false\u00a0\u00bb custom_padding_phone=\u00a0\u00bb\u00a0\u00bb global_colors_info=\u00a0\u00bb{}\u00a0\u00bb][et_pb_column type=\u00a0\u00bb4_4&Prime; _builder_version=\u00a0\u00bb4.27.4&Prime; _module_preset=\u00a0\u00bbdefault\u00a0\u00bb global_colors_info=\u00a0\u00bb{}\u00a0\u00bb][et_pb_text _builder_version=\u00a0\u00bb4.27.4&Prime; _module_preset=\u00a0\u00bbdefault\u00a0\u00bb text_font_size=\u00a0\u00bb6em\u00a0\u00bb header_font=\u00a0\u00bb|800|||||||\u00a0\u00bb header_font_size=\u00a0\u00bb1em\u00a0\u00bb custom_margin_tablet=\u00a0\u00bb||0em||false|false\u00a0\u00bb custom_margin_phone=\u00a0\u00bb\u00a0\u00bb custom_margin_last_edited=\u00a0\u00bbon|tablet\u00a0\u00bb custom_padding=\u00a0\u00bb||0em||false|false\u00a0\u00bb global_colors_info=\u00a0\u00bb{}\u00a0\u00bb]<\/p>\n<h1>Contact\u00a0<\/h1>\n<p>[\/et_pb_text][et_pb_text _builder_version=\u00a0\u00bb4.27.4&Prime; _module_preset=\u00a0\u00bbdefault\u00a0\u00bb global_colors_info=\u00a0\u00bb{}\u00a0\u00bb]<\/p>\n<h2>Besoin d&rsquo;aide, d&rsquo;un renseignement ou d&rsquo;un devis ?<\/h2>\n<p>[\/et_pb_text][\/et_pb_column][\/et_pb_row][\/et_pb_section][et_pb_section fb_built=\u00a0\u00bb1&Prime; custom_padding_last_edited=\u00a0\u00bbon|tablet\u00a0\u00bb _builder_version=\u00a0\u00bb4.27.4&Prime; custom_margin_tablet=\u00a0\u00bb0em||||false|false\u00a0\u00bb custom_margin_phone=\u00a0\u00bb0em||||false|false\u00a0\u00bb custom_margin_last_edited=\u00a0\u00bbon|tablet\u00a0\u00bb custom_padding_tablet=\u00a0\u00bb0em||||false|false\u00a0\u00bb custom_padding_phone=\u00a0\u00bb0em||||false|false\u00a0\u00bb global_colors_info=\u00a0\u00bb{}\u00a0\u00bb][et_pb_row column_structure=\u00a0\u00bb1_3,2_3&Prime; use_custom_gutter=\u00a0\u00bbon\u00a0\u00bb gutter_width=\u00a0\u00bb1&Prime; _builder_version=\u00a0\u00bb4.27.4&Prime; global_colors_info=\u00a0\u00bb{}\u00a0\u00bb][et_pb_column type=\u00a0\u00bb1_3&Prime; _builder_version=\u00a0\u00bb4.27.4&Prime; custom_padding=\u00a0\u00bb1.5em||1.5em||true|true\u00a0\u00bb custom_padding_tablet=\u00a0\u00bb0.5em|0.5em|0.5em|0.5em|true|true\u00a0\u00bb custom_padding_phone=\u00a0\u00bb0.5em|0em|0.5em|0em|true|true\u00a0\u00bb custom_padding_last_edited=\u00a0\u00bbon|phone\u00a0\u00bb custom_css_main_element=\u00a0\u00bborder: 2;\u00a0\u00bb global_colors_info=\u00a0\u00bb{}\u00a0\u00bb custom_padding__hover=\u00a0\u00bb|||\u00a0\u00bb][et_pb_image src=\u00a0\u00bbhttps:\/\/avocat.renaudie.fr\/wp-content\/uploads\/2025\/02\/portrait-illu-costume-Theo-Renaudie.webp\u00a0\u00bb title_text=\u00a0\u00bbportrait-illu-costume-Theo-Renaudie\u00a0\u00bb align=\u00a0\u00bbcenter\u00a0\u00bb _builder_version=\u00a0\u00bb4.27.4&Prime; _module_preset=\u00a0\u00bbdefault\u00a0\u00bb width=\u00a0\u00bb60%\u00a0\u00bb module_alignment=\u00a0\u00bbcenter\u00a0\u00bb max_height=\u00a0\u00bb30vh\u00a0\u00bb custom_margin=\u00a0\u00bb||0.5em||false|false\u00a0\u00bb custom_margin_tablet=\u00a0\u00bb0.5em||||false|false\u00a0\u00bb custom_margin_phone=\u00a0\u00bb0.5em||||false|false\u00a0\u00bb custom_margin_last_edited=\u00a0\u00bbon|phone\u00a0\u00bb custom_padding=\u00a0\u00bb0px||||false|false\u00a0\u00bb border_radii=\u00a0\u00bbon|0.5em|0.5em|0.5em|0.5em\u00a0\u00bb box_shadow_style=\u00a0\u00bbpreset3&Prime; saved_tabs=\u00a0\u00bball\u00a0\u00bb global_colors_info=\u00a0\u00bb{}\u00a0\u00bb][\/et_pb_image][et_pb_text _builder_version=\u00a0\u00bb4.27.4&Prime; _module_preset=\u00a0\u00bbdefault\u00a0\u00bb max_width=\u00a0\u00bb80%\u00a0\u00bb max_width_tablet=\u00a0\u00bb85%\u00a0\u00bb max_width_phone=\u00a0\u00bb85%\u00a0\u00bb max_width_last_edited=\u00a0\u00bbon|tablet\u00a0\u00bb module_alignment=\u00a0\u00bbcenter\u00a0\u00bb global_colors_info=\u00a0\u00bb{}\u00a0\u00bb]<\/p>\n<p style=\"text-align: justify;\"><span class=\"et-pb-icon icon_clock_alt\" style=\"font-size: 1.5em;\">}<\/span> 9h30 &#8211; 19h, du lundi au vendredi<br \/>\n<a href=\"mailto:avocat@renaudie.fr\"><span class=\"et-pb-icon icon_mail_alt\" style=\"font-size: 1.5em;\">\ue010<\/span> avocat@renaudie.fr<\/a><br \/>\n<a href=\"tel:+33177719032\"><span class=\"et-pb-icon\" style=\"font-size: 1.5em;\">\ue090<\/span> +33 (0) 1 77 71 90 32<\/a><br \/>\n<span class=\"et-pb-icon icon_building\" style=\"font-size: 1.5em;\">\ue0ef<\/span> 47 rue du Mar\u00e9chal Foch, 78000 Versailles<br \/>\n<span class=\"et-pb-icon icon_drawer_alt\" style=\"font-size: 1.5em;\">\ue020<\/span> Palais, case 421<\/p>\n<p style=\"text-align: justify;\">[\/et_pb_text][et_pb_button button_url=\u00a0\u00bb\/rendez-vous\/\u00a0\u00bb button_text=\u00a0\u00bbPrendre rendez-vous\u00a0\u00bb button_alignment=\u00a0\u00bbcenter\u00a0\u00bb _builder_version=\u00a0\u00bb4.27.4&Prime; _module_preset=\u00a0\u00bbdefault\u00a0\u00bb custom_button=\u00a0\u00bbon\u00a0\u00bb button_icon=\u00a0\u00bb&#xe023;||divi||400&Prime; global_colors_info=\u00a0\u00bb{}\u00a0\u00bb][\/et_pb_button][\/et_pb_column][et_pb_column type=\u00a0\u00bb2_3&Prime; _builder_version=\u00a0\u00bb4.27.4&Prime; custom_padding=\u00a0\u00bb1.5em|1.5em|1.5em|1.5em|false|false\u00a0\u00bb custom_padding_tablet=\u00a0\u00bb1.5em|1.5em|1.5em|1.5em|false|false\u00a0\u00bb custom_padding_phone=\u00a0\u00bb|0em||0em|false|false\u00a0\u00bb custom_padding_last_edited=\u00a0\u00bbon|phone\u00a0\u00bb custom_css_main_element=\u00a0\u00bborder: 1;\u00a0\u00bb global_colors_info=\u00a0\u00bb{}\u00a0\u00bb custom_padding__hover=\u00a0\u00bb|||\u00a0\u00bb][dsm_contact_form_7 cf7_library=\u00a0\u00bb7564&Prime; show_validation=\u00a0\u00bbon\u00a0\u00bb button_alignment=\u00a0\u00bbcenter\u00a0\u00bb input_background_color=\u00a0\u00bb#D7E3F9&Prime; error_msg_background_color=\u00a0\u00bb#E1214E\u00a0\u00bb validation_error_background_color=\u00a0\u00bb#E1214E\u00a0\u00bb validation_success_background_color=\u00a0\u00bb#4bb255&Prime; _builder_version=\u00a0\u00bb4.27.4&Prime; _module_preset=\u00a0\u00bbdefault\u00a0\u00bb input_textarea_select_text_color=\u00a0\u00bb#0F2257&Prime; placeholder_text_color=\u00a0\u00bb#87ACEE\u00a0\u00bb radio_checkbox_text_color=\u00a0\u00bb#0F2257&Prime; error_msg_font=\u00a0\u00bb|600|||||||\u00a0\u00bb error_msg_text_color=\u00a0\u00bb#ffffff\u00a0\u00bb error_validation_font=\u00a0\u00bb|600|||||||\u00a0\u00bb error_validation_text_color=\u00a0\u00bb#ffffff\u00a0\u00bb success_validation_font=\u00a0\u00bb|600|||||||\u00a0\u00bb success_validation_text_color=\u00a0\u00bb#ffffff\u00a0\u00bb custom_button_one=\u00a0\u00bbon\u00a0\u00bb button_one_text_size=\u00a0\u00bb20px\u00a0\u00bb button_one_text_color=\u00a0\u00bb#ffffff\u00a0\u00bb button_one_bg_color=\u00a0\u00bb#0F2257&Prime; button_one_border_color=\u00a0\u00bb#FFFFFF\u00a0\u00bb button_one_icon=\u00a0\u00bb&#xf1d8;||fa||400&Prime; width=\u00a0\u00bb100%\u00a0\u00bb module_alignment=\u00a0\u00bbcenter\u00a0\u00bb custom_margin=\u00a0\u00bb|3vw||3vw|false|false\u00a0\u00bb border_radii_last_edited=\u00a0\u00bboff|desktop\u00a0\u00bb border_radii_image=\u00a0\u00bbon|0.5em|0.5em|0.5em|0.5em\u00a0\u00bb border_radii_error_msg=\u00a0\u00bboff|||0.5em|0.5em\u00a0\u00bb border_radii_error_validation=\u00a0\u00bbon|0.5em|0.5em|0.5em|0.5em\u00a0\u00bb border_width_all_error_validation=\u00a0\u00bb0px\u00a0\u00bb border_radii_validation_success=\u00a0\u00bbon|0.5em|0.5em|0.5em|0.5em\u00a0\u00bb border_width_all_validation_success=\u00a0\u00bb0px\u00a0\u00bb box_shadow_style_input_field=\u00a0\u00bbpreset3&Prime; global_colors_info=\u00a0\u00bb{}\u00a0\u00bb button_one_border_radius__hover_enabled=\u00a0\u00bbon|hover\u00a0\u00bb border_radii__hover_enabled=\u00a0\u00bboff|hover\u00a0\u00bb button_one_text_color__hover_enabled=\u00a0\u00bbon|desktop\u00a0\u00bb button_one_text_color__hover=\u00a0\u00bb#ffffff\u00a0\u00bb button_one_bg_color__hover=\u00a0\u00bb#12397D\u00a0\u00bb button_one_bg_color__hover_enabled=\u00a0\u00bbon|desktop\u00a0\u00bb button_one_border_color__hover=\u00a0\u00bb#CD3A4E\u00a0\u00bb button_one_border_color__hover_enabled=\u00a0\u00bbon|desktop\u00a0\u00bb button_one_border_radius__hover=\u00a0\u00bb15px\u00a0\u00bb][\/dsm_contact_form_7][\/et_pb_column][\/et_pb_row][\/et_pb_section][et_pb_section fb_built=\u00a0\u00bb1&Prime; _builder_version=\u00a0\u00bb4.27.4&Prime; _module_preset=\u00a0\u00bbdefault\u00a0\u00bb background_image=\u00a0\u00bbhttps:\/\/avocat.renaudie.fr\/wp-content\/uploads\/2025\/05\/Fond-ecran-logo.png\u00a0\u00bb background_size=\u00a0\u00bbinitial\u00a0\u00bb background_position=\u00a0\u00bbbottom_center\u00a0\u00bb background_repeat=\u00a0\u00bbrepeat-x\u00a0\u00bb width=\u00a0\u00bb100%\u00a0\u00bb max_width=\u00a0\u00bb100%\u00a0\u00bb custom_margin=\u00a0\u00bb0em|0em|0em|0em|false|false\u00a0\u00bb custom_padding=\u00a0\u00bb6em|0em|0em|0em|false|false\u00a0\u00bb top_divider_style=\u00a0\u00bbramp\u00a0\u00bb top_divider_color=\u00a0\u00bb#FFFFFF\u00a0\u00bb top_divider_flip=\u00a0\u00bbhorizontal\u00a0\u00bb top_divider_arrangement=\u00a0\u00bbabove_content\u00a0\u00bb global_module=\u00a0\u00bb7804&Prime; global_colors_info=\u00a0\u00bb{}\u00a0\u00bb][et_pb_row disabled_on=\u00a0\u00bbon|on|on\u00a0\u00bb _builder_version=\u00a0\u00bb4.27.4&Prime; _module_preset=\u00a0\u00bbdefault\u00a0\u00bb custom_margin=\u00a0\u00bb0em||0em||false|false\u00a0\u00bb custom_padding=\u00a0\u00bb0em||0em||false|false\u00a0\u00bb disabled=\u00a0\u00bbon\u00a0\u00bb global_colors_info=\u00a0\u00bb{}\u00a0\u00bb][et_pb_column type=\u00a0\u00bb4_4&Prime; _builder_version=\u00a0\u00bb4.27.4&Prime; _module_preset=\u00a0\u00bbdefault\u00a0\u00bb global_colors_info=\u00a0\u00bb{}\u00a0\u00bb][\/et_pb_column][\/et_pb_row][\/et_pb_section]<\/p>\n","protected":false},"excerpt":{"rendered":"<p>Contact\u00a0Besoin d&rsquo;aide, d&rsquo;un renseignement ou d&rsquo;un devis ?} 9h30 &#8211; 19h, du lundi au vendredi \ue010 avocat@renaudie.fr \ue090 +33 (0) 1 77 71 90 32 \ue0ef 47 rue du Mar\u00e9chal Foch, 78000 Versailles \ue020 Palais, case 421 <div class=\"et_pb_module dsm_contact_form_7 dsm_contact_form_7_0\">\n\t\t\t\t\n\t\t\t\t\n\t\t\t\t\n\t\t\t\t\n\t\t\t\t\n\t\t\t\t\n\t\t\t\t<div class=\"et_pb_module_inner\">\n\t\t\t\t\t<div class=\"\">\n\t\t\t\t<p class=\"wpcf7-contact-form-not-found\"><strong>Error:<\/strong> Contact form not found.<\/p>\n\t\t\t<\/div>\n\t\t\t\t<\/div>\n\t\t\t<\/div><\/p>","protected":false},"author":2,"featured_media":0,"parent":0,"menu_order":0,"comment_status":"closed","ping_status":"closed","template":"","meta":{"_et_pb_use_builder":"on","_et_pb_old_content":"[et_pb_section fb_built=\"1\" _builder_version=\"4.13.0\" background_enable_color=\"off\" background_color_gradient_start=\"#2ea3f2\" background_color_gradient_end=\"#2e6df4\" background_color_gradient_direction=\"330deg\" background_image=\"https:\/\/avocat.renaudie.fr\/wp-content\/uploads\/2021\/11\/Horizontal-1-RobertKaufman-CristianeMarques-scaled.jpg\" background_last_edited=\"on|phone\" background_image_phone=\"https:\/\/avocat.renaudie.fr\/wp-content\/uploads\/2021\/11\/Vertical-1-RobertKaufman-CristianeMarques-scaled.jpg\" background_enable_image_phone=\"on\" parallax_phone=\"off\" background_size_phone=\"cover\" background_position_phone=\"top_center\" global_colors_info=\"{}\"][et_pb_row _builder_version=\"4.13.0\" _module_preset=\"default\" global_colors_info=\"{}\"][et_pb_column type=\"4_4\" _builder_version=\"4.13.0\" _module_preset=\"default\" global_colors_info=\"{}\"][et_pb_text _builder_version=\"4.13.0\" _module_preset=\"default\" text_font_size=\"3em\" text_orientation=\"center\" background_layout=\"dark\" global_colors_info=\"{}\"]Th\u00e9o Renaudie[\/et_pb_text][\/et_pb_column][\/et_pb_row][et_pb_row _builder_version=\"4.13.0\" background_size=\"initial\" background_position=\"top_left\" background_repeat=\"repeat\" hover_enabled=\"0\" global_colors_info=\"{}\" background_color=\"#FFFFFF\" sticky_enabled=\"0\"][et_pb_column type=\"4_4\" _builder_version=\"3.25\" custom_padding=\"|||\" global_colors_info=\"{}\" custom_padding__hover=\"|||\"][et_pb_countdown_timer title=\"Ce site sera bient\u00f4t en ligne.\" date_time=\"2022-01-01 05:15\" _builder_version=\"4.13.0\" numbers_text_color=\"#12397d\" separator_text_color=\"#12397d\" use_background_color=\"off\" background_size=\"initial\" background_position=\"top_left\" background_repeat=\"repeat\" hover_enabled=\"0\" global_colors_info=\"{}\" background_layout=\"light\" header_text_color=\"#12397d\" label_font=\"||||||||\" label_text_color=\"#12397d\" sticky_enabled=\"0\"][\/et_pb_countdown_timer][\/et_pb_column][\/et_pb_row][et_pb_row disabled_on=\"off|off|off\" _builder_version=\"4.13.0\" background_size=\"initial\" background_position=\"top_left\" background_repeat=\"repeat\" global_colors_info=\"{}\"][et_pb_column type=\"4_4\" _builder_version=\"3.25\" custom_padding=\"|||\" global_colors_info=\"{}\" custom_padding__hover=\"|||\"][et_pb_signup provider=\"sendinblue\" sendinblue_list=\"Lettre d'actualit\u00e9 de Th\u00e9o Renaudie|2\" first_name_field=\"off\" last_name_field=\"off\" use_custom_fields=\"on\" title=\"Laissez-moi vos coordonn\u00e9es pour \u00eatre inform\u00e9 des prochaines \u00e9tapes !\" button_text=\"Envoyer\" description=\"\n<ul>\n \t<li>Th\u00e9o Renaudie utilisera votre pr\u00e9nom, nom et adresse mail afin de pouvoir vous adresser des messages \u00e0 caract\u00e8re informatif quant \u00e0 ses domaines d'activit\u00e9.<\/li>\n \t<li>Chaque mail vous donnera la possibilit\u00e9 de demander \u00e0 ne plus recevoir de messages et \u00e0 \u00eatre omis de la base de donn\u00e9es.<\/li>\n \t<li>Pour en savoir plus sur la gestion de vos donn\u00e9es et l'exercice de vos droits, consultez la <span style=\"%22color:\" #72ce4b;%22=\"\"><a href=\"%22https:\/\/avocat.renaudie.fr\/politique-de-confidentialite\/%22\" style=\"%22color:\" #72ce4b;%22=\"\">politique de confidentialit\u00e9<\/a><\/span>.<\/li>\n<\/ul>\n\" admin_label=\"Subscribe\" _builder_version=\"4.13.0\" background_color=\"rgba(46,109,244,0)\" hover_enabled=\"0\" global_colors_info=\"{}\" button_text_size__hover_enabled=\"off\" button_one_text_size__hover_enabled=\"off\" button_two_text_size__hover_enabled=\"off\" button_text_color__hover_enabled=\"off\" button_one_text_color__hover_enabled=\"off\" button_two_text_color__hover_enabled=\"off\" button_border_width__hover_enabled=\"off\" button_one_border_width__hover_enabled=\"off\" button_two_border_width__hover_enabled=\"off\" button_border_color__hover_enabled=\"off\" button_one_border_color__hover_enabled=\"off\" button_two_border_color__hover_enabled=\"off\" button_border_radius__hover_enabled=\"off\" button_one_border_radius__hover_enabled=\"off\" button_two_border_radius__hover_enabled=\"off\" button_letter_spacing__hover_enabled=\"off\" button_one_letter_spacing__hover_enabled=\"off\" button_two_letter_spacing__hover_enabled=\"off\" button_bg_color__hover_enabled=\"off\" button_one_bg_color__hover_enabled=\"off\" button_two_bg_color__hover_enabled=\"off\" sticky_enabled=\"0\"][et_pb_signup_custom_field field_id=\"PRENOM\" field_title=\"Pr\u00e9nom\" field_type=\"input\" _builder_version=\"4.13.0\" _module_preset=\"default\" global_colors_info=\"{}\" predefined_field=\"PRENOM\"][\/et_pb_signup_custom_field][et_pb_signup_custom_field field_id=\"NOM\" field_title=\"Nom\" field_type=\"input\" _builder_version=\"4.13.0\" _module_preset=\"default\" global_colors_info=\"{}\" predefined_field=\"NOM\"][\/et_pb_signup_custom_field][et_pb_signup_custom_field field_id=\"CLICKERS\" field_type=\"checkbox\" checkbox_options=\"%91{%22value%22:%22Je consens au traitement de mes donn\u00e9es personnelles.%22,%22checked%22:0,%22dragID%22:0}%93\" _builder_version=\"4.13.0\" _module_preset=\"default\" global_colors_info=\"{}\" predefined_field=\"CLICKERS\"][\/et_pb_signup_custom_field][\/et_pb_signup][\/et_pb_column][\/et_pb_row][et_pb_row _builder_version=\"3.25\" background_size=\"initial\" background_position=\"top_left\" background_repeat=\"repeat\" global_colors_info=\"{}\"][et_pb_column type=\"4_4\" _builder_version=\"3.25\" custom_padding=\"|||\" global_colors_info=\"{}\" custom_padding__hover=\"|||\"][et_pb_cta button_url=\"#\" button_text=\"Contactez-moi\" _builder_version=\"4.13.0\" use_background_color=\"off\" background_size=\"initial\" background_position=\"top_left\" background_repeat=\"repeat\" global_colors_info=\"{}\" button_text_size__hover_enabled=\"off\" button_one_text_size__hover_enabled=\"off\" button_two_text_size__hover_enabled=\"off\" button_text_color__hover_enabled=\"off\" button_one_text_color__hover_enabled=\"off\" button_two_text_color__hover_enabled=\"off\" button_border_width__hover_enabled=\"off\" button_one_border_width__hover_enabled=\"off\" button_two_border_width__hover_enabled=\"off\" button_border_color__hover_enabled=\"off\" button_one_border_color__hover_enabled=\"off\" button_two_border_color__hover_enabled=\"off\" button_border_radius__hover_enabled=\"off\" button_one_border_radius__hover_enabled=\"off\" button_two_border_radius__hover_enabled=\"off\" button_letter_spacing__hover_enabled=\"off\" button_one_letter_spacing__hover_enabled=\"off\" button_two_letter_spacing__hover_enabled=\"off\" button_bg_color__hover_enabled=\"off\" button_one_bg_color__hover_enabled=\"off\" button_two_bg_color__hover_enabled=\"off\"][\/et_pb_cta][\/et_pb_column][\/et_pb_row][\/et_pb_section]","_et_gb_content_width":"","footnotes":""},"class_list":["post-156","page","type-page","status-publish","hentry"],"_links":{"self":[{"href":"https:\/\/avocat.renaudie.fr\/en\/wp-json\/wp\/v2\/pages\/156","targetHints":{"allow":["GET"]}}],"collection":[{"href":"https:\/\/avocat.renaudie.fr\/en\/wp-json\/wp\/v2\/pages"}],"about":[{"href":"https:\/\/avocat.renaudie.fr\/en\/wp-json\/wp\/v2\/types\/page"}],"author":[{"embeddable":true,"href":"https:\/\/avocat.renaudie.fr\/en\/wp-json\/wp\/v2\/users\/2"}],"replies":[{"embeddable":true,"href":"https:\/\/avocat.renaudie.fr\/en\/wp-json\/wp\/v2\/comments?post=156"}],"version-history":[{"count":18,"href":"https:\/\/avocat.renaudie.fr\/en\/wp-json\/wp\/v2\/pages\/156\/revisions"}],"predecessor-version":[{"id":8430,"href":"https:\/\/avocat.renaudie.fr\/en\/wp-json\/wp\/v2\/pages\/156\/revisions\/8430"}],"wp:attachment":[{"href":"https:\/\/avocat.renaudie.fr\/en\/wp-json\/wp\/v2\/media?parent=156"}],"curies":[{"name":"wp","href":"https:\/\/api.w.org\/{rel}","templated":true}]}}