{"id":413,"date":"2021-11-22T00:29:21","date_gmt":"2021-11-21T23:29:21","guid":{"rendered":"https:\/\/avocat.renaudie.fr\/?page_id=413"},"modified":"2025-11-08T14:58:10","modified_gmt":"2025-11-08T14:58:10","slug":"a-propos","status":"publish","type":"page","link":"https:\/\/avocat.renaudie.fr\/en\/a-propos\/","title":{"rendered":"About"},"content":{"rendered":"<p>[et_pb_section fb_built=\u00a0\u00bb1&Prime; custom_padding_last_edited=\u00a0\u00bbon|phone\u00a0\u00bb _builder_version=\u00a0\u00bb4.27.4&Prime; custom_margin=\u00a0\u00bb0px||0em||false|false\u00a0\u00bb custom_margin_tablet=\u00a0\u00bb0px||||false|false\u00a0\u00bb custom_margin_phone=\u00a0\u00bb0px||||false|false\u00a0\u00bb custom_margin_last_edited=\u00a0\u00bbon|phone\u00a0\u00bb custom_padding=\u00a0\u00bb||0em||false|false\u00a0\u00bb custom_padding_tablet=\u00a0\u00bb1em||||false|false\u00a0\u00bb custom_padding_phone=\u00a0\u00bb1em||||false|false\u00a0\u00bb hover_enabled=\u00a0\u00bb0&Prime; global_colors_info=\u00a0\u00bb{}\u00a0\u00bb sticky_enabled=\u00a0\u00bb0&Prime;][et_pb_row custom_padding_last_edited=\u00a0\u00bbon|tablet\u00a0\u00bb _builder_version=\u00a0\u00bb4.27.4&Prime; _module_preset=\u00a0\u00bbdefault\u00a0\u00bb custom_margin_tablet=\u00a0\u00bb0em||||false|false\u00a0\u00bb custom_margin_phone=\u00a0\u00bb0em||||false|false\u00a0\u00bb custom_margin_last_edited=\u00a0\u00bbon|tablet\u00a0\u00bb custom_padding_tablet=\u00a0\u00bb0em||||false|false\u00a0\u00bb custom_padding_phone=\u00a0\u00bb0em||||false|false\u00a0\u00bb saved_tabs=\u00a0\u00bball\u00a0\u00bb global_colors_info=\u00a0\u00bb{}\u00a0\u00bb][et_pb_column type=\u00a0\u00bb4_4&Prime; _builder_version=\u00a0\u00bb4.16&Prime; _module_preset=\u00a0\u00bbdefault\u00a0\u00bb global_colors_info=\u00a0\u00bb{}\u00a0\u00bb][et_pb_text _builder_version=\u00a0\u00bb4.16&Prime; _module_preset=\u00a0\u00bbdefault\u00a0\u00bb global_colors_info=\u00a0\u00bb{}\u00a0\u00bb]<\/p>\n<h1>Th\u00e9o Renaudie<\/h1>\n<h2>Parcours et comp\u00e9tences<\/h2>\n<p>[\/et_pb_text][\/et_pb_column][\/et_pb_row][et_pb_row column_structure=\u00a0\u00bb1_2,1_2&Prime; custom_padding_last_edited=\u00a0\u00bbon|tablet\u00a0\u00bb _builder_version=\u00a0\u00bb4.27.4&Prime; _module_preset=\u00a0\u00bbdefault\u00a0\u00bb custom_margin_tablet=\u00a0\u00bb0em||||false|false\u00a0\u00bb custom_margin_phone=\u00a0\u00bb0em||||false|false\u00a0\u00bb custom_margin_last_edited=\u00a0\u00bbon|tablet\u00a0\u00bb custom_padding_tablet=\u00a0\u00bb0.5em||||false|false\u00a0\u00bb custom_padding_phone=\u00a0\u00bb0.5em||||false|false\u00a0\u00bb global_colors_info=\u00a0\u00bb{}\u00a0\u00bb custom_margin__hover_enabled=\u00a0\u00bboff|desktop\u00a0\u00bb][et_pb_column type=\u00a0\u00bb1_2&Prime; _builder_version=\u00a0\u00bb4.16&Prime; _module_preset=\u00a0\u00bbdefault\u00a0\u00bb global_colors_info=\u00a0\u00bb{}\u00a0\u00bb][et_pb_image src=\u00a0\u00bbhttps:\/\/avocat.renaudie.fr\/wp-content\/uploads\/2025\/02\/IMG_1494.webp\u00a0\u00bb title_text=\u00a0\u00bbIMG_1494&Prime; _builder_version=\u00a0\u00bb4.27.4&Prime; _module_preset=\u00a0\u00bbdefault\u00a0\u00bb border_radii=\u00a0\u00bbon|15px|15px|15px|15px\u00a0\u00bb box_shadow_style=\u00a0\u00bbpreset3&Prime; global_colors_info=\u00a0\u00bb{}\u00a0\u00bb][\/et_pb_image][\/et_pb_column][et_pb_column type=\u00a0\u00bb1_2&Prime; _builder_version=\u00a0\u00bb4.16&Prime; _module_preset=\u00a0\u00bbdefault\u00a0\u00bb global_colors_info=\u00a0\u00bb{}\u00a0\u00bb][et_pb_text _builder_version=\u00a0\u00bb4.27.4&Prime; _module_preset=\u00a0\u00bbdefault\u00a0\u00bb global_colors_info=\u00a0\u00bb{}\u00a0\u00bb]<\/p>\n<p><a href=\"#\">Th\u00e9o Renaudie<\/a> est <strong>avocat<\/strong>\u00a0au barreau de Versailles. Il peut conseiller les particuliers et professionnels dans toute la France, vous <em>repr\u00e9senter<\/em> devant les juridictions du <em>Val-d&rsquo;Oise<\/em>, des <em>Hauts-de-Seine<\/em>, des <em>Yvelines<\/em> et de l&rsquo;<em>Eure-et-Loir\u00a0<\/em>et <em>plaider<\/em> pour vous dans <em>toute la France<\/em>, notamment devant le tribunal judiciaire, le tribunal administratif, le tribunal correctionnel, le tribunal de police, le conseil de prud&rsquo;hommes, la cour d&rsquo;appel ou la cour d&rsquo;assises.<\/p>\n<h3>2012 : formation universitaire : culture juridique g\u00e9n\u00e9raliste et droit du num\u00e9rique<\/h3>\n<p>Originaire de Limoges, <a href=\"#\">Th\u00e9o Renaudie<\/a> a suivi un <strong>cursus juridique g\u00e9n\u00e9raliste<\/strong> jusqu&rsquo;en quatri\u00e8me ann\u00e9e d&rsquo;\u00e9tudes, en 2016, quand il a obtenu son <em><a href=\"https:\/\/www.fdse.unilim.fr\/les-formations\/les-masters\/droit-prive\/master-1-droit-prive-et-droit-europeen-des-droits-de-lhomme\/\" target=\"_blank\" rel=\"noopener\">Master\u00a01 Carri\u00e8res judiciaires et sciences criminelles<\/a><\/em> \u00e0 l&rsquo;<a href=\"https:\/\/www.fdse.unilim.fr\/\" target=\"_blank\" rel=\"noopener\">Universit\u00e9 de Limoges<\/a>. Il s&rsquo;y est distingu\u00e9 en <strong>droit des nouvelles technologies<\/strong>, en <strong>droit p\u00e9nal<\/strong> et en droit des associations et y a obtenu un prix de plaidoirie.<span style=\"font-size: 14px;\">\u00a0<\/span><\/p>\n<p>[\/et_pb_text][\/et_pb_column][\/et_pb_row][et_pb_row _builder_version=\u00a0\u00bb4.16&Prime; _module_preset=\u00a0\u00bbdefault\u00a0\u00bb global_colors_info=\u00a0\u00bb{}\u00a0\u00bb][et_pb_column type=\u00a0\u00bb4_4&Prime; _builder_version=\u00a0\u00bb4.16&Prime; _module_preset=\u00a0\u00bbdefault\u00a0\u00bb global_colors_info=\u00a0\u00bb{}\u00a0\u00bb][et_pb_text _builder_version=\u00a0\u00bb4.27.4&Prime; _module_preset=\u00a0\u00bbdefault\u00a0\u00bb global_colors_info=\u00a0\u00bb{}\u00a0\u00bb]<\/p>\n<p>Ses r\u00e9sultats et son app\u00e9tence pour les <strong>nouvelles technologies<\/strong> lui ont permis de rejoindre la formation d&rsquo;excellence en <strong>droit du num\u00e9rique<\/strong> : le <em><a href=\"https:\/\/www.universite-paris-saclay.fr\/formation\/master\/droit-international-et-droit-europeen\/m2-droit-des-activites-spatiales-et-des-telecommunications\" target=\"_blank\" rel=\"noopener\">Master\u00a02 Droit des activit\u00e9s spatiales et des t\u00e9l\u00e9communications<\/a><\/em> de l&rsquo;<a href=\"https:\/\/www.universite-paris-saclay.fr\/\" target=\"_blank\" rel=\"noopener\">Universit\u00e9 Paris-Saclay<\/a>. Cette formation s&rsquo;est d\u00e9roul\u00e9e en alternance chez Hub One, l&rsquo;op\u00e9rateur de t\u00e9l\u00e9communications des A\u00e9roports de Paris.<\/p>\n<h3>2016 : exp\u00e9rience professionnelle : droit des nouvelles technologies et\u00a0droit des affaires<\/h3>\n<p>Ainsi, en 2016 et 2017 alors que le R\u00e8glement g\u00e9n\u00e9ral pour la protection des donn\u00e9es venait d&rsquo;\u00eatre promulgu\u00e9 et devait entrer en vigueur seulement quelques mois plus tard, <a href=\"#\">Th\u00e9o Renaudie<\/a> \u0153uvrait \u00e0 son d\u00e9ploiement au sein de cette <strong>entreprise de services du num\u00e9rique<\/strong>, \u00e9galement fournisseur d&rsquo;acc\u00e8s internet et op\u00e9rateur d&rsquo;importance vitale.<\/p>\n<p>Cette formation professionnelle a permis \u00e0 <a href=\"#\">Th\u00e9o Renaudie<\/a> de d\u00e9velopper une comp\u00e9tence particuli\u00e8re en <strong>droit des donn\u00e9es personnelles<\/strong>, en <strong>droit des t\u00e9l\u00e9communications<\/strong> et en <strong>droit des contrats<\/strong>.<\/p>\n<h3>2018 : auteur de vulgarisation juridique : r\u00e9seaux sociaux, \u00e9dition juridique, e-commerce<\/h3>\n<p>En 2018, <a href=\"#\">Th\u00e9o Renaudie<\/a> a cofond\u00e9 Curiosit\u00e9s Juridiques avec Rapha\u00ebl Costa : une entreprise m\u00ealant vulgarisation juridique, \u00e9dition juridique, vente en ligne et cr\u00e9ation de sites internets, f\u00e9d\u00e9rant plusieurs centaines de milliers d&rsquo;abonn\u00e9s sur les r\u00e9seaux sociaux. Cette aventure a permis \u00e0 <a href=\"#\">Th\u00e9o Renaudie<\/a> de se confronter aux probl\u00e9matiques juridiques des <strong>influenceurs<\/strong>, des <em><strong>community managers<\/strong><\/em>, des <strong>auteurs<\/strong>, des <strong>artistes<\/strong>, des <strong>\u00e9diteurs de livres<\/strong>, des <strong>cr\u00e9ateurs de sites web<\/strong>, des <strong>commer\u00e7ants en ligne<\/strong> et plus largement des <strong>dirigeants de petites et moyennes entreprises<\/strong>.<\/p>\n<p>En 2019, <a href=\"#\">Th\u00e9o Renaudie<\/a> r\u00e9ussit l&rsquo;examen du barreau et entre \u00e0 l&rsquo;<a href=\"http:\/\/www.efb.fr\/EC_presentation.html\" target=\"_blank\" rel=\"noopener\">\u00e9cole de formation du barreau de Paris<\/a> o\u00f9 il suit les parcours propri\u00e9t\u00e9 intellectuelle et droit p\u00e9nal, et se forme au contentieux devant le tribunal administratif et le tribunal judiciaire.<\/p>\n<p>[\/et_pb_text][\/et_pb_column][\/et_pb_row][et_pb_row column_structure=\u00a0\u00bb1_2,1_2&Prime; _builder_version=\u00a0\u00bb4.27.4&Prime; _module_preset=\u00a0\u00bbdefault\u00a0\u00bb global_colors_info=\u00a0\u00bb{}\u00a0\u00bb][et_pb_column type=\u00a0\u00bb1_2&Prime; _builder_version=\u00a0\u00bb4.16&Prime; _module_preset=\u00a0\u00bbdefault\u00a0\u00bb global_colors_info=\u00a0\u00bb{}\u00a0\u00bb][et_pb_text _builder_version=\u00a0\u00bb4.16&Prime; _module_preset=\u00a0\u00bbdefault\u00a0\u00bb global_colors_info=\u00a0\u00bb{}\u00a0\u00bb]<\/p>\n<h3>2020 : droit des donn\u00e9es personnelles, droit du e-commerce et des <em>marketplaces<\/em>, <em>open data<\/em><\/h3>\n<p>Durant cette formation, il effectue un stage de six mois au sein de la <a href=\"https:\/\/www.courdecassation.fr\/\" target=\"_blank\" rel=\"noopener\">Cour de cassation<\/a>, la plus haute institution judiciaire de France,\u00a0 o\u00f9 il \u0153uvre \u00e0 la <strong>mise en conformit\u00e9<\/strong> de l&rsquo;<em>open data<\/em> des d\u00e9cisions de justice au regard de la protection des donn\u00e9es personnelles des justiciables. La forte interaction entre des magistrats de haut niveau et des <strong>informaticiens<\/strong>, <strong>d\u00e9veloppeurs<\/strong>, <em><strong>data scientists<\/strong><\/em> et <strong>designers<\/strong> lui permet de mettre \u00e0 profit son expertise en confrontant la technique juridique aux contraintes op\u00e9rationnelles comme il avait d\u00e9j\u00e0 pu le faire chez Hub One.<\/p>\n<p>&nbsp;<\/p>\n<p>[\/et_pb_text][\/et_pb_column][et_pb_column type=\u00a0\u00bb1_2&Prime; _builder_version=\u00a0\u00bb4.16&Prime; _module_preset=\u00a0\u00bbdefault\u00a0\u00bb global_colors_info=\u00a0\u00bb{}\u00a0\u00bb][et_pb_image src=\u00a0\u00bbhttps:\/\/avocat.renaudie.fr\/wp-content\/uploads\/2025\/02\/IMG_1493.webp\u00a0\u00bb title_text=\u00a0\u00bbIMG_1493&Prime; _builder_version=\u00a0\u00bb4.27.4&Prime; _module_preset=\u00a0\u00bbdefault\u00a0\u00bb border_radii=\u00a0\u00bbon|15px|15px|15px|15px\u00a0\u00bb box_shadow_style=\u00a0\u00bbpreset3&Prime; global_colors_info=\u00a0\u00bb{}\u00a0\u00bb][\/et_pb_image][\/et_pb_column][\/et_pb_row][et_pb_row _builder_version=\u00a0\u00bb4.27.4&Prime; _module_preset=\u00a0\u00bbdefault\u00a0\u00bb global_colors_info=\u00a0\u00bb{}\u00a0\u00bb][et_pb_column type=\u00a0\u00bb4_4&Prime; _builder_version=\u00a0\u00bb4.16&Prime; _module_preset=\u00a0\u00bbdefault\u00a0\u00bb global_colors_info=\u00a0\u00bb{}\u00a0\u00bb][et_pb_text _builder_version=\u00a0\u00bb4.27.4&Prime; _module_preset=\u00a0\u00bbdefault\u00a0\u00bb global_colors_info=\u00a0\u00bb{}\u00a0\u00bb]<\/p>\n<p>En 2021, il effectue enfin son stage final au sein d&rsquo;un cabinet parisien de r\u00e9f\u00e9rence en droit du num\u00e9rique o\u00f9 il d\u00e9couvrira le droit des <strong>places de march\u00e9 en ligne<\/strong> ou droit des <em><strong>marketplaces<\/strong><\/em>. Il contribuera \u00e0 plusieurs \u00e9tudes de faisabilit\u00e9 juridique, r\u00e9digera des <strong>conditions g\u00e9n\u00e9rales d&rsquo;utilisation<\/strong>, des <strong>conditions g\u00e9n\u00e9rales de vente<\/strong>, des <strong>politiques de confidentialit\u00e9<\/strong>, des <strong>r\u00e8glements de jeux-concours<\/strong>, et r\u00e9pondra \u00e0 des questions allant du droit de la consommation au droit des assurances en passant par le droit des obligations.<\/p>\n<h3>2022 : avocat collaborateur en droit du travail, droit commercial et droit des successions<\/h3>\n<p><a href=\"#\">Th\u00e9o Renaudie<\/a> pr\u00eate serment et devient <strong>avocat au barreau de Versailles<\/strong> en 2022. Sa formation pratique au m\u00e9tier d&rsquo;avocat se d\u00e9roule alors aux c\u00f4t\u00e9s de deux avocates exp\u00e9riment\u00e9es : <strong>B\u00e9n\u00e9dicte Fl\u00e9chelles-Delafosse<\/strong>, avocate sp\u00e9cialiste en <strong>droit de la famille, des personnes et de leur patrimoine<\/strong>, et <strong>Clarisse Taillandier-Lasnier<\/strong>, avocate en <strong>droit du travail<\/strong> et <strong>droit de la s\u00e9curit\u00e9 sociale<\/strong>.<\/p>\n<p>Cette exp\u00e9rience au sein du cabinet <a href:=\"\" https:=\"\" astraia-avocats=\"\" fr=\"\">Astra\u00efa-Avocats<\/a> permet \u00e0 <a href=\"#\">Th\u00e9o Renaudie<\/a> de d\u00e9velopper une nouvelle comp\u00e9tence en <strong>droit du travail<\/strong>, en <strong>droit des successions<\/strong> notamment la <strong>liquidation des indivisions<\/strong> mais \u00e9galement en <strong>contentieux commercial<\/strong> notamment pour les <strong>impay\u00e9s<\/strong> sur les prestations de travaux.<\/p>\n<h3>2026 : votre avocat en droit priv\u00e9<\/h3>\n<p>Cette grande polyvalence permet aujourd&rsquo;hui \u00e0 <a href=\"#\">Th\u00e9o Renaudie<\/a> de comprendre et accompagner <strong>professionnels<\/strong>, <strong>associations<\/strong>, <strong>entreprises<\/strong> et <strong>particuliers<\/strong> dans leurs probl\u00e9matiques en lien avec le monde du num\u00e9rique mais \u00e9galement \u00e0 ce qui les entoure : de leurs probl\u00e9matiques contractuelles \u00e0 leurs probl\u00e9matiques personnelles.<\/p>\n<p>Soucieux de l&rsquo;int\u00e9r\u00eat g\u00e9n\u00e9ral, <a href=\"#\">Th\u00e9o Renaudie<\/a> consacre \u00e9galement une partie de son temps \u00e0 la commission d&rsquo;office et la permanence p\u00e9nale.<\/p>\n<p>[\/et_pb_text][\/et_pb_column][\/et_pb_row][\/et_pb_section][et_pb_section fb_built=\u00a0\u00bb1&Prime; _builder_version=\u00a0\u00bb4.27.4&Prime; _module_preset=\u00a0\u00bbdefault\u00a0\u00bb custom_margin=\u00a0\u00bb1em||1em||false|false\u00a0\u00bb custom_padding=\u00a0\u00bb1em||1em||false|false\u00a0\u00bb saved_tabs=\u00a0\u00bball\u00a0\u00bb global_colors_info=\u00a0\u00bb{}\u00a0\u00bb][et_pb_row _builder_version=\u00a0\u00bb4.16&Prime; _module_preset=\u00a0\u00bbdefault\u00a0\u00bb global_colors_info=\u00a0\u00bb{}\u00a0\u00bb][et_pb_column type=\u00a0\u00bb4_4&Prime; _builder_version=\u00a0\u00bb4.16&Prime; _module_preset=\u00a0\u00bbdefault\u00a0\u00bb global_colors_info=\u00a0\u00bb{}\u00a0\u00bb][et_pb_cta title=\u00a0\u00bbBesoin d&rsquo;aide, d&rsquo;un renseignement ou d&rsquo;un devis ?\u00a0\u00bb button_url=\u00a0\u00bb@ET-DC@eyJkeW5hbWljIjp0cnVlLCJjb250ZW50IjoicG9zdF9saW5rX3VybF9wYWdlIiwic2V0dGluZ3MiOnsicG9zdF9pZCI6Ijc0MTcifX0=@\u00a0\u00bb button_text=\u00a0\u00bbPrendre rendez-vous\u00a0\u00bb _builder_version=\u00a0\u00bb4.27.4&Prime; _dynamic_attributes=\u00a0\u00bbbutton_url\u00a0\u00bb _module_preset=\u00a0\u00bbdefault\u00a0\u00bb border_radii=\u00a0\u00bbon|15px|15px|15px|15px\u00a0\u00bb box_shadow_style=\u00a0\u00bbpreset3&Prime; global_colors_info=\u00a0\u00bb{}\u00a0\u00bb][\/et_pb_cta][\/et_pb_column][\/et_pb_row][\/et_pb_section][et_pb_section fb_built=\u00a0\u00bb1&Prime; _builder_version=\u00a0\u00bb4.27.4&Prime; _module_preset=\u00a0\u00bbdefault\u00a0\u00bb background_image=\u00a0\u00bbhttps:\/\/avocat.renaudie.fr\/wp-content\/uploads\/2025\/05\/Fond-ecran-logo.png\u00a0\u00bb background_size=\u00a0\u00bbinitial\u00a0\u00bb background_position=\u00a0\u00bbbottom_center\u00a0\u00bb background_repeat=\u00a0\u00bbrepeat-x\u00a0\u00bb width=\u00a0\u00bb100%\u00a0\u00bb max_width=\u00a0\u00bb100%\u00a0\u00bb custom_margin=\u00a0\u00bb0em|0em|0em|0em|false|false\u00a0\u00bb custom_padding=\u00a0\u00bb6em|0em|0em|0em|false|false\u00a0\u00bb top_divider_style=\u00a0\u00bbramp\u00a0\u00bb top_divider_color=\u00a0\u00bb#FFFFFF\u00a0\u00bb top_divider_flip=\u00a0\u00bbhorizontal\u00a0\u00bb top_divider_arrangement=\u00a0\u00bbabove_content\u00a0\u00bb global_module=\u00a0\u00bb7804&Prime; global_colors_info=\u00a0\u00bb{}\u00a0\u00bb][et_pb_row disabled_on=\u00a0\u00bbon|on|on\u00a0\u00bb _builder_version=\u00a0\u00bb4.27.4&Prime; _module_preset=\u00a0\u00bbdefault\u00a0\u00bb custom_margin=\u00a0\u00bb0em||0em||false|false\u00a0\u00bb custom_padding=\u00a0\u00bb0em||0em||false|false\u00a0\u00bb disabled=\u00a0\u00bbon\u00a0\u00bb global_colors_info=\u00a0\u00bb{}\u00a0\u00bb][et_pb_column type=\u00a0\u00bb4_4&Prime; _builder_version=\u00a0\u00bb4.27.4&Prime; _module_preset=\u00a0\u00bbdefault\u00a0\u00bb global_colors_info=\u00a0\u00bb{}\u00a0\u00bb][\/et_pb_column][\/et_pb_row][\/et_pb_section]<\/p>\n","protected":false},"excerpt":{"rendered":"<p>Th\u00e9o Renaudie Parcours et comp\u00e9tencesTh\u00e9o Renaudie est avocat\u00a0au barreau de Versailles. Il peut conseiller les particuliers et professionnels dans toute la France, vous repr\u00e9senter devant les juridictions du Val-d&rsquo;Oise, des Hauts-de-Seine, des Yvelines et de l&rsquo;Eure-et-Loir\u00a0et plaider pour vous dans toute la France, notamment devant le tribunal judiciaire, le tribunal administratif, le tribunal correctionnel, le [&hellip;]<\/p>\n","protected":false},"author":2,"featured_media":0,"parent":0,"menu_order":0,"comment_status":"closed","ping_status":"closed","template":"","meta":{"_et_pb_use_builder":"on","_et_pb_old_content":"","_et_gb_content_width":"","footnotes":""},"class_list":["post-413","page","type-page","status-publish","hentry"],"_links":{"self":[{"href":"https:\/\/avocat.renaudie.fr\/en\/wp-json\/wp\/v2\/pages\/413","targetHints":{"allow":["GET"]}}],"collection":[{"href":"https:\/\/avocat.renaudie.fr\/en\/wp-json\/wp\/v2\/pages"}],"about":[{"href":"https:\/\/avocat.renaudie.fr\/en\/wp-json\/wp\/v2\/types\/page"}],"author":[{"embeddable":true,"href":"https:\/\/avocat.renaudie.fr\/en\/wp-json\/wp\/v2\/users\/2"}],"replies":[{"embeddable":true,"href":"https:\/\/avocat.renaudie.fr\/en\/wp-json\/wp\/v2\/comments?post=413"}],"version-history":[{"count":18,"href":"https:\/\/avocat.renaudie.fr\/en\/wp-json\/wp\/v2\/pages\/413\/revisions"}],"predecessor-version":[{"id":8279,"href":"https:\/\/avocat.renaudie.fr\/en\/wp-json\/wp\/v2\/pages\/413\/revisions\/8279"}],"wp:attachment":[{"href":"https:\/\/avocat.renaudie.fr\/en\/wp-json\/wp\/v2\/media?parent=413"}],"curies":[{"name":"wp","href":"https:\/\/api.w.org\/{rel}","templated":true}]}}