{"id":583,"date":"2021-12-02T15:52:52","date_gmt":"2021-12-02T14:52:52","guid":{"rendered":"https:\/\/avocat.renaudie.fr\/?page_id=583"},"modified":"2025-06-20T21:42:32","modified_gmt":"2025-06-20T21:42:32","slug":"honoraires","status":"publish","type":"page","link":"https:\/\/avocat.renaudie.fr\/en\/honoraires\/","title":{"rendered":"Fees"},"content":{"rendered":"<p>[et_pb_section fb_built=\u00a0\u00bb1&Prime; _builder_version=\u00a0\u00bb4.27.4&Prime; custom_margin=\u00a0\u00bb||0em||false|false\u00a0\u00bb custom_margin_tablet=\u00a0\u00bb0em||0em||false|false\u00a0\u00bb custom_margin_phone=\u00a0\u00bb0em||0em||false|false\u00a0\u00bb custom_margin_last_edited=\u00a0\u00bbon|tablet\u00a0\u00bb custom_padding=\u00a0\u00bb0em||0em||false|false\u00a0\u00bb global_colors_info=\u00a0\u00bb{}\u00a0\u00bb][et_pb_row custom_padding_last_edited=\u00a0\u00bbon|tablet\u00a0\u00bb _builder_version=\u00a0\u00bb4.27.4&Prime; _module_preset=\u00a0\u00bbdefault\u00a0\u00bb custom_margin_tablet=\u00a0\u00bb0em||||false|false\u00a0\u00bb custom_margin_phone=\u00a0\u00bb0em||||false|false\u00a0\u00bb custom_margin_last_edited=\u00a0\u00bbon|tablet\u00a0\u00bb custom_padding_tablet=\u00a0\u00bb0em||||false|false\u00a0\u00bb custom_padding_phone=\u00a0\u00bb0em||||false|false\u00a0\u00bb saved_tabs=\u00a0\u00bball\u00a0\u00bb global_colors_info=\u00a0\u00bb{}\u00a0\u00bb][et_pb_column type=\u00a0\u00bb4_4&Prime; _builder_version=\u00a0\u00bb4.27.4&Prime; _module_preset=\u00a0\u00bbdefault\u00a0\u00bb animation_direction=\u00a0\u00bbbottom\u00a0\u00bb global_colors_info=\u00a0\u00bb{}\u00a0\u00bb][et_pb_text _builder_version=\u00a0\u00bb4.27.4&Prime; _module_preset=\u00a0\u00bbdefault\u00a0\u00bb custom_margin_tablet=\u00a0\u00bb0em||||false|false\u00a0\u00bb custom_margin_phone=\u00a0\u00bb0em||||false|false\u00a0\u00bb custom_margin_last_edited=\u00a0\u00bbon|tablet\u00a0\u00bb custom_padding=\u00a0\u00bb0em||||false|false\u00a0\u00bb global_colors_info=\u00a0\u00bb{}\u00a0\u00bb]<\/p>\n<h1>Honoraires<\/h1>\n<h2>Des tarifs convenus \u00e0 l&rsquo;avance et adapt\u00e9s \u00e0 vos besoins<\/h2>\n<p>[\/et_pb_text][\/et_pb_column][\/et_pb_row][et_pb_row column_structure=\u00a0\u00bb1_2,1_2&Prime; _builder_version=\u00a0\u00bb4.27.4&Prime; _module_preset=\u00a0\u00bbdefault\u00a0\u00bb module_alignment=\u00a0\u00bbcenter\u00a0\u00bb custom_margin=\u00a0\u00bb0em|0px||0px|false|false\u00a0\u00bb custom_padding=\u00a0\u00bb0em|0px||0px|false|false\u00a0\u00bb global_colors_info=\u00a0\u00bb{}\u00a0\u00bb][et_pb_column type=\u00a0\u00bb1_2&Prime; _builder_version=\u00a0\u00bb4.27.4&Prime; _module_preset=\u00a0\u00bbdefault\u00a0\u00bb animation_direction=\u00a0\u00bbbottom\u00a0\u00bb global_colors_info=\u00a0\u00bb{}\u00a0\u00bb transform_styles__hover_enabled=\u00a0\u00bboff|hover\u00a0\u00bb transform_scale__hover_enabled=\u00a0\u00bboff|hover\u00a0\u00bb transform_translate__hover_enabled=\u00a0\u00bboff|hover\u00a0\u00bb transform_rotate__hover_enabled=\u00a0\u00bboff|hover\u00a0\u00bb transform_skew__hover_enabled=\u00a0\u00bboff|hover\u00a0\u00bb transform_origin__hover_enabled=\u00a0\u00bboff|hover\u00a0\u00bb transform_rotate__hover=\u00a0\u00bb0deg|359deg|0deg\u00a0\u00bb background__hover_enabled=\u00a0\u00bboff|desktop\u00a0\u00bb][et_pb_icon font_icon=\u00a0\u00bb&#x68;||divi||400&Prime; _builder_version=\u00a0\u00bb4.27.4&Prime; _module_preset=\u00a0\u00bbdefault\u00a0\u00bb global_colors_info=\u00a0\u00bb{}\u00a0\u00bb][\/et_pb_icon][et_pb_text _builder_version=\u00a0\u00bb4.27.4&Prime; _module_preset=\u00a0\u00bbdefault\u00a0\u00bb width=\u00a0\u00bb100%\u00a0\u00bb max_width=\u00a0\u00bb100%\u00a0\u00bb custom_margin=\u00a0\u00bb|0px||0px|false|false\u00a0\u00bb custom_padding=\u00a0\u00bb|0px||0px|false|false\u00a0\u00bb inline_fonts=\u00a0\u00bbVerdana\u00a0\u00bb global_colors_info=\u00a0\u00bb{}\u00a0\u00bb]<\/p>\n<h3 style=\"text-align: justify;\">Convention d&rsquo;honoraires<\/h3>\n<p style=\"text-align: justify;\">\u00c0 l&rsquo;issue du premier rendez-vous, une <strong>convention d&rsquo;honoraires<\/strong> sera pass\u00e9e entre Ma\u00eetre Th\u00e9o Renaudie et vous afin d&rsquo;assurer la <strong>clart\u00e9<\/strong>, la <strong>transparence<\/strong> et la <strong>pr\u00e9visibilit\u00e9 des honoraires<\/strong>.<\/p>\n<p style=\"text-align: justify;\">Les quatre modalit\u00e9s possibles de calcul des honoraires sont d\u00e9taill\u00e9es ci-dessous : <strong>honoraire forfaitaire<\/strong>, au <strong>r\u00e9sultat<\/strong>, au <strong>temps pass\u00e9<\/strong> ou par <strong>abonnement<\/strong>.<\/p>\n<p style=\"text-align: justify;\">Vos contrats d&rsquo;assurances sont susceptibles de comprendre une <strong>protection juridique<\/strong> : le choix de votre avocat est libre.<\/p>\n<p style=\"text-align: justify;\">Afin de participer \u00e0 l&rsquo;acc\u00e8s au droit, Ma\u00eetre Renaudie accepte <strong>l&rsquo;aide juridictionnelle.\u00a0<\/strong><\/p>\n<p>[\/et_pb_text][\/et_pb_column][et_pb_column type=\u00a0\u00bb1_2&Prime; _builder_version=\u00a0\u00bb4.27.4&Prime; _module_preset=\u00a0\u00bbdefault\u00a0\u00bb animation_direction=\u00a0\u00bbbottom\u00a0\u00bb global_colors_info=\u00a0\u00bb{}\u00a0\u00bb transform_styles__hover_enabled=\u00a0\u00bboff|hover\u00a0\u00bb transform_scale__hover_enabled=\u00a0\u00bboff|hover\u00a0\u00bb transform_translate__hover_enabled=\u00a0\u00bboff|hover\u00a0\u00bb transform_rotate__hover_enabled=\u00a0\u00bboff|hover\u00a0\u00bb transform_skew__hover_enabled=\u00a0\u00bboff|hover\u00a0\u00bb transform_origin__hover_enabled=\u00a0\u00bboff|hover\u00a0\u00bb transform_rotate__hover=\u00a0\u00bb0deg|359deg|0deg\u00a0\u00bb background__hover_enabled=\u00a0\u00bboff|desktop\u00a0\u00bb][et_pb_cta title=\u00a0\u00bbPour r\u00e9gler une facture ou verser un acompte :\u00a0\u00bb button_url=\u00a0\u00bb@ET-DC@eyJkeW5hbWljIjp0cnVlLCJjb250ZW50IjoicG9zdF9saW5rX3VybF9wcm9kdWN0Iiwic2V0dGluZ3MiOnsicG9zdF9pZCI6Ijc3MzgifX0=@\u00a0\u00bb url_new_window=\u00a0\u00bbon\u00a0\u00bb button_text=\u00a0\u00bbPaiement s\u00e9curis\u00e9\u00a0\u00bb _builder_version=\u00a0\u00bb4.27.4&Prime; _dynamic_attributes=\u00a0\u00bbbutton_url\u00a0\u00bb _module_preset=\u00a0\u00bbdefault\u00a0\u00bb background_color=\u00a0\u00bb#1D3879&Prime; custom_button=\u00a0\u00bbon\u00a0\u00bb button_icon=\u00a0\u00bb&#xf09d;||fa||900&Prime; width=\u00a0\u00bb100%\u00a0\u00bb max_width=\u00a0\u00bb100%\u00a0\u00bb custom_margin=\u00a0\u00bb||||false|false\u00a0\u00bb custom_margin_tablet=\u00a0\u00bb||||false|false\u00a0\u00bb custom_margin_phone=\u00a0\u00bb|0px||0px|false|false\u00a0\u00bb custom_margin_last_edited=\u00a0\u00bbon|phone\u00a0\u00bb custom_padding_tablet=\u00a0\u00bb\u00a0\u00bb custom_padding_phone=\u00a0\u00bb\u00a0\u00bb custom_padding_last_edited=\u00a0\u00bbon|phone\u00a0\u00bb link_option_url_new_window=\u00a0\u00bbon\u00a0\u00bb border_radii=\u00a0\u00bbon|15px|15px|15px|15px\u00a0\u00bb box_shadow_style=\u00a0\u00bbpreset3&Prime; global_colors_info=\u00a0\u00bb{}\u00a0\u00bb][\/et_pb_cta][et_pb_cta title=\u00a0\u00bbBesoin d&rsquo;aide, d&rsquo;un renseignement ou d&rsquo;un devis ?\u00a0\u00bb button_url=\u00a0\u00bb@ET-DC@eyJkeW5hbWljIjp0cnVlLCJjb250ZW50IjoicG9zdF9saW5rX3VybF9wYWdlIiwic2V0dGluZ3MiOnsicG9zdF9pZCI6Ijc0MTcifX0=@\u00a0\u00bb button_text=\u00a0\u00bbPrendre rendez-vous\u00a0\u00bb _builder_version=\u00a0\u00bb4.27.4&Prime; _dynamic_attributes=\u00a0\u00bbbutton_url\u00a0\u00bb _module_preset=\u00a0\u00bbdefault\u00a0\u00bb custom_button=\u00a0\u00bbon\u00a0\u00bb button_icon=\u00a0\u00bb&#xe023;||divi||400&Prime; link_option_url_new_window=\u00a0\u00bbon\u00a0\u00bb border_radii=\u00a0\u00bbon|15px|15px|15px|15px\u00a0\u00bb box_shadow_style=\u00a0\u00bbpreset3&Prime; global_colors_info=\u00a0\u00bb{}\u00a0\u00bb][\/et_pb_cta][\/et_pb_column][\/et_pb_row][et_pb_row column_structure=\u00a0\u00bb1_4,1_4,1_4,1_4&Prime; _builder_version=\u00a0\u00bb4.27.4&Prime; _module_preset=\u00a0\u00bbdefault\u00a0\u00bb hover_enabled=\u00a0\u00bb0&Prime; global_colors_info=\u00a0\u00bb{}\u00a0\u00bb sticky_enabled=\u00a0\u00bb0&Prime;][et_pb_column type=\u00a0\u00bb1_4&Prime; _builder_version=\u00a0\u00bb4.27.4&Prime; _module_preset=\u00a0\u00bbdefault\u00a0\u00bb global_colors_info=\u00a0\u00bb{}\u00a0\u00bb][et_pb_icon font_icon=\u00a0\u00bb&#xe02f;||divi||400&Prime; _builder_version=\u00a0\u00bb4.27.4&Prime; _module_preset=\u00a0\u00bbdefault\u00a0\u00bb global_colors_info=\u00a0\u00bb{}\u00a0\u00bb][\/et_pb_icon][et_pb_text _builder_version=\u00a0\u00bb4.16&Prime; _module_preset=\u00a0\u00bbdefault\u00a0\u00bb global_colors_info=\u00a0\u00bb{}\u00a0\u00bb]<\/p>\n<h3 style=\"text-align: justify;\">Honoraire forfaitaire<\/h3>\n<p style=\"text-align: justify;\">Pour certaines prestations, un <strong>co\u00fbt fixe et global<\/strong> vous sera propos\u00e9.\u00a0Cet honoraire forfaitaire <strong>clair et transparent<\/strong> sera d\u00e9fini au d\u00e9part avec Ma\u00eetre Renaudie et ne pourra \u00eatre modifi\u00e9 sans votre accord.<\/p>\n<p style=\"text-align: justify;\">[\/et_pb_text][\/et_pb_column][et_pb_column type=\u00a0\u00bb1_4&Prime; _builder_version=\u00a0\u00bb4.16&Prime; _module_preset=\u00a0\u00bbdefault\u00a0\u00bb global_colors_info=\u00a0\u00bb{}\u00a0\u00bb][et_pb_icon font_icon=\u00a0\u00bb&#xe60e;||divi||400&Prime; _builder_version=\u00a0\u00bb4.16&Prime; _module_preset=\u00a0\u00bbdefault\u00a0\u00bb global_colors_info=\u00a0\u00bb{}\u00a0\u00bb][\/et_pb_icon][et_pb_text _builder_version=\u00a0\u00bb4.16&Prime; _module_preset=\u00a0\u00bbdefault\u00a0\u00bb global_colors_info=\u00a0\u00bb{}\u00a0\u00bb]<\/p>\n<h3 style=\"text-align: justify;\">Honoraire au r\u00e9sultat<\/h3>\n<p style=\"text-align: justify;\">En compl\u00e9ment d&rsquo;un honoraire forfaitaire ou au temps pass\u00e9, il sera possible de convenir avec Ma\u00eetre Renaudie d&rsquo;un honoraire au r\u00e9sultat correspondant \u00e0 un <strong>pourcentage de l&rsquo;\u00e9conomie ou du gain r\u00e9alis\u00e9<\/strong>.<\/p>\n<p style=\"text-align: justify;\">[\/et_pb_text][\/et_pb_column][et_pb_column type=\u00a0\u00bb1_4&Prime; _builder_version=\u00a0\u00bb4.16&Prime; _module_preset=\u00a0\u00bbdefault\u00a0\u00bb global_colors_info=\u00a0\u00bb{}\u00a0\u00bb][et_pb_icon font_icon=\u00a0\u00bb&#xe60d;||divi||400&Prime; font_icon_tablet=\u00a0\u00bb\ue60d||divi||400&Prime; font_icon_phone=\u00a0\u00bb\ue60d||divi||400&Prime; font_icon_last_edited=\u00a0\u00bbon|desktop\u00a0\u00bb _builder_version=\u00a0\u00bb4.16&Prime; _module_preset=\u00a0\u00bbdefault\u00a0\u00bb global_colors_info=\u00a0\u00bb{}\u00a0\u00bb][\/et_pb_icon][et_pb_text _builder_version=\u00a0\u00bb4.16&Prime; _module_preset=\u00a0\u00bbdefault\u00a0\u00bb global_colors_info=\u00a0\u00bb{}\u00a0\u00bb]<\/p>\n<h3>Honoraire au temps pass\u00e9<\/h3>\n<p style=\"text-align: justify;\">Pour certaines missions complexes, avec votre accord, l&rsquo;honoraire pourra \u00eatre calcul\u00e9 au <strong>temps pass\u00e9<\/strong> selon un tarif horaire pr\u00e9d\u00e9fini.\u00a0\u00c0 titre indicatif, le <strong>taux horaire<\/strong> de Me Renaudie est de 200 \u20ac HT.<\/p>\n<p>[\/et_pb_text][\/et_pb_column][et_pb_column type=\u00a0\u00bb1_4&Prime; _builder_version=\u00a0\u00bb4.16&Prime; _module_preset=\u00a0\u00bbdefault\u00a0\u00bb global_colors_info=\u00a0\u00bb{}\u00a0\u00bb][et_pb_icon font_icon=\u00a0\u00bb&#x52;||divi||400&Prime; font_icon_tablet=\u00a0\u00bbR||divi||400&Prime; font_icon_phone=\u00a0\u00bbR||divi||400&Prime; font_icon_last_edited=\u00a0\u00bbon|desktop\u00a0\u00bb _builder_version=\u00a0\u00bb4.16&Prime; _module_preset=\u00a0\u00bbdefault\u00a0\u00bb global_colors_info=\u00a0\u00bb{}\u00a0\u00bb][\/et_pb_icon][et_pb_text _builder_version=\u00a0\u00bb4.16&Prime; _module_preset=\u00a0\u00bbdefault\u00a0\u00bb global_colors_info=\u00a0\u00bb{}\u00a0\u00bb]<\/p>\n<h3 style=\"text-align: justify;\">Abonnement<\/h3>\n<p style=\"text-align: justify;\">En cas de <strong>besoin r\u00e9current<\/strong> et selon vos pr\u00e9f\u00e9rences de <strong>facturation<\/strong>, il sera possible de convenir avec Ma\u00eetre Renaudie d&rsquo;un <strong>abonnement sur mesure<\/strong> afin d&rsquo;apporter des r\u00e9ponses \u00e0 vos <strong>questions courantes<\/strong> tout en vous garantissant une <strong>visibilit\u00e9<\/strong> sur vos d\u00e9penses.<\/p>\n<p>[\/et_pb_text][\/et_pb_column][\/et_pb_row][et_pb_row _builder_version=\u00a0\u00bb4.27.4&Prime; _module_preset=\u00a0\u00bbdefault\u00a0\u00bb global_colors_info=\u00a0\u00bb{}\u00a0\u00bb][et_pb_column type=\u00a0\u00bb4_4&Prime; _builder_version=\u00a0\u00bb4.27.4&Prime; _module_preset=\u00a0\u00bbdefault\u00a0\u00bb animation_direction=\u00a0\u00bbbottom\u00a0\u00bb global_colors_info=\u00a0\u00bb{}\u00a0\u00bb transform_styles__hover_enabled=\u00a0\u00bboff|hover\u00a0\u00bb transform_scale__hover_enabled=\u00a0\u00bboff|hover\u00a0\u00bb transform_translate__hover_enabled=\u00a0\u00bboff|hover\u00a0\u00bb transform_rotate__hover_enabled=\u00a0\u00bboff|hover\u00a0\u00bb transform_skew__hover_enabled=\u00a0\u00bboff|hover\u00a0\u00bb transform_origin__hover_enabled=\u00a0\u00bboff|hover\u00a0\u00bb transform_rotate__hover=\u00a0\u00bb0deg|359deg|0deg\u00a0\u00bb background__hover_enabled=\u00a0\u00bboff|desktop\u00a0\u00bb][et_pb_text _builder_version=\u00a0\u00bb4.27.4&Prime; _module_preset=\u00a0\u00bbdefault\u00a0\u00bb width=\u00a0\u00bb100%\u00a0\u00bb max_width=\u00a0\u00bb100%\u00a0\u00bb custom_margin=\u00a0\u00bb|0px||0px|false|false\u00a0\u00bb custom_padding=\u00a0\u00bb|0px||0px|false|false\u00a0\u00bb inline_fonts=\u00a0\u00bbVerdana\u00a0\u00bb global_colors_info=\u00a0\u00bb{}\u00a0\u00bb]<\/p>\n<h3 style=\"text-align: justify;\">Contestation des honoraires<\/h3>\n<p style=\"font-weight: 400; text-align: justify;\">En cas de contestation relative \u00e0 la validit\u00e9, \u00e0 l&rsquo;interpr\u00e9tation ou \u00e0 l&rsquo;ex\u00e9cution de la convention d&rsquo;honoraires, le B\u00e2tonnier de l&rsquo;Ordre des Avocats de Versailles pourra \u00eatre saisi \u00e0 votre requ\u00eate ou \u00e0 la requ\u00eate de Ma\u00eetre Renaudie.<\/p>\n<p style=\"font-weight: 400; text-align: justify;\">La convention d&rsquo;honoraires vous rappellera la possibilit\u00e9 d&rsquo;avoir recours \u00e0 un m\u00e9diateur de la consommation en cas de litige r\u00e9sultant de la dite convention, conform\u00e9ment \u00e0 l\u2019article L 612-1 du Code de la consommation.<\/p>\n<p style=\"font-weight: 400; text-align: justify;\">Le m\u00e9diateur de la consommation de la profession d\u2019avocat est d\u00e9sign\u00e9 aux coordonn\u00e9es suivantes :<\/p>\n<p style=\"font-weight: 400; text-align: justify;\"><strong><em>M\u00e9diateur de la consommation de la profession d\u2019avocat<br \/><\/em><\/strong><strong>Madame Carole Pascarel<br \/><\/strong>180 boulevard Haussmann, 75008 Paris<br \/><a href=\"mailto:mediateur-conso@mediateur-consommation-avocat.fr\">mediateur-conso@mediateur-consommation-avocat.fr<\/a><br \/><a href=\"https:\/\/mediateur-consommation-avocat.fr\/\" target=\"_blank\" rel=\"noopener\">https:\/\/mediateur-consommation-avocat.fr<\/a><\/p>\n<p style=\"font-weight: 400; text-align: justify;\">La saisine du m\u00e9diateur ne peut intervenir qu\u2019apr\u00e8s avoir tent\u00e9 au pr\u00e9alable de r\u00e9soudre le litige directement aupr\u00e8s de Ma\u00eetre Renaudie par une r\u00e9clamation \u00e9crite.<\/p>\n<p>[\/et_pb_text][\/et_pb_column][\/et_pb_row][\/et_pb_section][et_pb_section fb_built=\u00a0\u00bb1&Prime; _builder_version=\u00a0\u00bb4.27.4&Prime; _module_preset=\u00a0\u00bbdefault\u00a0\u00bb width=\u00a0\u00bb100%\u00a0\u00bb width_last_edited=\u00a0\u00bboff|desktop\u00a0\u00bb max_width=\u00a0\u00bb100%\u00a0\u00bb max_width_tablet=\u00a0\u00bb800px\u00a0\u00bb max_width_phone=\u00a0\u00bb380px\u00a0\u00bb max_width_last_edited=\u00a0\u00bboff|desktop\u00a0\u00bb module_alignment=\u00a0\u00bbcenter\u00a0\u00bb custom_margin=\u00a0\u00bb0px||0px||false|false\u00a0\u00bb custom_padding=\u00a0\u00bb0px||0px||false|false\u00a0\u00bb custom_css_main_element=\u00a0\u00bbdisplay:block;\u00a0\u00bb saved_tabs=\u00a0\u00bball\u00a0\u00bb global_colors_info=\u00a0\u00bb{}\u00a0\u00bb][et_pb_row _builder_version=\u00a0\u00bb4.16&Prime; _module_preset=\u00a0\u00bbdefault\u00a0\u00bb global_colors_info=\u00a0\u00bb{}\u00a0\u00bb][et_pb_column type=\u00a0\u00bb4_4&Prime; _builder_version=\u00a0\u00bb4.16&Prime; _module_preset=\u00a0\u00bbdefault\u00a0\u00bb global_colors_info=\u00a0\u00bb{}\u00a0\u00bb][et_pb_cta title=\u00a0\u00bbBesoin d&rsquo;aide, d&rsquo;un renseignement ou d&rsquo;un devis ?\u00a0\u00bb button_url=\u00a0\u00bb@ET-DC@eyJkeW5hbWljIjp0cnVlLCJjb250ZW50IjoicG9zdF9saW5rX3VybF9wYWdlIiwic2V0dGluZ3MiOnsicG9zdF9pZCI6Ijc0MTcifX0=@\u00a0\u00bb button_text=\u00a0\u00bbPrendre rendez-vous\u00a0\u00bb _builder_version=\u00a0\u00bb4.27.4&Prime; _dynamic_attributes=\u00a0\u00bbbutton_url\u00a0\u00bb _module_preset=\u00a0\u00bbdefault\u00a0\u00bb link_option_url_new_window=\u00a0\u00bbon\u00a0\u00bb border_radii=\u00a0\u00bbon|15px|15px|15px|15px\u00a0\u00bb box_shadow_style=\u00a0\u00bbpreset3&Prime; global_colors_info=\u00a0\u00bb{}\u00a0\u00bb][\/et_pb_cta][\/et_pb_column][\/et_pb_row][\/et_pb_section][et_pb_section fb_built=\u00a0\u00bb1&Prime; _builder_version=\u00a0\u00bb4.27.4&Prime; _module_preset=\u00a0\u00bbdefault\u00a0\u00bb background_image=\u00a0\u00bbhttps:\/\/construction.renaudie.fr\/wp-content\/uploads\/2025\/02\/Vertical-SMALL-RobertKaufman-CristianeMarques.jpeg\u00a0\u00bb background_size=\u00a0\u00bbinitial\u00a0\u00bb background_repeat=\u00a0\u00bbrepeat-x\u00a0\u00bb width=\u00a0\u00bb100%\u00a0\u00bb max_width=\u00a0\u00bb100%\u00a0\u00bb custom_margin=\u00a0\u00bb0em|0em|0em|0em|false|false\u00a0\u00bb custom_padding=\u00a0\u00bb6em|0em|0em|0em|false|false\u00a0\u00bb top_divider_style=\u00a0\u00bbramp\u00a0\u00bb top_divider_color=\u00a0\u00bb#FFFFFF\u00a0\u00bb top_divider_flip=\u00a0\u00bbhorizontal\u00a0\u00bb top_divider_arrangement=\u00a0\u00bbabove_content\u00a0\u00bb global_module=\u00a0\u00bb7804&Prime; global_colors_info=\u00a0\u00bb{}\u00a0\u00bb][et_pb_row disabled_on=\u00a0\u00bbon|on|on\u00a0\u00bb _builder_version=\u00a0\u00bb4.27.4&Prime; _module_preset=\u00a0\u00bbdefault\u00a0\u00bb custom_margin=\u00a0\u00bb0em||0em||false|false\u00a0\u00bb custom_padding=\u00a0\u00bb0em||0em||false|false\u00a0\u00bb disabled=\u00a0\u00bbon\u00a0\u00bb global_colors_info=\u00a0\u00bb{}\u00a0\u00bb][et_pb_column type=\u00a0\u00bb4_4&Prime; _builder_version=\u00a0\u00bb4.27.4&Prime; _module_preset=\u00a0\u00bbdefault\u00a0\u00bb global_colors_info=\u00a0\u00bb{}\u00a0\u00bb][\/et_pb_column][\/et_pb_row][\/et_pb_section]<\/p>\n","protected":false},"excerpt":{"rendered":"<p>Honoraires Des tarifs convenus \u00e0 l&rsquo;avance et adapt\u00e9s \u00e0 vos besoinsConvention d&rsquo;honoraires \u00c0 l&rsquo;issue du premier rendez-vous, une convention d&rsquo;honoraires sera pass\u00e9e entre Ma\u00eetre Th\u00e9o Renaudie et vous afin d&rsquo;assurer la clart\u00e9, la transparence et la pr\u00e9visibilit\u00e9 des honoraires. Les quatre modalit\u00e9s possibles de calcul des honoraires sont d\u00e9taill\u00e9es ci-dessous : honoraire forfaitaire, au r\u00e9sultat, [&hellip;]<\/p>\n","protected":false},"author":2,"featured_media":0,"parent":0,"menu_order":0,"comment_status":"closed","ping_status":"closed","template":"","meta":{"_et_pb_use_builder":"on","_et_pb_old_content":"","_et_gb_content_width":"","footnotes":""},"class_list":["post-583","page","type-page","status-publish","hentry"],"_links":{"self":[{"href":"https:\/\/avocat.renaudie.fr\/en\/wp-json\/wp\/v2\/pages\/583","targetHints":{"allow":["GET"]}}],"collection":[{"href":"https:\/\/avocat.renaudie.fr\/en\/wp-json\/wp\/v2\/pages"}],"about":[{"href":"https:\/\/avocat.renaudie.fr\/en\/wp-json\/wp\/v2\/types\/page"}],"author":[{"embeddable":true,"href":"https:\/\/avocat.renaudie.fr\/en\/wp-json\/wp\/v2\/users\/2"}],"replies":[{"embeddable":true,"href":"https:\/\/avocat.renaudie.fr\/en\/wp-json\/wp\/v2\/comments?post=583"}],"version-history":[{"count":24,"href":"https:\/\/avocat.renaudie.fr\/en\/wp-json\/wp\/v2\/pages\/583\/revisions"}],"predecessor-version":[{"id":8207,"href":"https:\/\/avocat.renaudie.fr\/en\/wp-json\/wp\/v2\/pages\/583\/revisions\/8207"}],"wp:attachment":[{"href":"https:\/\/avocat.renaudie.fr\/en\/wp-json\/wp\/v2\/media?parent=583"}],"curies":[{"name":"wp","href":"https:\/\/api.w.org\/{rel}","templated":true}]}}