{"id":594,"date":"2021-12-02T16:33:41","date_gmt":"2021-12-02T15:33:41","guid":{"rendered":"https:\/\/avocat.renaudie.fr\/?page_id=594"},"modified":"2025-11-08T14:56:16","modified_gmt":"2025-11-08T14:56:16","slug":"pourquoi-faire-appel-a-un-avocat","status":"publish","type":"page","link":"https:\/\/avocat.renaudie.fr\/en\/pourquoi-faire-appel-a-un-avocat\/","title":{"rendered":"Why hire a lawyer ?"},"content":{"rendered":"<p>[et_pb_section fb_built=\u00a0\u00bb1&Prime; custom_padding_last_edited=\u00a0\u00bbon|tablet\u00a0\u00bb _builder_version=\u00a0\u00bb4.27.4&Prime; custom_margin=\u00a0\u00bb||0em||false|false\u00a0\u00bb custom_margin_tablet=\u00a0\u00bb0px||||false|false\u00a0\u00bb custom_margin_phone=\u00a0\u00bb0em||||false|false\u00a0\u00bb custom_margin_last_edited=\u00a0\u00bboff|desktop\u00a0\u00bb custom_padding=\u00a0\u00bb||0em||false|false\u00a0\u00bb custom_padding_tablet=\u00a0\u00bb0.5em||||false|false\u00a0\u00bb custom_padding_phone=\u00a0\u00bb0.5em||||false|false\u00a0\u00bb hover_enabled=\u00a0\u00bb0&Prime; global_colors_info=\u00a0\u00bb{}\u00a0\u00bb sticky_enabled=\u00a0\u00bb0&Prime;][et_pb_row custom_padding_last_edited=\u00a0\u00bbon|tablet\u00a0\u00bb _builder_version=\u00a0\u00bb4.27.4&Prime; _module_preset=\u00a0\u00bbdefault\u00a0\u00bb custom_margin_tablet=\u00a0\u00bb0em||||false|false\u00a0\u00bb custom_margin_phone=\u00a0\u00bb0em||||false|false\u00a0\u00bb custom_margin_last_edited=\u00a0\u00bbon|tablet\u00a0\u00bb custom_padding_tablet=\u00a0\u00bb0em||||false|false\u00a0\u00bb custom_padding_phone=\u00a0\u00bb0em||||false|false\u00a0\u00bb global_colors_info=\u00a0\u00bb{}\u00a0\u00bb][et_pb_column type=\u00a0\u00bb4_4&Prime; _builder_version=\u00a0\u00bb4.27.4&Prime; _module_preset=\u00a0\u00bbdefault\u00a0\u00bb global_colors_info=\u00a0\u00bb{}\u00a0\u00bb][et_pb_text _builder_version=\u00a0\u00bb4.27.4&Prime; _module_preset=\u00a0\u00bbdefault\u00a0\u00bb text_orientation=\u00a0\u00bbjustified\u00a0\u00bb custom_margin_tablet=\u00a0\u00bb0em||||false|false\u00a0\u00bb custom_margin_phone=\u00a0\u00bb0em||||false|false\u00a0\u00bb custom_margin_last_edited=\u00a0\u00bbon|tablet\u00a0\u00bb custom_padding_tablet=\u00a0\u00bb0em||||false|false\u00a0\u00bb custom_padding_phone=\u00a0\u00bb0em||||false|false\u00a0\u00bb custom_padding_last_edited=\u00a0\u00bbon|tablet\u00a0\u00bb global_colors_info=\u00a0\u00bb{}\u00a0\u00bb]<\/p>\n<h1>Pourquoi faire appel \u00e0 un avocat ?<\/h1>\n<h2>Comp\u00e9tence, d\u00e9ontologie, responsabilit\u00e9 et ind\u00e9pendance<\/h2>\n<p>[\/et_pb_text][\/et_pb_column][\/et_pb_row][et_pb_row column_structure=\u00a0\u00bb1_4,3_4&Prime; _builder_version=\u00a0\u00bb4.27.4&Prime; _module_preset=\u00a0\u00bbdefault\u00a0\u00bb global_colors_info=\u00a0\u00bb{}\u00a0\u00bb][et_pb_column type=\u00a0\u00bb1_4&Prime; _builder_version=\u00a0\u00bb4.16&Prime; _module_preset=\u00a0\u00bbdefault\u00a0\u00bb global_colors_info=\u00a0\u00bb{}\u00a0\u00bb background__hover_enabled=\u00a0\u00bboff|hover\u00a0\u00bb][et_pb_icon font_icon=\u00a0\u00bb&#xe007;||divi||400&Prime; _builder_version=\u00a0\u00bb4.16&Prime; _module_preset=\u00a0\u00bbdefault\u00a0\u00bb global_colors_info=\u00a0\u00bb{}\u00a0\u00bb][\/et_pb_icon][\/et_pb_column][et_pb_column type=\u00a0\u00bb3_4&Prime; _builder_version=\u00a0\u00bb4.16&Prime; _module_preset=\u00a0\u00bbdefault\u00a0\u00bb global_colors_info=\u00a0\u00bb{}\u00a0\u00bb background__hover_enabled=\u00a0\u00bboff|hover\u00a0\u00bb][et_pb_text _builder_version=\u00a0\u00bb4.16&Prime; _module_preset=\u00a0\u00bbdefault\u00a0\u00bb text_orientation=\u00a0\u00bbjustified\u00a0\u00bb inline_fonts=\u00a0\u00bbVerdana\u00a0\u00bb global_colors_info=\u00a0\u00bb{}\u00a0\u00bb]<\/p>\n<h3 style=\"text-align: center;\">Le r\u00e9flexe avocat<\/h3>\n<p><strong>L&rsquo;avocat<\/strong> est \u00e0 la <strong>libert\u00e9<\/strong> ce que le m\u00e9decin est \u00e0 la sant\u00e9.<\/p>\n<p>Pas plus cher qu&rsquo;un m\u00e9decin sp\u00e9cialiste, lorsque vous avez un doute, besoin d&rsquo;un avis ou d&rsquo;un acte \u00e0 r\u00e9diger, votre avocat est l\u00e0 pour vous conseiller en amont et vous \u00e9pargner des difficult\u00e9s en aval !<\/p>\n<p>Votre avocat \u00e9tudie votre dossier et vous apporte un <strong>conseil personnalis\u00e9<\/strong> \u00e0 un <a href=\"\/honoraires\">tarif clair et transparent convenu avec vous \u00e0 l&rsquo;avance<\/a>. Pas de frais cach\u00e9s.<\/p>\n<p>[\/et_pb_text][\/et_pb_column][\/et_pb_row][et_pb_row _builder_version=\u00a0\u00bb4.27.4&Prime; _module_preset=\u00a0\u00bbdefault\u00a0\u00bb global_colors_info=\u00a0\u00bb{}\u00a0\u00bb][et_pb_column type=\u00a0\u00bb4_4&Prime; _builder_version=\u00a0\u00bb4.16&Prime; _module_preset=\u00a0\u00bbdefault\u00a0\u00bb global_colors_info=\u00a0\u00bb{}\u00a0\u00bb background__hover_enabled=\u00a0\u00bboff|hover\u00a0\u00bb][et_pb_text _builder_version=\u00a0\u00bb4.27.4&Prime; _module_preset=\u00a0\u00bbdefault\u00a0\u00bb text_orientation=\u00a0\u00bbjustified\u00a0\u00bb inline_fonts=\u00a0\u00bbVerdana\u00a0\u00bb global_colors_info=\u00a0\u00bb{}\u00a0\u00bb]<\/p>\n<h2 style=\"text-align: center;\">Les r\u00f4les de l&rsquo;avocat<\/h2>\n<p>L&rsquo;avocat n&rsquo;a pas seulement un r\u00f4le de repr\u00e9sentation en justice, il vous <strong>conseille<\/strong>, vous <strong>assiste<\/strong>, <strong>n\u00e9gocie<\/strong> et <strong>r\u00e9dige<\/strong> pour vous.<\/p>\n<p>[\/et_pb_text][\/et_pb_column][\/et_pb_row][et_pb_row column_structure=\u00a0\u00bb1_4,1_4,1_4,1_4&Prime; _builder_version=\u00a0\u00bb4.27.4&Prime; _module_preset=\u00a0\u00bbdefault\u00a0\u00bb global_colors_info=\u00a0\u00bb{}\u00a0\u00bb][et_pb_column type=\u00a0\u00bb1_4&Prime; _builder_version=\u00a0\u00bb4.16&Prime; _module_preset=\u00a0\u00bbdefault\u00a0\u00bb global_colors_info=\u00a0\u00bb{}\u00a0\u00bb background__hover_enabled=\u00a0\u00bboff|desktop\u00a0\u00bb][et_pb_icon font_icon=\u00a0\u00bb&#xe101;||divi||400&Prime; _builder_version=\u00a0\u00bb4.16&Prime; _module_preset=\u00a0\u00bbdefault\u00a0\u00bb global_colors_info=\u00a0\u00bb{}\u00a0\u00bb][\/et_pb_icon][et_pb_text _builder_version=\u00a0\u00bb4.27.4&Prime; _module_preset=\u00a0\u00bbdefault\u00a0\u00bb text_orientation=\u00a0\u00bbjustified\u00a0\u00bb global_colors_info=\u00a0\u00bb{}\u00a0\u00bb]<\/p>\n<h4 style=\"text-align: left;\">Analyse et conseil<\/h4>\n<p>En amont de toute difficult\u00e9, faire appel \u00e0 votre avocat pour avoir son <strong>avis sur un point donn\u00e9<\/strong> vous permet d&rsquo;\u00e9viter des erreurs potentiellement couteuses.<br \/>En vous exposant les <strong>avantages<\/strong> et les <strong>inconv\u00e9nients<\/strong> des <strong>choix juridiques<\/strong>, l&rsquo;avocat est un atout dans vos d\u00e9cisions strat\u00e9giques.<\/p>\n<p>[\/et_pb_text][\/et_pb_column][et_pb_column type=\u00a0\u00bb1_4&Prime; _builder_version=\u00a0\u00bb4.16&Prime; _module_preset=\u00a0\u00bbdefault\u00a0\u00bb global_colors_info=\u00a0\u00bb{}\u00a0\u00bb background__hover_enabled=\u00a0\u00bboff|desktop\u00a0\u00bb][et_pb_icon font_icon=\u00a0\u00bb&#x6c;||divi||400&Prime; _builder_version=\u00a0\u00bb4.16&Prime; _module_preset=\u00a0\u00bbdefault\u00a0\u00bb global_colors_info=\u00a0\u00bb{}\u00a0\u00bb][\/et_pb_icon][et_pb_text _builder_version=\u00a0\u00bb4.16&Prime; _module_preset=\u00a0\u00bbdefault\u00a0\u00bb text_orientation=\u00a0\u00bbjustified\u00a0\u00bb global_colors_info=\u00a0\u00bb{}\u00a0\u00bb]<\/p>\n<h4 style=\"text-align: left;\">R\u00e9daction d&rsquo;actes<\/h4>\n<p>Une <strong>lettre<\/strong> ou un <strong>contrat<\/strong> bien formul\u00e9 permet souvent d&rsquo;anticiper les difficult\u00e9s d&rsquo;interpr\u00e9tation et d&rsquo;\u00e9viter des litiges inutiles.<br \/>Ne vous contentez pas d&rsquo;un mod\u00e8le : demandez l&rsquo;aide de votre avocat pour r\u00e9diger vos <strong>courriers et documents juridiques<\/strong>.<\/p>\n<p>[\/et_pb_text][et_pb_code _builder_version=\u00a0\u00bb4.16&Prime; _module_preset=\u00a0\u00bbdefault\u00a0\u00bb global_colors_info=\u00a0\u00bb{}\u00a0\u00bb][\/et_pb_code][\/et_pb_column][et_pb_column type=\u00a0\u00bb1_4&Prime; _builder_version=\u00a0\u00bb4.16&Prime; _module_preset=\u00a0\u00bbdefault\u00a0\u00bb global_colors_info=\u00a0\u00bb{}\u00a0\u00bb background__hover_enabled=\u00a0\u00bboff|desktop\u00a0\u00bb][et_pb_icon font_icon=\u00a0\u00bb&#x77;||divi||400&Prime; _builder_version=\u00a0\u00bb4.16&Prime; _module_preset=\u00a0\u00bbdefault\u00a0\u00bb global_colors_info=\u00a0\u00bb{}\u00a0\u00bb][\/et_pb_icon][et_pb_text _builder_version=\u00a0\u00bb4.16&Prime; _module_preset=\u00a0\u00bbdefault\u00a0\u00bb text_orientation=\u00a0\u00bbjustified\u00a0\u00bb global_colors_info=\u00a0\u00bb{}\u00a0\u00bb]<\/p>\n<h4 style=\"text-align: left;\">N\u00e9gociation et r\u00e9solution des conflits<\/h4>\n<p>En cas de conflit, l&rsquo;avocat est votre premier alli\u00e9 pour <strong>d\u00e9nouer<\/strong> la situation.\u00a0En assurant la <strong>n\u00e9gociation<\/strong> et la <strong>r\u00e9solution<\/strong> du diff\u00e9rend, votre avocat vous aide \u00e0 <strong>faire passer votre point de vue<\/strong> tout en comprenant votre adversaire.\u00a0Il est toujours temps d&rsquo;\u00e9viter un proc\u00e8s.<\/p>\n<p>[\/et_pb_text][\/et_pb_column][et_pb_column type=\u00a0\u00bb1_4&Prime; _builder_version=\u00a0\u00bb4.16&Prime; _module_preset=\u00a0\u00bbdefault\u00a0\u00bb global_colors_info=\u00a0\u00bb{}\u00a0\u00bb background__hover_enabled=\u00a0\u00bboff|desktop\u00a0\u00bb][et_pb_icon font_icon=\u00a0\u00bb&#xe0ff;||divi||400&Prime; _builder_version=\u00a0\u00bb4.16&Prime; _module_preset=\u00a0\u00bbdefault\u00a0\u00bb global_colors_info=\u00a0\u00bb{}\u00a0\u00bb][\/et_pb_icon][et_pb_text _builder_version=\u00a0\u00bb4.16&Prime; _module_preset=\u00a0\u00bbdefault\u00a0\u00bb text_orientation=\u00a0\u00bbjustified\u00a0\u00bb global_colors_info=\u00a0\u00bb{}\u00a0\u00bb]<\/p>\n<h4 style=\"text-align: left;\">Assistance et repr\u00e9sentation en justice<\/h4>\n<p>En <strong>demande<\/strong> ou en <strong>d\u00e9fense<\/strong>, votre avocat vous assiste tout au long de la <strong>proc\u00e9dure<\/strong> devant le tribunal ou la cour d&rsquo;appel afin d&rsquo;assurer au mieux la d\u00e9fense de <strong>vos int\u00e9r\u00eats<\/strong>.<br \/>Faites appel \u00e0 votre avocat pour entamer une <strong>action en justice<\/strong> ou vous d\u00e9fendre<\/p>\n<p>[\/et_pb_text][\/et_pb_column][\/et_pb_row][et_pb_row _builder_version=\u00a0\u00bb4.27.4&Prime; _module_preset=\u00a0\u00bbdefault\u00a0\u00bb border_radii=\u00a0\u00bbon|15px|15px|15px|15px\u00a0\u00bb global_colors_info=\u00a0\u00bb{}\u00a0\u00bb][et_pb_column type=\u00a0\u00bb4_4&Prime; _builder_version=\u00a0\u00bb4.16&Prime; _module_preset=\u00a0\u00bbdefault\u00a0\u00bb global_colors_info=\u00a0\u00bb{}\u00a0\u00bb][et_pb_cta title=\u00a0\u00bbBesoin d&rsquo;aide, d&rsquo;un renseignement ou d&rsquo;un devis ?\u00a0\u00bb button_url=\u00a0\u00bb@ET-DC@eyJkeW5hbWljIjp0cnVlLCJjb250ZW50IjoicG9zdF9saW5rX3VybF9wYWdlIiwic2V0dGluZ3MiOnsicG9zdF9pZCI6IjE1NiJ9fQ==@\u00a0\u00bb button_text=\u00a0\u00bbContact\u00a0\u00bb _builder_version=\u00a0\u00bb4.27.4&Prime; _dynamic_attributes=\u00a0\u00bbbutton_url\u00a0\u00bb _module_preset=\u00a0\u00bbdefault\u00a0\u00bb border_radii=\u00a0\u00bbon|15px|15px|15px|15px\u00a0\u00bb box_shadow_style=\u00a0\u00bbpreset3&Prime; global_colors_info=\u00a0\u00bb{}\u00a0\u00bb][\/et_pb_cta][\/et_pb_column][\/et_pb_row][et_pb_row _builder_version=\u00a0\u00bb4.27.4&Prime; _module_preset=\u00a0\u00bbdefault\u00a0\u00bb border_radii=\u00a0\u00bbon|15px|15px|15px|15px\u00a0\u00bb global_colors_info=\u00a0\u00bb{}\u00a0\u00bb][et_pb_column type=\u00a0\u00bb4_4&Prime; _builder_version=\u00a0\u00bb4.16&Prime; _module_preset=\u00a0\u00bbdefault\u00a0\u00bb global_colors_info=\u00a0\u00bb{}\u00a0\u00bb][\/et_pb_column][\/et_pb_row][et_pb_row column_structure=\u00a0\u00bb3_4,1_4&Prime; _builder_version=\u00a0\u00bb4.27.4&Prime; _module_preset=\u00a0\u00bbdefault\u00a0\u00bb global_colors_info=\u00a0\u00bb{}\u00a0\u00bb][et_pb_column type=\u00a0\u00bb3_4&Prime; _builder_version=\u00a0\u00bb4.16&Prime; _module_preset=\u00a0\u00bbdefault\u00a0\u00bb global_colors_info=\u00a0\u00bb{}\u00a0\u00bb background__hover_enabled=\u00a0\u00bboff|desktop\u00a0\u00bb][et_pb_text _builder_version=\u00a0\u00bb4.16&Prime; _module_preset=\u00a0\u00bbdefault\u00a0\u00bb text_orientation=\u00a0\u00bbjustified\u00a0\u00bb inline_fonts=\u00a0\u00bbVerdana,Georgia\u00a0\u00bb global_colors_info=\u00a0\u00bb{}\u00a0\u00bb]<\/p>\n<h2>La d\u00e9ontologie de l&rsquo;avocat<\/h2>\n<p>Faire appel \u00e0 un avocat, c&rsquo;est faire le choix d&rsquo;un professionnel li\u00e9 par son serment. La d\u00e9ontologie s&rsquo;impose aux avocats sous peine de sanctions disciplinaires, elle est la garante de la confiance entre l&rsquo;avocat et son client<\/p>\n<p>Faire appel \u00e0 un avocat, c&rsquo;est \u00e9galement se mettre sous la protection de la <strong>confidentialit\u00e9 des \u00e9changes<\/strong> entre l&rsquo;avocat et son client mais aussi du <strong>secret professionnel <em><span style=\"font-family: georgia,serif;\">\u00ab g\u00e9n\u00e9ral, absolu et illimit\u00e9 dans le temps \u00bb<\/span><\/em><\/strong> de l&rsquo;avocat.<\/p>\n<p style=\"text-align: right;\"><em><a href=\"https:\/\/www.cnb.avocat.fr\/fr\/reglement-interieur-national-de-la-profession-davocat-rin\" target=\"_blank\" rel=\"noopener\">R\u00e8glement int\u00e9rieur national de la profession d&rsquo;avocat<\/a><\/em><\/p>\n<blockquote>\n<p><span style=\"font-family: Georgia;\"><em>\u00ab L&rsquo;avocat exerce ses fonctions avec <strong>dignit\u00e9<\/strong>, <strong>conscience<\/strong>, <strong>ind\u00e9pendance<\/strong>, <strong>probit\u00e9<\/strong> et <strong>humanit\u00e9<\/strong>, dans le respect des termes de son serment.<\/em><\/span><\/p>\n<p><em> <\/em><em><\/em><\/p>\n<p><span style=\"font-family: Georgia;\"><em>Il respecte en outre, dans cet exercice, les principes d&rsquo;<strong>honneur<\/strong>, de <strong>loyaut\u00e9<\/strong>, de <strong>d\u00e9sint\u00e9ressement<\/strong>, de <strong>confraternit\u00e9<\/strong>, de <strong>d\u00e9licatesse<\/strong>, de <strong>mod\u00e9ration<\/strong> et de <strong>courtoisie<\/strong>.<\/em><\/span><\/p>\n<p><span style=\"font-family: Georgia;\"><em>Il fait preuve, \u00e0 l&rsquo;\u00e9gard de ses clients, de <strong>comp\u00e9tence<\/strong>, de <strong>d\u00e9vouement<\/strong>, de <strong>diligence<\/strong> et de <strong>prudence<\/strong>. \u00bb<\/em><\/span><\/p>\n<p><em><\/em><\/p>\n<\/blockquote>\n<p>L&rsquo;ind\u00e9pendance de l&rsquo;avocat garantit au client que les conseils ne lui sont prodigu\u00e9s que dans son seul int\u00e9r\u00eat et non dans l&rsquo;int\u00e9r\u00eat d&rsquo;un tiers ou de l&rsquo;avocat lui-m\u00eame. De plus, les avocats sont soumis \u00e0 des r\u00e8gles strictes relatives aux conflits d&rsquo;int\u00e9r\u00eats qui l&rsquo;am\u00e8neront \u00e0 refuser votre dossier si jamais un conflit d&rsquo;int\u00e9r\u00eat ne lui permettait pas de vous d\u00e9fendre au mieux.<\/p>\n<p style=\"text-align: right;\"><em><a href=\"https:\/\/www.legifrance.gouv.fr\/loda\/id\/JORFTEXT000000633327\/\" target=\"_blank\" rel=\"noopener\">D\u00e9cret n\u00b0 2005-790 du 12 juillet 2005 relatif aux r\u00e8gles de d\u00e9ontologie de la profession d&rsquo;avocat<\/a><\/em><\/p>\n<p>[\/et_pb_text][\/et_pb_column][et_pb_column type=\u00a0\u00bb1_4&Prime; _builder_version=\u00a0\u00bb4.16&Prime; _module_preset=\u00a0\u00bbdefault\u00a0\u00bb global_colors_info=\u00a0\u00bb{}\u00a0\u00bb background__hover_enabled=\u00a0\u00bboff|hover\u00a0\u00bb][et_pb_icon font_icon=\u00a0\u00bb&#xe0d9;||divi||400&Prime; _builder_version=\u00a0\u00bb4.16&Prime; _module_preset=\u00a0\u00bbdefault\u00a0\u00bb global_colors_info=\u00a0\u00bb{}\u00a0\u00bb][\/et_pb_icon][et_pb_text _builder_version=\u00a0\u00bb4.16&Prime; _module_preset=\u00a0\u00bbdefault\u00a0\u00bb text_orientation=\u00a0\u00bbjustified\u00a0\u00bb inline_fonts=\u00a0\u00bbVerdana\u00a0\u00bb global_colors_info=\u00a0\u00bb{}\u00a0\u00bb]<\/p>\n<h2>La responsabilit\u00e9 de l&rsquo;avocat<\/h2>\n<p>Lorsque vous faites appel \u00e0 un avocat, celui-ci engage sa <strong>responsabilit\u00e9 civile professionnelle<\/strong> sur votre dossier.<\/p>\n<p>Ainsi, en cas de manquement de sa part, vous serez indemnis\u00e9 des dommages que sa faute vous aurait fait subir.<\/p>\n<p>Consulter un avocat, c&rsquo;est <strong>s\u00e9curiser votre position juridique<\/strong> et vous assurer contre les cons\u00e9quences dommageables d&rsquo;une erreur.<\/p>\n<p>[\/et_pb_text][\/et_pb_column][\/et_pb_row][et_pb_row _builder_version=\u00a0\u00bb4.27.4&Prime; _module_preset=\u00a0\u00bbdefault\u00a0\u00bb global_colors_info=\u00a0\u00bb{}\u00a0\u00bb][et_pb_column type=\u00a0\u00bb4_4&Prime; _builder_version=\u00a0\u00bb4.27.4&Prime; _module_preset=\u00a0\u00bbdefault\u00a0\u00bb global_colors_info=\u00a0\u00bb{}\u00a0\u00bb][et_pb_cta title=\u00a0\u00bbBesoin d&rsquo;aide, d&rsquo;un renseignement ou d&rsquo;un devis ?\u00a0\u00bb button_url=\u00a0\u00bb@ET-DC@eyJkeW5hbWljIjp0cnVlLCJjb250ZW50IjoicG9zdF9saW5rX3VybF9wYWdlIiwic2V0dGluZ3MiOnsicG9zdF9pZCI6IjE1NiJ9fQ==@\u00a0\u00bb button_text=\u00a0\u00bbContact\u00a0\u00bb _builder_version=\u00a0\u00bb4.27.4&Prime; _dynamic_attributes=\u00a0\u00bbbutton_url\u00a0\u00bb _module_preset=\u00a0\u00bbdefault\u00a0\u00bb border_radii=\u00a0\u00bbon|15px|15px|15px|15px\u00a0\u00bb box_shadow_style=\u00a0\u00bbpreset3&Prime; global_colors_info=\u00a0\u00bb{}\u00a0\u00bb][\/et_pb_cta][\/et_pb_column][\/et_pb_row][\/et_pb_section][et_pb_section fb_built=\u00a0\u00bb1&Prime; _builder_version=\u00a0\u00bb4.27.4&Prime; _module_preset=\u00a0\u00bbdefault\u00a0\u00bb background_image=\u00a0\u00bbhttps:\/\/avocat.renaudie.fr\/wp-content\/uploads\/2025\/05\/Fond-ecran-logo.png\u00a0\u00bb background_size=\u00a0\u00bbinitial\u00a0\u00bb background_position=\u00a0\u00bbbottom_center\u00a0\u00bb background_repeat=\u00a0\u00bbrepeat-x\u00a0\u00bb width=\u00a0\u00bb100%\u00a0\u00bb max_width=\u00a0\u00bb100%\u00a0\u00bb custom_margin=\u00a0\u00bb0em|0em|0em|0em|false|false\u00a0\u00bb custom_padding=\u00a0\u00bb6em|0em|0em|0em|false|false\u00a0\u00bb top_divider_style=\u00a0\u00bbramp\u00a0\u00bb top_divider_color=\u00a0\u00bb#FFFFFF\u00a0\u00bb top_divider_flip=\u00a0\u00bbhorizontal\u00a0\u00bb top_divider_arrangement=\u00a0\u00bbabove_content\u00a0\u00bb global_module=\u00a0\u00bb7804&Prime; global_colors_info=\u00a0\u00bb{}\u00a0\u00bb][et_pb_row disabled_on=\u00a0\u00bbon|on|on\u00a0\u00bb _builder_version=\u00a0\u00bb4.27.4&Prime; _module_preset=\u00a0\u00bbdefault\u00a0\u00bb custom_margin=\u00a0\u00bb0em||0em||false|false\u00a0\u00bb custom_padding=\u00a0\u00bb0em||0em||false|false\u00a0\u00bb disabled=\u00a0\u00bbon\u00a0\u00bb global_colors_info=\u00a0\u00bb{}\u00a0\u00bb][et_pb_column type=\u00a0\u00bb4_4&Prime; _builder_version=\u00a0\u00bb4.27.4&Prime; _module_preset=\u00a0\u00bbdefault\u00a0\u00bb global_colors_info=\u00a0\u00bb{}\u00a0\u00bb][\/et_pb_column][\/et_pb_row][\/et_pb_section]<\/p>\n","protected":false},"excerpt":{"rendered":"<p>Pourquoi faire appel \u00e0 un avocat ? Comp\u00e9tence, d\u00e9ontologie, responsabilit\u00e9 et ind\u00e9pendanceLe r\u00e9flexe avocat L&rsquo;avocat est \u00e0 la libert\u00e9 ce que le m\u00e9decin est \u00e0 la sant\u00e9. Pas plus cher qu&rsquo;un m\u00e9decin sp\u00e9cialiste, lorsque vous avez un doute, besoin d&rsquo;un avis ou d&rsquo;un acte \u00e0 r\u00e9diger, votre avocat est l\u00e0 pour vous conseiller en amont [&hellip;]<\/p>\n","protected":false},"author":2,"featured_media":0,"parent":0,"menu_order":0,"comment_status":"closed","ping_status":"closed","template":"","meta":{"_et_pb_use_builder":"on","_et_pb_old_content":"","_et_gb_content_width":"","footnotes":""},"class_list":["post-594","page","type-page","status-publish","hentry"],"_links":{"self":[{"href":"https:\/\/avocat.renaudie.fr\/en\/wp-json\/wp\/v2\/pages\/594","targetHints":{"allow":["GET"]}}],"collection":[{"href":"https:\/\/avocat.renaudie.fr\/en\/wp-json\/wp\/v2\/pages"}],"about":[{"href":"https:\/\/avocat.renaudie.fr\/en\/wp-json\/wp\/v2\/types\/page"}],"author":[{"embeddable":true,"href":"https:\/\/avocat.renaudie.fr\/en\/wp-json\/wp\/v2\/users\/2"}],"replies":[{"embeddable":true,"href":"https:\/\/avocat.renaudie.fr\/en\/wp-json\/wp\/v2\/comments?post=594"}],"version-history":[{"count":21,"href":"https:\/\/avocat.renaudie.fr\/en\/wp-json\/wp\/v2\/pages\/594\/revisions"}],"predecessor-version":[{"id":8278,"href":"https:\/\/avocat.renaudie.fr\/en\/wp-json\/wp\/v2\/pages\/594\/revisions\/8278"}],"wp:attachment":[{"href":"https:\/\/avocat.renaudie.fr\/en\/wp-json\/wp\/v2\/media?parent=594"}],"curies":[{"name":"wp","href":"https:\/\/api.w.org\/{rel}","templated":true}]}}