{"id":6347,"date":"2021-12-29T13:27:15","date_gmt":"2021-12-29T12:27:15","guid":{"rendered":"https:\/\/avocat.renaudie.fr\/?page_id=6347"},"modified":"2025-02-01T23:16:36","modified_gmt":"2025-02-01T23:16:36","slug":"blog-articles-publications","status":"publish","type":"page","link":"https:\/\/avocat.renaudie.fr\/en\/blog-articles-publications\/","title":{"rendered":"Publications"},"content":{"rendered":"<p>[et_pb_section fb_built=\u00a0\u00bb1&Prime; _builder_version=\u00a0\u00bb4.27.4&Prime; hover_enabled=\u00a0\u00bb0&Prime; global_colors_info=\u00a0\u00bb{}\u00a0\u00bb custom_margin_last_edited=\u00a0\u00bbon|tablet\u00a0\u00bb custom_padding_last_edited=\u00a0\u00bbon|tablet\u00a0\u00bb custom_margin_tablet=\u00a0\u00bb0.5em||||false|false\u00a0\u00bb custom_padding_tablet=\u00a0\u00bb0.5em||||false|false\u00a0\u00bb sticky_enabled=\u00a0\u00bb0&Prime; custom_margin_phone=\u00a0\u00bb0.5em||||false|false\u00a0\u00bb custom_padding_phone=\u00a0\u00bb0.5em||||false|false\u00a0\u00bb][et_pb_row _builder_version=\u00a0\u00bb4.22.1&Prime; _module_preset=\u00a0\u00bbdefault\u00a0\u00bb saved_tabs=\u00a0\u00bball\u00a0\u00bb collapsed=\u00a0\u00bboff\u00a0\u00bb global_colors_info=\u00a0\u00bb{}\u00a0\u00bb][et_pb_column type=\u00a0\u00bb4_4&Prime; _builder_version=\u00a0\u00bb4.16&Prime; _module_preset=\u00a0\u00bbdefault\u00a0\u00bb global_colors_info=\u00a0\u00bb{}\u00a0\u00bb][et_pb_text _builder_version=\u00a0\u00bb4.22.1&Prime; _module_preset=\u00a0\u00bbdefault\u00a0\u00bb global_colors_info=\u00a0\u00bb{}\u00a0\u00bb]<\/p>\n<h1>Publications<\/h1>\n<h2>Blog, articles et actualit\u00e9s de Ma\u00eetre Th\u00e9o Renaudie<\/h2>\n<p>[\/et_pb_text][\/et_pb_column][\/et_pb_row][et_pb_row _builder_version=\u00a0\u00bb4.22.1&Prime; global_colors_info=\u00a0\u00bb{}\u00a0\u00bb][et_pb_column type=\u00a0\u00bb4_4&Prime; _builder_version=\u00a0\u00bb4.16&Prime; custom_padding=\u00a0\u00bb|||\u00a0\u00bb global_colors_info=\u00a0\u00bb{}\u00a0\u00bb custom_padding__hover=\u00a0\u00bb|||\u00a0\u00bb][et_pb_blog fullwidth=\u00a0\u00bboff\u00a0\u00bb posts_number=\u00a0\u00bb100&Prime; meta_date=\u00a0\u00bbj F Y\u00a0\u00bb show_more=\u00a0\u00bbon\u00a0\u00bb show_categories=\u00a0\u00bboff\u00a0\u00bb show_pagination=\u00a0\u00bboff\u00a0\u00bb use_overlay=\u00a0\u00bbon\u00a0\u00bb overlay_icon_color=\u00a0\u00bb#E1214E\u00a0\u00bb hover_overlay_color=\u00a0\u00bbrgba(20,34,84,0.5)\u00a0\u00bb hover_icon=\u00a0\u00bb&#xf530;||fa||900&Prime; masonry_tile_background_color=\u00a0\u00bb#ffffff\u00a0\u00bb masonry_tile_background_color_last_edited=\u00a0\u00bboff|desktop\u00a0\u00bb _builder_version=\u00a0\u00bb4.27.4&Prime; header_text_color=\u00a0\u00bb#12397D\u00a0\u00bb body_text_color=\u00a0\u00bb#0F2257&Prime; meta_font=\u00a0\u00bb||||||||\u00a0\u00bb read_more_font=\u00a0\u00bb||||on||||\u00a0\u00bb read_more_text_color=\u00a0\u00bb#E1214E\u00a0\u00bb background_enable_color=\u00a0\u00bboff\u00a0\u00bb text_orientation=\u00a0\u00bbleft\u00a0\u00bb custom_margin=\u00a0\u00bb0px||||false|false\u00a0\u00bb custom_padding=\u00a0\u00bb0px||||false|false\u00a0\u00bb link_option_url_new_window=\u00a0\u00bbon\u00a0\u00bb border_radii=\u00a0\u00bboff|1em|1em||\u00a0\u00bb border_width_all=\u00a0\u00bb0px\u00a0\u00bb border_color_all=\u00a0\u00bb#12397D\u00a0\u00bb border_radii_image=\u00a0\u00bboff|15px|15px||\u00a0\u00bb box_shadow_style=\u00a0\u00bbpreset3&Prime; global_colors_info=\u00a0\u00bb{}\u00a0\u00bb masonry_tile_background_color__hover_enabled=\u00a0\u00bboff|hover\u00a0\u00bb masonry_tile_background_color__hover=\u00a0\u00bbRGBA(255,255,255,0)\u00a0\u00bb][\/et_pb_blog][\/et_pb_column][\/et_pb_row][\/et_pb_section][et_pb_section fb_built=\u00a0\u00bb1&Prime; _builder_version=\u00a0\u00bb4.27.4&Prime; _module_preset=\u00a0\u00bbdefault\u00a0\u00bb background_image=\u00a0\u00bbhttps:\/\/construction.renaudie.fr\/wp-content\/uploads\/2025\/02\/Vertical-SMALL-RobertKaufman-CristianeMarques.jpeg\u00a0\u00bb background_size=\u00a0\u00bbinitial\u00a0\u00bb background_repeat=\u00a0\u00bbrepeat-x\u00a0\u00bb width=\u00a0\u00bb100%\u00a0\u00bb max_width=\u00a0\u00bb100%\u00a0\u00bb custom_margin=\u00a0\u00bb0em|0em|0em|0em|false|false\u00a0\u00bb custom_padding=\u00a0\u00bb6em|0em|0em|0em|false|false\u00a0\u00bb top_divider_style=\u00a0\u00bbramp\u00a0\u00bb top_divider_color=\u00a0\u00bb#FFFFFF\u00a0\u00bb top_divider_flip=\u00a0\u00bbhorizontal\u00a0\u00bb top_divider_arrangement=\u00a0\u00bbabove_content\u00a0\u00bb global_module=\u00a0\u00bb7804&Prime; global_colors_info=\u00a0\u00bb{}\u00a0\u00bb][et_pb_row _builder_version=\u00a0\u00bb4.27.4&Prime; _module_preset=\u00a0\u00bbdefault\u00a0\u00bb custom_margin=\u00a0\u00bb0em||0em||false|false\u00a0\u00bb custom_padding=\u00a0\u00bb0em||0em||false|false\u00a0\u00bb global_colors_info=\u00a0\u00bb{}\u00a0\u00bb][et_pb_column type=\u00a0\u00bb4_4&Prime; _builder_version=\u00a0\u00bb4.27.4&Prime; _module_preset=\u00a0\u00bbdefault\u00a0\u00bb global_colors_info=\u00a0\u00bb{}\u00a0\u00bb][et_pb_menu menu_id=\u00a0\u00bb23&Prime; active_link_color=\u00a0\u00bb#CD3A4E\u00a0\u00bb _builder_version=\u00a0\u00bb4.27.4&Prime; _module_preset=\u00a0\u00bbdefault\u00a0\u00bb menu_font=\u00a0\u00bb||||||||\u00a0\u00bb menu_text_color=\u00a0\u00bb#FFFFFF\u00a0\u00bb background_enable_color=\u00a0\u00bboff\u00a0\u00bb background_layout=\u00a0\u00bbdark\u00a0\u00bb custom_margin=\u00a0\u00bb||0em||false|false\u00a0\u00bb custom_padding=\u00a0\u00bb0em||0em||false|false\u00a0\u00bb hover_transition_duration=\u00a0\u00bb25ms\u00a0\u00bb global_colors_info=\u00a0\u00bb{}\u00a0\u00bb][\/et_pb_menu][et_pb_text _builder_version=\u00a0\u00bb4.27.4&Prime; _module_preset=\u00a0\u00bbdefault\u00a0\u00bb text_text_color=\u00a0\u00bb#FFFFFF\u00a0\u00bb text_font_size=\u00a0\u00bb12px\u00a0\u00bb text_orientation=\u00a0\u00bbcenter\u00a0\u00bb background_layout=\u00a0\u00bbdark\u00a0\u00bb custom_margin=\u00a0\u00bb||0em||false|false\u00a0\u00bb custom_padding=\u00a0\u00bb||0em||false|false\u00a0\u00bb hover_transition_duration=\u00a0\u00bb25ms\u00a0\u00bb global_colors_info=\u00a0\u00bb{}\u00a0\u00bb]Textes CC-BY SA Th\u00e9o Renaudie | Design \u00a9 2026 Th\u00e9o Renaudie[\/et_pb_text][\/et_pb_column][\/et_pb_row][\/et_pb_section]<\/p>\n","protected":false},"excerpt":{"rendered":"<p>Publications Blog, articles et actualit\u00e9s de Ma\u00eetre Th\u00e9o RenaudieTextes CC-BY SA Th\u00e9o Renaudie | Design \u00a9 2026 Th\u00e9o Renaudie<\/p>","protected":false},"author":2,"featured_media":0,"parent":0,"menu_order":0,"comment_status":"closed","ping_status":"closed","template":"","meta":{"_et_pb_use_builder":"on","_et_pb_old_content":"","_et_gb_content_width":"","footnotes":""},"class_list":["post-6347","page","type-page","status-publish","hentry"],"_links":{"self":[{"href":"https:\/\/avocat.renaudie.fr\/en\/wp-json\/wp\/v2\/pages\/6347","targetHints":{"allow":["GET"]}}],"collection":[{"href":"https:\/\/avocat.renaudie.fr\/en\/wp-json\/wp\/v2\/pages"}],"about":[{"href":"https:\/\/avocat.renaudie.fr\/en\/wp-json\/wp\/v2\/types\/page"}],"author":[{"embeddable":true,"href":"https:\/\/avocat.renaudie.fr\/en\/wp-json\/wp\/v2\/users\/2"}],"replies":[{"embeddable":true,"href":"https:\/\/avocat.renaudie.fr\/en\/wp-json\/wp\/v2\/comments?post=6347"}],"version-history":[{"count":5,"href":"https:\/\/avocat.renaudie.fr\/en\/wp-json\/wp\/v2\/pages\/6347\/revisions"}],"predecessor-version":[{"id":7976,"href":"https:\/\/avocat.renaudie.fr\/en\/wp-json\/wp\/v2\/pages\/6347\/revisions\/7976"}],"wp:attachment":[{"href":"https:\/\/avocat.renaudie.fr\/en\/wp-json\/wp\/v2\/media?parent=6347"}],"curies":[{"name":"wp","href":"https:\/\/api.w.org\/{rel}","templated":true}]}}