{"id":8170,"date":"2025-05-26T17:07:00","date_gmt":"2025-05-26T17:07:00","guid":{"rendered":"https:\/\/avocat.renaudie.fr\/?page_id=8170"},"modified":"2025-10-26T17:32:50","modified_gmt":"2025-10-26T17:32:50","slug":"propriete-intellectuelle-versailles","status":"publish","type":"page","link":"https:\/\/avocat.renaudie.fr\/en\/propriete-intellectuelle-versailles\/","title":{"rendered":"Intellectual property lawyer in Versailles"},"content":{"rendered":"<p>[et_pb_section fb_built=\u00a0\u00bb1&Prime; custom_padding_last_edited=\u00a0\u00bbon|tablet\u00a0\u00bb _builder_version=\u00a0\u00bb4.27.4&Prime; _module_preset=\u00a0\u00bbdefault\u00a0\u00bb background_color=\u00a0\u00bb#FFFFFF\u00a0\u00bb custom_margin_tablet=\u00a0\u00bb0em||0em||false|false\u00a0\u00bb custom_margin_phone=\u00a0\u00bb\u00a0\u00bb custom_margin_last_edited=\u00a0\u00bbon|phone\u00a0\u00bb custom_padding=\u00a0\u00bb||3px||false|false\u00a0\u00bb custom_padding_tablet=\u00a0\u00bb0em||0em||false|false\u00a0\u00bb custom_padding_phone=\u00a0\u00bb\u00a0\u00bb hover_enabled=\u00a0\u00bb0&Prime; global_colors_info=\u00a0\u00bb{}\u00a0\u00bb custom_margin__hover_enabled=\u00a0\u00bboff|desktop\u00a0\u00bb sticky_enabled=\u00a0\u00bb0&Prime;][et_pb_row custom_padding_last_edited=\u00a0\u00bbon|desktop\u00a0\u00bb _builder_version=\u00a0\u00bb4.27.4&Prime; _module_preset=\u00a0\u00bbdefault\u00a0\u00bb custom_margin=\u00a0\u00bb||0.5em||false|false\u00a0\u00bb custom_margin_tablet=\u00a0\u00bb||0em||false|false\u00a0\u00bb custom_margin_phone=\u00a0\u00bb\u00a0\u00bb custom_margin_last_edited=\u00a0\u00bbon|tablet\u00a0\u00bb custom_padding=\u00a0\u00bb||0.5em||false|false\u00a0\u00bb custom_padding_tablet=\u00a0\u00bb||0em||false|false\u00a0\u00bb custom_padding_phone=\u00a0\u00bb\u00a0\u00bb global_colors_info=\u00a0\u00bb{}\u00a0\u00bb][et_pb_column type=\u00a0\u00bb4_4&Prime; _builder_version=\u00a0\u00bb4.27.4&Prime; _module_preset=\u00a0\u00bbdefault\u00a0\u00bb global_colors_info=\u00a0\u00bb{}\u00a0\u00bb][et_pb_text _builder_version=\u00a0\u00bb4.27.4&Prime; _module_preset=\u00a0\u00bbdefault\u00a0\u00bb text_font_size=\u00a0\u00bb6em\u00a0\u00bb header_font=\u00a0\u00bb|800|||||||\u00a0\u00bb header_font_size=\u00a0\u00bb1em\u00a0\u00bb custom_margin_tablet=\u00a0\u00bb||0em||false|false\u00a0\u00bb custom_margin_phone=\u00a0\u00bb\u00a0\u00bb custom_margin_last_edited=\u00a0\u00bbon|tablet\u00a0\u00bb custom_padding=\u00a0\u00bb||0em||false|false\u00a0\u00bb global_colors_info=\u00a0\u00bb{}\u00a0\u00bb]<\/p>\n<h1>Avocat en propri\u00e9t\u00e9 intellectuelle \u00e0 Versailles<\/h1>\n<p>[\/et_pb_text][et_pb_text _builder_version=\u00a0\u00bb4.27.4&Prime; _module_preset=\u00a0\u00bbdefault\u00a0\u00bb global_colors_info=\u00a0\u00bb{}\u00a0\u00bb]<\/p>\n<h2>Th\u00e9o Renaudie \u2013 Avocat au barreau de Versailles<\/h2>\n<p>[\/et_pb_text][\/et_pb_column][\/et_pb_row][\/et_pb_section][et_pb_section fb_built=\u00a0\u00bb1&Prime; admin_label=\u00a0\u00bbsection\u00a0\u00bb _builder_version=\u00a0\u00bb4.16&Prime; custom_padding=\u00a0\u00bb3px|||||\u00a0\u00bb global_colors_info=\u00a0\u00bb{}\u00a0\u00bb][et_pb_row admin_label=\u00a0\u00bbrow\u00a0\u00bb _builder_version=\u00a0\u00bb4.16&Prime; background_size=\u00a0\u00bbinitial\u00a0\u00bb background_position=\u00a0\u00bbtop_left\u00a0\u00bb background_repeat=\u00a0\u00bbrepeat\u00a0\u00bb global_colors_info=\u00a0\u00bb{}\u00a0\u00bb][et_pb_column type=\u00a0\u00bb4_4&Prime; _builder_version=\u00a0\u00bb4.16&Prime; custom_padding=\u00a0\u00bb|||\u00a0\u00bb global_colors_info=\u00a0\u00bb{}\u00a0\u00bb custom_padding__hover=\u00a0\u00bb|||\u00a0\u00bb][et_pb_text admin_label=\u00a0\u00bbText\u00a0\u00bb _builder_version=\u00a0\u00bb4.27.4&Prime; background_size=\u00a0\u00bbinitial\u00a0\u00bb background_position=\u00a0\u00bbtop_left\u00a0\u00bb background_repeat=\u00a0\u00bbrepeat\u00a0\u00bb global_colors_info=\u00a0\u00bb{}\u00a0\u00bb]<\/p>\n<p><strong>Ma\u00eetre Th\u00e9o Renaudie<\/strong>, avocat au barreau de Versailles, vous accompagne dans toutes vos probl\u00e9matiques li\u00e9es \u00e0 la <strong>propri\u00e9t\u00e9 intellectuelle<\/strong>.<\/p>\n<p>Que vous soyez <strong>entrepreneur, cr\u00e9ateur, artiste, auteur, \u00e9diteur ou soci\u00e9t\u00e9 innovante<\/strong>, son cabinet vous conseille et vous d\u00e9fend dans la protection, la valorisation et la d\u00e9fense de vos droits de propri\u00e9t\u00e9 intellectuelle.<\/p>\n<h2>Un accompagnement complet en droit de la propri\u00e9t\u00e9 intellectuelle<\/h2>\n<p>Le cabinet intervient principalement en :<\/p>\n<ul>\n<li><strong>Protection des \u0153uvres<\/strong> (droit d\u2019auteur, dessins et mod\u00e8les, bases de donn\u00e9es)<\/li>\n<li><strong>D\u00e9p\u00f4t de marques<\/strong> et suivi des proc\u00e9dures aupr\u00e8s de l\u2019INPI ou de l\u2019EUIPO<\/li>\n<li><strong>Contrats de cession, licence ou exploitation<\/strong> des droits de propri\u00e9t\u00e9 intellectuelle<\/li>\n<li><strong>Actions en contrefa\u00e7on<\/strong>, concurrence d\u00e9loyale ou parasitisme<\/li>\n<li><strong>Strat\u00e9gie de protection du patrimoine immat\u00e9riel<\/strong> de l\u2019entreprise<\/li>\n<li><strong>Repr\u00e9sentation devant les juridictions civiles et commerciales<\/strong><\/li>\n<\/ul>\n<h2>Pourquoi faire appel \u00e0 Ma\u00eetre Th\u00e9o Renaudie ?<\/h2>\n<ul>\n<li><strong>Expertise crois\u00e9e<\/strong> en droit de la propri\u00e9t\u00e9 intellectuelle et en droit des nouvelles technologies<\/li>\n<li><strong>Rigueur, \u00e9coute et confidentialit\u00e9<\/strong> dans la gestion des dossiers<\/li>\n<li><strong>Conseils clairs et op\u00e9rationnels<\/strong> adapt\u00e9s aux enjeux \u00e9conomiques et cr\u00e9atifs<\/li>\n<li><strong>Disponibilit\u00e9<\/strong> pour des consultations en cabinet \u00e0 Versailles ou \u00e0 distance<\/li>\n<\/ul>\n<h2>Le cabinet intervient \u00e0 Versailles et au-del\u00e0<\/h2>\n<p>Le cabinet de Ma\u00eetre Th\u00e9o Renaudie est situ\u00e9 au <strong>47 rue du Mar\u00e9chal Foch, 78000 Versailles<\/strong> et intervient r\u00e9guli\u00e8rement devant les juridictions des <strong>Yvelines, des Hauts-de-Seine et de Paris<\/strong>.<\/p>\n<p>[\/et_pb_text][et_pb_cta title=\u00a0\u00bbBesoin d&rsquo;aide, d&rsquo;un renseignement ou d&rsquo;un devis ?\u00a0\u00bb button_url=\u00a0\u00bb@ET-DC@eyJkeW5hbWljIjp0cnVlLCJjb250ZW50IjoicG9zdF9saW5rX3VybF9wYWdlIiwic2V0dGluZ3MiOnsicG9zdF9pZCI6Ijc0MTcifX0=@\u00a0\u00bb button_text=\u00a0\u00bbPrendre rendez-vous\u00a0\u00bb _builder_version=\u00a0\u00bb4.27.4&Prime; _dynamic_attributes=\u00a0\u00bbbutton_url\u00a0\u00bb _module_preset=\u00a0\u00bbdefault\u00a0\u00bb custom_button=\u00a0\u00bbon\u00a0\u00bb button_icon=\u00a0\u00bb&#xe023;||divi||400&Prime; link_option_url_new_window=\u00a0\u00bbon\u00a0\u00bb border_radii=\u00a0\u00bbon|15px|15px|15px|15px\u00a0\u00bb box_shadow_style=\u00a0\u00bbpreset3&Prime; global_colors_info=\u00a0\u00bb{}\u00a0\u00bb][\/et_pb_cta][\/et_pb_column][\/et_pb_row][\/et_pb_section]<\/p>\n","protected":false},"excerpt":{"rendered":"<p>Avocat en propri\u00e9t\u00e9 intellectuelle \u00e0 VersaillesTh\u00e9o Renaudie \u2013 Avocat au barreau de VersaillesMa\u00eetre Th\u00e9o Renaudie, avocat au barreau de Versailles, vous accompagne dans toutes vos probl\u00e9matiques li\u00e9es \u00e0 la propri\u00e9t\u00e9 intellectuelle. Que vous soyez entrepreneur, cr\u00e9ateur, artiste, auteur, \u00e9diteur ou soci\u00e9t\u00e9 innovante, son cabinet vous conseille et vous d\u00e9fend dans la protection, la valorisation et [&hellip;]<\/p>\n","protected":false},"author":2,"featured_media":0,"parent":0,"menu_order":0,"comment_status":"closed","ping_status":"closed","template":"","meta":{"_et_pb_use_builder":"on","_et_pb_old_content":"[et_pb_section fb_built=\"1\" custom_padding_last_edited=\"on|tablet\" _builder_version=\"4.27.4\" _module_preset=\"default\" background_color=\"RGBA(0,0,0,0)\" custom_margin_tablet=\"0em||0em||false|false\" custom_margin_phone=\"\" custom_margin_last_edited=\"on|phone\" custom_padding=\"||3px||false|false\" custom_padding_tablet=\"0em||0em||false|false\" custom_padding_phone=\"\" global_colors_info=\"{}\" custom_margin__hover_enabled=\"off|desktop\"][et_pb_row custom_padding_last_edited=\"on|desktop\" _builder_version=\"4.27.4\" _module_preset=\"default\" custom_margin=\"||0.5em||false|false\" custom_margin_tablet=\"||0em||false|false\" custom_margin_phone=\"\" custom_margin_last_edited=\"on|tablet\" custom_padding=\"||0.5em||false|false\" custom_padding_tablet=\"||0em||false|false\" custom_padding_phone=\"\" global_colors_info=\"{}\"][et_pb_column type=\"4_4\" _builder_version=\"4.27.4\" _module_preset=\"default\" global_colors_info=\"{}\"][et_pb_text _builder_version=\"4.27.4\" _module_preset=\"default\" text_font_size=\"6em\" header_font=\"|800|||||||\" header_font_size=\"1em\" custom_margin_tablet=\"||0em||false|false\" custom_margin_phone=\"\" custom_margin_last_edited=\"on|tablet\" custom_padding=\"||0em||false|false\" global_colors_info=\"{}\"]<h1>Avocat en droit du travail \u00e0 Versailles<\/h1>[\/et_pb_text][et_pb_text _builder_version=\"4.27.4\" _module_preset=\"default\" global_colors_info=\"{}\"]<h2>Th\u00e9o Renaudie \u2013 Avocat au barreau de Versailles<\/h2>[\/et_pb_text][\/et_pb_column][\/et_pb_row][\/et_pb_section][et_pb_section fb_built=\"1\" admin_label=\"section\" _builder_version=\"4.16\" custom_padding=\"3px|||||\" global_colors_info=\"{}\"][et_pb_row admin_label=\"row\" _builder_version=\"4.16\" background_size=\"initial\" background_position=\"top_left\" background_repeat=\"repeat\" global_colors_info=\"{}\"][et_pb_column type=\"4_4\" _builder_version=\"4.16\" custom_padding=\"|||\" global_colors_info=\"{}\" custom_padding__hover=\"|||\"][et_pb_text admin_label=\"Text\" _builder_version=\"4.27.4\" background_size=\"initial\" background_position=\"top_left\" background_repeat=\"repeat\" global_colors_info=\"{}\"]Ma\u00eetre <strong>Th\u00e9o Renaudie<\/strong>, avocat au barreau de Versailles, vous accompagne dans toutes vos probl\u00e9matiques li\u00e9es au <strong>droit du travail<\/strong>, que vous soyez <strong>salari\u00e9<\/strong> ou <strong>employeur<\/strong>. Son cabinet intervient principalement \u00e0 <strong>Versailles<\/strong> et dans les Hauts-de-Seine, les Yvelines et Paris.\n<h2>Accompagnement des salari\u00e9s<\/h2>\n<ul>\n\t<li><strong>Licenciement abusif<\/strong> ou irr\u00e9gulier<\/li>\n\t<li><strong>Prise d\u2019acte<\/strong> ou r\u00e9siliation judiciaire<\/li>\n\t<li><strong>Harc\u00e8lement moral<\/strong> ou sexuel<\/li>\n\t<li><strong>Heures suppl\u00e9mentaires<\/strong> impay\u00e9es<\/li>\n\t<li>Contestation de <strong>sanctions disciplinaires<\/strong><\/li>\n\t<li>Conseil et repr\u00e9sentation devant le <strong>conseil de prud\u2019hommes<\/strong><\/li>\n<\/ul>\n<h2>Conseil aux employeurs<\/h2>\n<ul>\n\t<li>R\u00e9daction et modification du <strong>contrat de travail<\/strong><\/li>\n\t<li><strong>Proc\u00e9dures de licenciement<\/strong> (\u00e9conomique, disciplinaire, inaptitude)<\/li>\n\t<li>Gestion des <strong>risques prud\u2019homaux<\/strong><\/li>\n<\/ul>\n<h2>Pourquoi choisir Ma\u00eetre Th\u00e9o Renaudie\u00a0?<\/h2>\n<ul>\n\t<li>\u00c9coute, rigueur et r\u00e9activit\u00e9<\/li>\n\t<li>Prise en charge rapide de votre dossier<\/li>\n\t<li>Transparence sur les honoraires<\/li>\n\t<li>Consultations au cabinet \u00e0 Versailles ou en visio<\/li>\n<\/ul>\n<h2>Prendre rendez-vous<\/h2>\nLe cabinet de Ma\u00eetre Th\u00e9o Renaudie vous re\u00e7oit au <strong>47 rue du Mar\u00e9chal Foch, 78000 Versailles<\/strong> mais aussi en <strong>visio<\/strong> ou par <strong>t\u00e9l\u00e9phone.<\/strong>[\/et_pb_text][et_pb_cta title=\"Besoin d'aide, d'un renseignement ou d'un devis ?\" button_url=\"@ET-DC@eyJkeW5hbWljIjp0cnVlLCJjb250ZW50IjoicG9zdF9saW5rX3VybF9wYWdlIiwic2V0dGluZ3MiOnsicG9zdF9pZCI6Ijc0MTcifX0=@\" button_text=\"Prendre rendez-vous\" _builder_version=\"4.27.4\" _dynamic_attributes=\"button_url\" _module_preset=\"default\" custom_button=\"on\" button_icon=\"&#xe023;||divi||400\" link_option_url_new_window=\"on\" border_radii=\"on|15px|15px|15px|15px\" box_shadow_style=\"preset3\" global_colors_info=\"{}\"][\/et_pb_cta][\/et_pb_column][\/et_pb_row][\/et_pb_section]","_et_gb_content_width":"","footnotes":""},"class_list":["post-8170","page","type-page","status-publish","hentry"],"_links":{"self":[{"href":"https:\/\/avocat.renaudie.fr\/en\/wp-json\/wp\/v2\/pages\/8170","targetHints":{"allow":["GET"]}}],"collection":[{"href":"https:\/\/avocat.renaudie.fr\/en\/wp-json\/wp\/v2\/pages"}],"about":[{"href":"https:\/\/avocat.renaudie.fr\/en\/wp-json\/wp\/v2\/types\/page"}],"author":[{"embeddable":true,"href":"https:\/\/avocat.renaudie.fr\/en\/wp-json\/wp\/v2\/users\/2"}],"replies":[{"embeddable":true,"href":"https:\/\/avocat.renaudie.fr\/en\/wp-json\/wp\/v2\/comments?post=8170"}],"version-history":[{"count":6,"href":"https:\/\/avocat.renaudie.fr\/en\/wp-json\/wp\/v2\/pages\/8170\/revisions"}],"predecessor-version":[{"id":8251,"href":"https:\/\/avocat.renaudie.fr\/en\/wp-json\/wp\/v2\/pages\/8170\/revisions\/8251"}],"wp:attachment":[{"href":"https:\/\/avocat.renaudie.fr\/en\/wp-json\/wp\/v2\/media?parent=8170"}],"curies":[{"name":"wp","href":"https:\/\/api.w.org\/{rel}","templated":true}]}}