{"id":8176,"date":"2025-05-26T17:16:50","date_gmt":"2025-05-26T17:16:50","guid":{"rendered":"https:\/\/avocat.renaudie.fr\/?page_id=8176"},"modified":"2025-10-26T17:31:13","modified_gmt":"2025-10-26T17:31:13","slug":"avocat-droit-du-numerique-versailles","status":"publish","type":"page","link":"https:\/\/avocat.renaudie.fr\/en\/avocat-droit-du-numerique-versailles\/","title":{"rendered":"Tech and digital law attorney in Versailles"},"content":{"rendered":"<p>[et_pb_section fb_built=\u00a0\u00bb1&Prime; custom_padding_last_edited=\u00a0\u00bbon|tablet\u00a0\u00bb _builder_version=\u00a0\u00bb4.27.4&Prime; _module_preset=\u00a0\u00bbdefault\u00a0\u00bb background_color=\u00a0\u00bb#FFFFFF\u00a0\u00bb custom_margin_tablet=\u00a0\u00bb0em||0em||false|false\u00a0\u00bb custom_margin_phone=\u00a0\u00bb\u00a0\u00bb custom_margin_last_edited=\u00a0\u00bbon|phone\u00a0\u00bb custom_padding=\u00a0\u00bb||3px||false|false\u00a0\u00bb custom_padding_tablet=\u00a0\u00bb0em||0em||false|false\u00a0\u00bb custom_padding_phone=\u00a0\u00bb\u00a0\u00bb hover_enabled=\u00a0\u00bb0&Prime; global_colors_info=\u00a0\u00bb{}\u00a0\u00bb custom_margin__hover_enabled=\u00a0\u00bboff|desktop\u00a0\u00bb sticky_enabled=\u00a0\u00bb0&Prime;][et_pb_row custom_padding_last_edited=\u00a0\u00bbon|desktop\u00a0\u00bb _builder_version=\u00a0\u00bb4.27.4&Prime; _module_preset=\u00a0\u00bbdefault\u00a0\u00bb custom_margin=\u00a0\u00bb||0.5em||false|false\u00a0\u00bb custom_margin_tablet=\u00a0\u00bb||0em||false|false\u00a0\u00bb custom_margin_phone=\u00a0\u00bb\u00a0\u00bb custom_margin_last_edited=\u00a0\u00bbon|tablet\u00a0\u00bb custom_padding=\u00a0\u00bb||0.5em||false|false\u00a0\u00bb custom_padding_tablet=\u00a0\u00bb||0em||false|false\u00a0\u00bb custom_padding_phone=\u00a0\u00bb\u00a0\u00bb global_colors_info=\u00a0\u00bb{}\u00a0\u00bb][et_pb_column type=\u00a0\u00bb4_4&Prime; _builder_version=\u00a0\u00bb4.27.4&Prime; _module_preset=\u00a0\u00bbdefault\u00a0\u00bb global_colors_info=\u00a0\u00bb{}\u00a0\u00bb][et_pb_text _builder_version=\u00a0\u00bb4.27.4&Prime; _module_preset=\u00a0\u00bbdefault\u00a0\u00bb text_font_size=\u00a0\u00bb6em\u00a0\u00bb header_font=\u00a0\u00bb|800|||||||\u00a0\u00bb header_font_size=\u00a0\u00bb1em\u00a0\u00bb custom_margin_tablet=\u00a0\u00bb||0em||false|false\u00a0\u00bb custom_margin_phone=\u00a0\u00bb\u00a0\u00bb custom_margin_last_edited=\u00a0\u00bbon|tablet\u00a0\u00bb custom_padding=\u00a0\u00bb||0em||false|false\u00a0\u00bb global_colors_info=\u00a0\u00bb{}\u00a0\u00bb]<\/p>\n<h1>Avocat en droit du num\u00e9rique \u00e0 Versailles<\/h1>\n<p>[\/et_pb_text][et_pb_text _builder_version=\u00a0\u00bb4.27.4&Prime; _module_preset=\u00a0\u00bbdefault\u00a0\u00bb global_colors_info=\u00a0\u00bb{}\u00a0\u00bb]<\/p>\n<h2>Th\u00e9o Renaudie \u2013 Avocat au barreau de Versailles<\/h2>\n<p>[\/et_pb_text][\/et_pb_column][\/et_pb_row][\/et_pb_section][et_pb_section fb_built=\u00a0\u00bb1&Prime; admin_label=\u00a0\u00bbsection\u00a0\u00bb _builder_version=\u00a0\u00bb4.16&Prime; custom_padding=\u00a0\u00bb3px|||||\u00a0\u00bb global_colors_info=\u00a0\u00bb{}\u00a0\u00bb][et_pb_row admin_label=\u00a0\u00bbrow\u00a0\u00bb _builder_version=\u00a0\u00bb4.16&Prime; background_size=\u00a0\u00bbinitial\u00a0\u00bb background_position=\u00a0\u00bbtop_left\u00a0\u00bb background_repeat=\u00a0\u00bbrepeat\u00a0\u00bb global_colors_info=\u00a0\u00bb{}\u00a0\u00bb][et_pb_column type=\u00a0\u00bb4_4&Prime; _builder_version=\u00a0\u00bb4.16&Prime; custom_padding=\u00a0\u00bb|||\u00a0\u00bb global_colors_info=\u00a0\u00bb{}\u00a0\u00bb custom_padding__hover=\u00a0\u00bb|||\u00a0\u00bb][et_pb_text admin_label=\u00a0\u00bbText\u00a0\u00bb _builder_version=\u00a0\u00bb4.27.4&Prime; background_size=\u00a0\u00bbinitial\u00a0\u00bb background_position=\u00a0\u00bbtop_left\u00a0\u00bb background_repeat=\u00a0\u00bbrepeat\u00a0\u00bb global_colors_info=\u00a0\u00bb{}\u00a0\u00bb]<\/p>\n<p><strong>Ma\u00eetre Th\u00e9o Renaudie<\/strong>, avocat au barreau de Versailles, accompagne entreprises, start-ups, associations et professionnels dans les aspects juridiques li\u00e9s au <strong>droit du num\u00e9rique<\/strong>.<\/p>\n<p>Dans un environnement digital en constante \u00e9volution, il est essentiel d\u2019\u00eatre conseill\u00e9 par un avocat <strong>r\u00e9actif et techniquement comp\u00e9tent<\/strong>, apte \u00e0 s\u00e9curiser vos projets num\u00e9riques et \u00e0 d\u00e9fendre vos droits en ligne.<\/p>\n<h2>Conseil et contentieux en droit du num\u00e9rique<\/h2>\n<ul>\n<li><strong>Protection des donn\u00e9es personnelles<\/strong> (mise en conformit\u00e9 RGPD, DPO externe, violation de donn\u00e9es)<\/li>\n<li><strong>\u00c9dition et h\u00e9bergement de sites web<\/strong> (mentions l\u00e9gales, conditions g\u00e9n\u00e9rales de vente ou d\u2019utilisation, responsabilit\u00e9 des \u00e9diteurs)<\/li>\n<li><strong>Cybers\u00e9curit\u00e9 juridique<\/strong> (responsabilit\u00e9s en cas de faille, contrats IT)<\/li>\n<li><strong>Litiges en ligne<\/strong> (usurpation d\u2019identit\u00e9, atteinte \u00e0 la r\u00e9putation num\u00e9rique, suppression de contenus illicites)<\/li>\n<li><strong>Contrats informatiques<\/strong> (d\u00e9veloppement logiciel, SaaS, maintenance, int\u00e9gration)<\/li>\n<li><strong>Blockchain, NFT, smart contracts<\/strong> (encadrement juridique, fiscalit\u00e9, conformit\u00e9)<\/li>\n<\/ul>\n<h2>Un accompagnement adapt\u00e9 aux enjeux technologiques<\/h2>\n<ul>\n<li><strong>Expertise cibl\u00e9e<\/strong> dans les technologies de l\u2019information<\/li>\n<li><strong>Ma\u00eetrise des r\u00e9glementations europ\u00e9ennes<\/strong> (RGPD, ePrivacy, DSA\/DMA)<\/li>\n<li><strong>Approche pragmatique et p\u00e9dagogique<\/strong> pour s\u00e9curiser vos projets sans freiner l\u2019innovation<\/li>\n<li><strong>Disponibilit\u00e9 en visio ou au cabinet \u00e0 Versailles<\/strong><\/li>\n<\/ul>\n<h2>O\u00f9 intervient le cabinet ?<\/h2>\n<p>Le cabinet de Ma\u00eetre Th\u00e9o Renaudie est situ\u00e9 au <strong>47 rue du Mar\u00e9chal Foch, 78000 Versailles<\/strong> et intervient devant les juridictions civiles et commerciales en <strong>\u00cele-de-France<\/strong>, notamment \u00e0 <strong>Paris, Nanterre et Versailles<\/strong>.<\/p>\n<p>[\/et_pb_text][et_pb_cta title=\u00a0\u00bbBesoin d&rsquo;aide, d&rsquo;un renseignement ou d&rsquo;un devis ?\u00a0\u00bb button_url=\u00a0\u00bb@ET-DC@eyJkeW5hbWljIjp0cnVlLCJjb250ZW50IjoicG9zdF9saW5rX3VybF9wYWdlIiwic2V0dGluZ3MiOnsicG9zdF9pZCI6Ijc0MTcifX0=@\u00a0\u00bb button_text=\u00a0\u00bbPrendre rendez-vous\u00a0\u00bb _builder_version=\u00a0\u00bb4.27.4&Prime; _dynamic_attributes=\u00a0\u00bbbutton_url\u00a0\u00bb _module_preset=\u00a0\u00bbdefault\u00a0\u00bb custom_button=\u00a0\u00bbon\u00a0\u00bb button_icon=\u00a0\u00bb&#xe023;||divi||400&Prime; link_option_url_new_window=\u00a0\u00bbon\u00a0\u00bb border_radii=\u00a0\u00bbon|15px|15px|15px|15px\u00a0\u00bb box_shadow_style=\u00a0\u00bbpreset3&Prime; global_colors_info=\u00a0\u00bb{}\u00a0\u00bb][\/et_pb_cta][\/et_pb_column][\/et_pb_row][\/et_pb_section]<\/p>\n","protected":false},"excerpt":{"rendered":"<p>Avocat en droit du num\u00e9rique \u00e0 VersaillesTh\u00e9o Renaudie \u2013 Avocat au barreau de VersaillesMa\u00eetre Th\u00e9o Renaudie, avocat au barreau de Versailles, accompagne entreprises, start-ups, associations et professionnels dans les aspects juridiques li\u00e9s au droit du num\u00e9rique. Dans un environnement digital en constante \u00e9volution, il est essentiel d\u2019\u00eatre conseill\u00e9 par un avocat r\u00e9actif et techniquement comp\u00e9tent, [&hellip;]<\/p>\n","protected":false},"author":2,"featured_media":0,"parent":0,"menu_order":0,"comment_status":"closed","ping_status":"closed","template":"","meta":{"_et_pb_use_builder":"on","_et_pb_old_content":"[et_pb_section fb_built=\"1\" custom_padding_last_edited=\"on|tablet\" _builder_version=\"4.27.4\" _module_preset=\"default\" background_color=\"RGBA(0,0,0,0)\" custom_margin_tablet=\"0em||0em||false|false\" custom_margin_phone=\"\" custom_margin_last_edited=\"on|phone\" custom_padding=\"||3px||false|false\" custom_padding_tablet=\"0em||0em||false|false\" custom_padding_phone=\"\" global_colors_info=\"{}\" custom_margin__hover_enabled=\"off|desktop\"][et_pb_row custom_padding_last_edited=\"on|desktop\" _builder_version=\"4.27.4\" _module_preset=\"default\" custom_margin=\"||0.5em||false|false\" custom_margin_tablet=\"||0em||false|false\" custom_margin_phone=\"\" custom_margin_last_edited=\"on|tablet\" custom_padding=\"||0.5em||false|false\" custom_padding_tablet=\"||0em||false|false\" custom_padding_phone=\"\" global_colors_info=\"{}\"][et_pb_column type=\"4_4\" _builder_version=\"4.27.4\" _module_preset=\"default\" global_colors_info=\"{}\"][et_pb_text _builder_version=\"4.27.4\" _module_preset=\"default\" text_font_size=\"6em\" header_font=\"|800|||||||\" header_font_size=\"1em\" custom_margin_tablet=\"||0em||false|false\" custom_margin_phone=\"\" custom_margin_last_edited=\"on|tablet\" custom_padding=\"||0em||false|false\" global_colors_info=\"{}\"]<h1>Avocat en propri\u00e9t\u00e9 intellectuelle \u00e0 Versailles<\/h1>[\/et_pb_text][et_pb_text _builder_version=\"4.27.4\" _module_preset=\"default\" global_colors_info=\"{}\"]<h2>Th\u00e9o Renaudie \u2013 Avocat au barreau de Versailles<\/h2>[\/et_pb_text][\/et_pb_column][\/et_pb_row][\/et_pb_section][et_pb_section fb_built=\"1\" admin_label=\"section\" _builder_version=\"4.16\" custom_padding=\"3px|||||\" global_colors_info=\"{}\"][et_pb_row admin_label=\"row\" _builder_version=\"4.16\" background_size=\"initial\" background_position=\"top_left\" background_repeat=\"repeat\" global_colors_info=\"{}\"][et_pb_column type=\"4_4\" _builder_version=\"4.16\" custom_padding=\"|||\" global_colors_info=\"{}\" custom_padding__hover=\"|||\"][et_pb_text admin_label=\"Text\" _builder_version=\"4.27.4\" background_size=\"initial\" background_position=\"top_left\" background_repeat=\"repeat\" hover_enabled=\"0\" global_colors_info=\"{}\" sticky_enabled=\"0\"]<p><strong>Ma\u00eetre Th\u00e9o Renaudie<\/strong>, avocat au barreau de Versailles, vous accompagne dans toutes vos probl\u00e9matiques li\u00e9es \u00e0 la <strong>propri\u00e9t\u00e9 intellectuelle<\/strong>.<\/p>\n<p>Que vous soyez <strong>entrepreneur, cr\u00e9ateur, artiste, auteur, \u00e9diteur ou soci\u00e9t\u00e9 innovante<\/strong>, son cabinet vous conseille et vous d\u00e9fend dans la protection, la valorisation et la d\u00e9fense de vos droits de propri\u00e9t\u00e9 intellectuelle.<\/p>\n<h2>Un accompagnement complet en droit de la propri\u00e9t\u00e9 intellectuelle<\/h2>\n<p>Le cabinet intervient principalement en :<\/p>\n<ul>\n<li><strong>Protection des \u0153uvres<\/strong> (droit d\u2019auteur, dessins et mod\u00e8les, bases de donn\u00e9es)<\/li>\n<li><strong>D\u00e9p\u00f4t de marques<\/strong> et suivi des proc\u00e9dures aupr\u00e8s de l\u2019INPI ou de l\u2019EUIPO<\/li>\n<li><strong>Contrats de cession, licence ou exploitation<\/strong> des droits de propri\u00e9t\u00e9 intellectuelle<\/li>\n<li><strong>Actions en contrefa\u00e7on<\/strong>, concurrence d\u00e9loyale ou parasitisme<\/li>\n<li><strong>Strat\u00e9gie de protection du patrimoine immat\u00e9riel<\/strong> de l\u2019entreprise<\/li>\n<li><strong>Repr\u00e9sentation devant les juridictions civiles et commerciales<\/strong><\/li>\n<\/ul>\n<h2>Pourquoi faire appel \u00e0 Ma\u00eetre Th\u00e9o Renaudie ?<\/h2>\n<ul>\n<li><strong>Expertise crois\u00e9e<\/strong> en droit de la propri\u00e9t\u00e9 intellectuelle et en droit des affaires<\/li>\n<li><strong>Rigueur, \u00e9coute et confidentialit\u00e9<\/strong> dans la gestion des dossiers<\/li>\n<li><strong>Conseils clairs et op\u00e9rationnels<\/strong> adapt\u00e9s aux enjeux \u00e9conomiques et cr\u00e9atifs<\/li>\n<li><strong>Disponibilit\u00e9<\/strong> pour des consultations en cabinet \u00e0 Versailles ou \u00e0 distance<\/li>\n<\/ul>\n<h2>Le cabinet intervient \u00e0 Versailles et au-del\u00e0<\/h2>\n<p>Le cabinet de Ma\u00eetre Th\u00e9o Renaudie est situ\u00e9 au 4<strong>7 rue du Mar\u00e9chal Foch, 78000 Versailles<\/strong> et intervient r\u00e9guli\u00e8rement devant les juridictions des <strong>Yvelines, des Hauts-de-Seine et de Paris<\/strong>.<\/p>[\/et_pb_text][et_pb_cta title=\"Besoin d'aide, d'un renseignement ou d'un devis ?\" button_url=\"@ET-DC@eyJkeW5hbWljIjp0cnVlLCJjb250ZW50IjoicG9zdF9saW5rX3VybF9wYWdlIiwic2V0dGluZ3MiOnsicG9zdF9pZCI6Ijc0MTcifX0=@\" button_text=\"Prendre rendez-vous\" _builder_version=\"4.27.4\" _dynamic_attributes=\"button_url\" _module_preset=\"default\" custom_button=\"on\" button_icon=\"&#xe023;||divi||400\" link_option_url_new_window=\"on\" border_radii=\"on|15px|15px|15px|15px\" box_shadow_style=\"preset3\" global_colors_info=\"{}\"][\/et_pb_cta][\/et_pb_column][\/et_pb_row][\/et_pb_section]","_et_gb_content_width":"","footnotes":""},"class_list":["post-8176","page","type-page","status-publish","hentry"],"_links":{"self":[{"href":"https:\/\/avocat.renaudie.fr\/en\/wp-json\/wp\/v2\/pages\/8176","targetHints":{"allow":["GET"]}}],"collection":[{"href":"https:\/\/avocat.renaudie.fr\/en\/wp-json\/wp\/v2\/pages"}],"about":[{"href":"https:\/\/avocat.renaudie.fr\/en\/wp-json\/wp\/v2\/types\/page"}],"author":[{"embeddable":true,"href":"https:\/\/avocat.renaudie.fr\/en\/wp-json\/wp\/v2\/users\/2"}],"replies":[{"embeddable":true,"href":"https:\/\/avocat.renaudie.fr\/en\/wp-json\/wp\/v2\/comments?post=8176"}],"version-history":[{"count":6,"href":"https:\/\/avocat.renaudie.fr\/en\/wp-json\/wp\/v2\/pages\/8176\/revisions"}],"predecessor-version":[{"id":8249,"href":"https:\/\/avocat.renaudie.fr\/en\/wp-json\/wp\/v2\/pages\/8176\/revisions\/8249"}],"wp:attachment":[{"href":"https:\/\/avocat.renaudie.fr\/en\/wp-json\/wp\/v2\/media?parent=8176"}],"curies":[{"name":"wp","href":"https:\/\/api.w.org\/{rel}","templated":true}]}}