{"id":143,"date":"2021-11-11T14:40:37","date_gmt":"2021-11-11T13:40:37","guid":{"rendered":"https:\/\/avocat.renaudie.fr\/?page_id=143"},"modified":"2025-02-01T15:24:33","modified_gmt":"2025-02-01T15:24:33","slug":"mentions-legales-conditions-generales-utilisation","status":"publish","type":"page","link":"https:\/\/avocat.renaudie.fr\/fr\/mentions-legales-conditions-generales-utilisation\/","title":{"rendered":"Mentions l\u00e9gales et conditions g\u00e9n\u00e9rales d&rsquo;utilisation"},"content":{"rendered":"<p>[et_pb_section fb_built=\u00a0\u00bb1&Prime; _builder_version=\u00a0\u00bb4.16&Prime; global_colors_info=\u00a0\u00bb{}\u00a0\u00bb][et_pb_row _builder_version=\u00a0\u00bb4.16&Prime; background_size=\u00a0\u00bbinitial\u00a0\u00bb background_position=\u00a0\u00bbtop_left\u00a0\u00bb background_repeat=\u00a0\u00bbrepeat\u00a0\u00bb global_colors_info=\u00a0\u00bb{}\u00a0\u00bb][et_pb_column type=\u00a0\u00bb4_4&Prime; _builder_version=\u00a0\u00bb4.16&Prime; custom_padding=\u00a0\u00bb|||\u00a0\u00bb global_colors_info=\u00a0\u00bb{}\u00a0\u00bb custom_padding__hover=\u00a0\u00bb|||\u00a0\u00bb][et_pb_text _builder_version=\u00a0\u00bb4.27.4&Prime; background_size=\u00a0\u00bbinitial\u00a0\u00bb background_position=\u00a0\u00bbtop_left\u00a0\u00bb background_repeat=\u00a0\u00bbrepeat\u00a0\u00bb hover_enabled=\u00a0\u00bb0&Prime; global_colors_info=\u00a0\u00bb{}\u00a0\u00bb sticky_enabled=\u00a0\u00bb0&Prime;]<!-- divi:heading {\"level\":3,\"style\":{\"color\":{\"text\":\"#133671\"}}} --><\/p>\n<h3 class=\"wp-block-heading has-text-color\" id=\"mentions-legales\" style=\"color:#133671\">Mentions l\u00e9gales<\/h3>\n<p><!-- \/divi:heading --><\/p>\n<p><!-- divi:html --><\/p>\n<figure class=\"wp-block-table is-style-regular\">\n<table style=\"width: 99.888%;\">\n<tbody>\n<tr>\n<td style=\"width: 27.5786%;\">\n<p><strong>Th\u00e9o Renaudie<\/strong><br \/><em>Avocat au barreau de Versailles<\/em><br \/>47 rue du Mar\u00e9chal Foch<br \/>78000 Versailles<br \/>SIRET : 831 318 407 00051<br \/>TVA : FR67 831 318 407<br \/><a href=\"\/contact\/\">Formulaire de contact<\/a><\/p>\n<\/td>\n<td style=\"width: 38.677%;\">\u00c9diteur<br \/>Directeur de publication<br \/>Responsable des traitements de donn\u00e9es personnelles<\/td>\n<\/tr>\n<tr>\n<td style=\"width: 27.5786%;\">\n<p><strong><a href=\"https:\/\/www.hostinger.fr\/legal\/politique-de-confidentialite\" target=\"_blank\" rel=\"noopener\">HOSTINGER INTERNATIONAL LTD <\/a><br \/><\/strong><span style=\"font-family: inherit; font-size: inherit;\">61 Lordou Vironos str.<br \/><\/span><span style=\"font-family: inherit; font-size: inherit;\">6023 Larnaca, Chypre<\/span><strong><br \/><\/strong><\/p>\n<p><em>(Les infrastructures d&rsquo;h\u00e9bergement du site web avocat.renaudie.fr sont situ\u00e9es en France.)<\/em><\/p>\n<\/td>\n<td style=\"width: 38.677%;\">H\u00e9bergeur<\/td>\n<\/tr>\n<\/tbody>\n<\/table>\n<\/figure>\n<p><!-- \/divi:html --><\/p>\n<p><!-- divi:heading {\"level\":3,\"style\":{\"color\":{\"text\":\"#12397d\"}}} --><\/p>\n<h3 class=\"wp-block-heading has-text-color\" id=\"conditions-generales-d-utilisation\" style=\"color:#12397d\">Conditions g\u00e9n\u00e9rales d&rsquo;utilisation<\/h3>\n<p><!-- \/divi:heading --><\/p>\n<p><!-- divi:paragraph --><\/p>\n<p>En naviguant sur ce site internet vous acceptez les conditions g\u00e9n\u00e9rales d\u2019utilisation suivantes ainsi que la <a href=\"https:\/\/avocat.renaudie.fr\/politique-de-confidentialite-cookies\/\">politique de confidentialit\u00e9 et cookies<\/a> qui en fait partie int\u00e9grante.<\/p>\n<p><!-- \/divi:paragraph --><\/p>\n<p><!-- divi:heading {\"level\":4,\"style\":{\"color\":{\"text\":\"#1d5ecd\"}}} --><\/p>\n<h4 class=\"wp-block-heading has-text-color\" id=\"propriete-intellectuelle\" style=\"color:#1d5ecd\">Propri\u00e9t\u00e9 intellectuelle<\/h4>\n<p><!-- \/divi:heading --><\/p>\n<p><!-- divi:list --><\/p>\n<ul class=\"wp-block-list\"><!-- divi:list-item --><\/p>\n<li>Th\u00e9o Renaudie Avocat remercie <em>Robert Kaufman Fabrics<\/em> et <em>Christiane Marques<\/em> qui ont gracieusement accept\u00e9 de pr\u00eater le motif <em>AQSD-19969-80 EVENING<\/em> de la <em>collection Venice Lawns<\/em> pour illustrer le site.<\/li>\n<p><!-- \/divi:list-item --><\/p>\n<p><!-- divi:list-item --><\/p>\n<li>Les <strong>images<\/strong>, m\u00e9dias, typographies et d\u00e9veloppements pr\u00e9sents sur ce site web peuvent \u00eatre soumis \u00e0 des licences sp\u00e9cifiques. <\/li>\n<p><!-- \/divi:list-item --><\/p>\n<p><!-- divi:list-item --><\/p>\n<li>Les <strong>textes<\/strong> r\u00e9dig\u00e9s par Th\u00e9o Renaudie Avocat sont soumis \u00e0 la <strong>licence Creative Commons 4.0 CC-BY SA<\/strong> : vous \u00eates libres de r\u00e9utiliser ces textes \u00e0 condition de faire appara\u00eetre le cr\u00e9dit <em>\u00ab&nbsp;Th\u00e9o Renaudie &#8211; avocat.renaudie.fr&nbsp;\u00bb<\/em> \u00e0 proximit\u00e9 de l&rsquo;extrait reproduit et \u00e0 condition que l&rsquo;apport r\u00e9alis\u00e9 \u00e0 partir de cet extrait soit lui-m\u00eame soumis \u00e0 cette m\u00eame licence CC-BY SA. Pour en savoir plus sur cette licence, vous trouverez <a href=\"https:\/\/creativecommons.org\/licenses\/by-sa\/4.0\/deed.fr\" target=\"_blank\" rel=\"noopener\">ici un r\u00e9sum\u00e9 explicatif<\/a> et <a href=\"https:\/\/creativecommons.org\/licenses\/by-sa\/4.0\/legalcode.fr\" target=\"_blank\" rel=\"noopener\">l\u00e0 la licence compl\u00e8te<\/a>. <\/li>\n<p><!-- \/divi:list-item --><\/ul>\n<p><!-- \/divi:list --><\/p>\n<p><!-- divi:heading {\"level\":4,\"style\":{\"color\":{\"text\":\"#1d5ecd\"}}} --><\/p>\n<h4 class=\"wp-block-heading has-text-color\" id=\"limitation-de-responsabilite\" style=\"color:#1d5ecd\">Limitation de responsabilit\u00e9<\/h4>\n<p><!-- \/divi:heading --><\/p>\n<p><!-- divi:list --><\/p>\n<ul class=\"wp-block-list\"><!-- divi:list-item --><\/p>\n<li>Th\u00e9o Renaudie Avocat ne pourra \u00eatre tenu pour responsable des dommages directs et indirects caus\u00e9s au mat\u00e9riel de l\u2019utilisateur, lors de l\u2019acc\u00e8s au site&nbsp;<a href=\"https:\/\/avocat.renaudie.fr\/\">https:\/\/avocat.renaudie.fr<\/a>.<\/li>\n<p><!-- \/divi:list-item --><\/ul>\n<p><!-- \/divi:list --><\/p>\n<p><!-- divi:list --><\/p>\n<ul class=\"wp-block-list\"><!-- divi:list-item --><\/p>\n<li>Th\u00e9o Renaudie Avocat d\u00e9cline toute responsabilit\u00e9 quant \u00e0 l\u2019utilisation qui pourrait \u00eatre faite des informations et contenus pr\u00e9sents sur&nbsp;<a href=\"https:\/\/avocat.renaudie.fr\/\">https:\/\/avocat.renaudie.fr<\/a>.&nbsp;<\/li>\n<p><!-- \/divi:list-item --><\/p>\n<p><!-- divi:list-item --><\/p>\n<li>Th\u00e9o Renaudie Avocat s\u2019engage \u00e0 s\u00e9curiser au mieux le site&nbsp;<a href=\"https:\/\/avocat.renaudie.fr\/\">https:\/\/avocat.renaudie.fr<\/a>, cependant sa responsabilit\u00e9 ne pourra \u00eatre mise en cause si des donn\u00e9es ind\u00e9sirables sont import\u00e9es et install\u00e9es sur son site \u00e0 son insu.<\/li>\n<p><!-- \/divi:list-item --><\/p>\n<p><!-- divi:list-item --><\/p>\n<li>Des <strong>espaces interactifs<\/strong> <em>(formulaire de contact, outil de discussion instantan\u00e9e, inscription \u00e0 la lettre d&rsquo;actualit\u00e9)<\/em> sont \u00e0 la disposition des utilisateurs. Th\u00e9o Renaudie Avocat&nbsp;se r\u00e9serve le droit de supprimer, sans mise en demeure pr\u00e9alable, tout contenu d\u00e9pos\u00e9 dans cet espace qui contreviendrait \u00e0 la l\u00e9gislation applicable en France, en particulier aux dispositions relatives \u00e0 la protection des donn\u00e9es.&nbsp;<\/li>\n<p><!-- \/divi:list-item --><\/p>\n<p><!-- divi:list-item --><\/p>\n<li>Le cas \u00e9ch\u00e9ant,&nbsp;Th\u00e9o Renaudie Avocat se r\u00e9serve \u00e9galement la possibilit\u00e9 de mettre en cause la responsabilit\u00e9 civile et\/ou p\u00e9nale de l\u2019utilisateur, notamment en cas de message \u00e0 caract\u00e8re raciste, injurieux, diffamant, ou pornographique, quel que soit le support utilis\u00e9 (texte, photographie \u2026).<\/li>\n<p><!-- \/divi:list-item --><\/p>\n<p><!-- divi:list-item --><\/p>\n<li>Le site&nbsp;<a href=\"http:\/\/https\/\/avocat.renaudie.fr\">https:\/\/avocat.renaudie.fr<\/a>&nbsp;contient des <strong>liens hypertextes<\/strong> vers d\u2019autres sites, Th\u00e9o Renaudie Avocat d\u00e9cline toute responsabilit\u00e9 \u00e0 propos de ces liens externes ou des liens cr\u00e9\u00e9s par d\u2019autres sites vers&nbsp;<a href=\"http:\/\/https\/\/avocat.renaudie.fr\">https:\/\/avocat.renaudie.fr<\/a>.&nbsp;<\/li>\n<p><!-- \/divi:list-item --><\/ul>\n<p><!-- \/divi:list --><\/p>\n<p><!-- divi:heading {\"level\":4,\"style\":{\"color\":{\"text\":\"#1d5ecd\"}}} --><\/p>\n<h4 class=\"wp-block-heading has-text-color\" id=\"attribution-de-juridiction\" style=\"color:#1d5ecd\">Attribution de juridiction<\/h4>\n<p><!-- \/divi:heading --><\/p>\n<p><!-- divi:list --><\/p>\n<ul class=\"wp-block-list\"><!-- divi:list-item --><\/p>\n<li><strong>Tout litige en relation avec l\u2019utilisation du site&nbsp;<a href=\"https:\/\/avocat.renaudie.fr\/\">https:\/\/avocat.renaudie.fr<\/a>&nbsp;est soumis au droit fran\u00e7ais. En dehors des cas o\u00f9 la loi ne le permet pas, il est fait attribution exclusive de juridiction aux tribunaux comp\u00e9tents de&nbsp;Versailles<\/strong>.<\/li>\n<p><!-- \/divi:list-item --><\/ul>\n<p><!-- \/divi:list --><\/p>\n<p><!-- divi:paragraph --><\/p>\n<p><!-- \/divi:paragraph --><\/p>\n<p><!-- divi:paragraph --><\/p>\n<p><!-- \/divi:paragraph --><\/p>\n<p><!-- divi:paragraph --><\/p>\n<p><!-- \/divi:paragraph -->[\/et_pb_text][\/et_pb_column][\/et_pb_row][\/et_pb_section][et_pb_section fb_built=\u00a0\u00bb1&Prime; _builder_version=\u00a0\u00bb4.27.4&Prime; _module_preset=\u00a0\u00bbdefault\u00a0\u00bb background_image=\u00a0\u00bbhttps:\/\/construction.renaudie.fr\/wp-content\/uploads\/2025\/02\/Vertical-SMALL-RobertKaufman-CristianeMarques.jpeg\u00a0\u00bb background_size=\u00a0\u00bbinitial\u00a0\u00bb background_repeat=\u00a0\u00bbrepeat-x\u00a0\u00bb custom_margin=\u00a0\u00bb||0em||false|false\u00a0\u00bb custom_padding=\u00a0\u00bb||0em||false|false\u00a0\u00bb top_divider_style=\u00a0\u00bbramp\u00a0\u00bb top_divider_color=\u00a0\u00bb#FFFFFF\u00a0\u00bb top_divider_flip=\u00a0\u00bbhorizontal\u00a0\u00bb top_divider_arrangement=\u00a0\u00bbabove_content\u00a0\u00bb global_colors_info=\u00a0\u00bb{}\u00a0\u00bb global_module=\u00a0\u00bb7804&Prime; theme_builder_area=\u00a0\u00bbpost_content\u00a0\u00bb][et_pb_row _builder_version=\u00a0\u00bb4.27.4&Prime; _module_preset=\u00a0\u00bbdefault\u00a0\u00bb custom_margin=\u00a0\u00bb||0em||false|false\u00a0\u00bb custom_padding=\u00a0\u00bb||0em||false|false\u00a0\u00bb global_colors_info=\u00a0\u00bb{}\u00a0\u00bb theme_builder_area=\u00a0\u00bbpost_content\u00a0\u00bb][et_pb_column type=\u00a0\u00bb4_4&Prime; _builder_version=\u00a0\u00bb4.27.4&Prime; _module_preset=\u00a0\u00bbdefault\u00a0\u00bb global_colors_info=\u00a0\u00bb{}\u00a0\u00bb theme_builder_area=\u00a0\u00bbpost_content\u00a0\u00bb][et_pb_menu menu_id=\u00a0\u00bb23&Prime; active_link_color=\u00a0\u00bb#CD3A4E\u00a0\u00bb _builder_version=\u00a0\u00bb4.27.4&Prime; _module_preset=\u00a0\u00bbdefault\u00a0\u00bb menu_font=\u00a0\u00bb||||||||\u00a0\u00bb menu_text_color=\u00a0\u00bb#FFFFFF\u00a0\u00bb background_enable_color=\u00a0\u00bboff\u00a0\u00bb background_layout=\u00a0\u00bbdark\u00a0\u00bb custom_margin=\u00a0\u00bb||0em||false|false\u00a0\u00bb custom_padding=\u00a0\u00bb1em||0em||false|false\u00a0\u00bb global_colors_info=\u00a0\u00bb{}\u00a0\u00bb theme_builder_area=\u00a0\u00bbpost_content\u00a0\u00bb][\/et_pb_menu][et_pb_text _builder_version=\u00a0\u00bb4.27.4&Prime; _module_preset=\u00a0\u00bbdefault\u00a0\u00bb text_text_color=\u00a0\u00bb#FFFFFF\u00a0\u00bb text_font_size=\u00a0\u00bb12px\u00a0\u00bb text_orientation=\u00a0\u00bbcenter\u00a0\u00bb background_layout=\u00a0\u00bbdark\u00a0\u00bb custom_margin=\u00a0\u00bb||0em||false|false\u00a0\u00bb custom_padding=\u00a0\u00bb||0em||false|false\u00a0\u00bb global_colors_info=\u00a0\u00bb{}\u00a0\u00bb theme_builder_area=\u00a0\u00bbpost_content\u00a0\u00bb]Textes CC-BY SA Th\u00e9o Renaudie | Design \u00a9 2026 Th\u00e9o Renaudie[\/et_pb_text][\/et_pb_column][\/et_pb_row][\/et_pb_section]<\/p>\n","protected":false},"excerpt":{"rendered":"<p>Mentions l\u00e9gales Th\u00e9o RenaudieAvocat au barreau de Versailles47 rue du Mar\u00e9chal Foch78000 VersaillesSIRET : 831 318 407 00051TVA : FR67 831 318 407Formulaire de contact \u00c9diteurDirecteur de publicationResponsable des traitements de donn\u00e9es personnelles HOSTINGER INTERNATIONAL LTD 61 Lordou Vironos str.6023 Larnaca, Chypre (Les infrastructures d&rsquo;h\u00e9bergement du site web avocat.renaudie.fr sont situ\u00e9es en France.) H\u00e9bergeur Conditions [&hellip;]<\/p>\n","protected":false},"author":2,"featured_media":0,"parent":0,"menu_order":0,"comment_status":"closed","ping_status":"closed","template":"","meta":{"_et_pb_use_builder":"on","_et_pb_old_content":"<!-- wp:heading {\"level\":3,\"style\":{\"color\":{\"text\":\"#133671\"}}} -->\n<h3 class=\"wp-block-heading has-text-color\" id=\"mentions-legales\" style=\"color:#133671\">Mentions l\u00e9gales<\/h3>\n<!-- \/wp:heading -->\n\n<!-- wp:html -->\n<figure class=\"wp-block-table is-style-regular\">\n<table style=\"width: 99.888%;\">\n<tbody>\n<tr>\n<td style=\"width: 27.5786%;\">\n<p><strong>Th\u00e9o Renaudie<\/strong><br \/><em>Avocat au barreau de Versailles<\/em><br \/>47 rue du Mar\u00e9chal Foch<br \/>78000 Versailles<br \/>SIRET : 831 318 407 00051<br \/>TVA : FR67 831 318 407<br \/><a href=\"\/contact\/\">Formulaire de contact<\/a><\/p>\n<\/td>\n<td style=\"width: 38.677%;\">\u00c9diteur<br \/>Directeur de publication<br \/>Responsable des traitements de donn\u00e9es personnelles<\/td>\n<\/tr>\n<tr>\n<td style=\"width: 27.5786%;\">\n<p><strong><a href=\"https:\/\/www.ovh.com\/fr\/support\/mentions-legales\/\">HOSTINGER INTERNATIONAL LTD <\/a><br \/><\/strong><span style=\"font-family: inherit; font-size: inherit;\">61 Lordou Vironos str.<br \/><\/span><span style=\"font-family: inherit; font-size: inherit;\">6023 Larnaca, Chypre<\/span><strong><br \/><\/strong><\/p>\n<p><em>(Les infrastructures d'h\u00e9bergement du site web avocat.renaudie.fr sont situ\u00e9es en France.)<\/em><\/p>\n<\/td>\n<td style=\"width: 38.677%;\">H\u00e9bergeur<\/td>\n<\/tr>\n<\/tbody>\n<\/table>\n<\/figure>\n<!-- \/wp:html -->\n\n<!-- wp:heading {\"level\":3,\"style\":{\"color\":{\"text\":\"#12397d\"}}} -->\n<h3 class=\"wp-block-heading has-text-color\" id=\"conditions-generales-d-utilisation\" style=\"color:#12397d\">Conditions g\u00e9n\u00e9rales d'utilisation<\/h3>\n<!-- \/wp:heading -->\n\n<!-- wp:paragraph -->\n<p>En naviguant sur ce site internet vous acceptez les conditions g\u00e9n\u00e9rales d\u2019utilisation suivantes ainsi que la <a href=\"https:\/\/avocat.renaudie.fr\/politique-de-confidentialite-cookies\/\">politique de confidentialit\u00e9 et cookies<\/a> qui en fait partie int\u00e9grante.<\/p>\n<!-- \/wp:paragraph -->\n\n<!-- wp:heading {\"level\":4,\"style\":{\"color\":{\"text\":\"#1d5ecd\"}}} -->\n<h4 class=\"wp-block-heading has-text-color\" id=\"propriete-intellectuelle\" style=\"color:#1d5ecd\">Propri\u00e9t\u00e9 intellectuelle<\/h4>\n<!-- \/wp:heading -->\n\n<!-- wp:list -->\n<ul class=\"wp-block-list\"><!-- wp:list-item -->\n<li>Ma\u00eetre Th\u00e9o Renaudie Avocat remercie <em>Robert Kaufman Fabrics<\/em> et <em>Christiane Marques<\/em> qui ont gracieusement accept\u00e9 de pr\u00eater le motif <em>AQSD-19969-80 EVENING<\/em> de la <em>collection Venice Lawns<\/em> pour illustrer le site.<\/li>\n<!-- \/wp:list-item -->\n\n<!-- wp:list-item -->\n<li>Les <strong>images<\/strong>, m\u00e9dias, typographies et d\u00e9veloppements pr\u00e9sents sur ce site web peuvent \u00eatre soumis \u00e0 des licences sp\u00e9cifiques. <\/li>\n<!-- \/wp:list-item -->\n\n<!-- wp:list-item -->\n<li>Les <strong>textes<\/strong> r\u00e9dig\u00e9s par Ma\u00eetre Th\u00e9o Renaudie Avocat sont soumis \u00e0 la <strong>licence Creative Commons 4.0 CC-BY SA<\/strong> : vous \u00eates libres de r\u00e9utiliser ces textes \u00e0 condition de faire appara\u00eetre le cr\u00e9dit <em>\u00ab&nbsp;Th\u00e9o Renaudie - avocat.renaudie.fr&nbsp;\u00bb<\/em> \u00e0 proximit\u00e9 de l'extrait reproduit et \u00e0 condition que l'apport r\u00e9alis\u00e9 \u00e0 partir de cet extrait soit lui-m\u00eame soumis \u00e0 cette m\u00eame licence CC-BY SA. Pour en savoir plus sur cette licence, vous trouverez <a href=\"https:\/\/creativecommons.org\/licenses\/by-sa\/4.0\/deed.fr\">ici un r\u00e9sum\u00e9 explicatif<\/a> et <a href=\"https:\/\/creativecommons.org\/licenses\/by-sa\/4.0\/legalcode.fr\">l\u00e0 la licence compl\u00e8te<\/a>. <\/li>\n<!-- \/wp:list-item --><\/ul>\n<!-- \/wp:list -->\n\n<!-- wp:heading {\"level\":4,\"style\":{\"color\":{\"text\":\"#1d5ecd\"}}} -->\n<h4 class=\"wp-block-heading has-text-color\" id=\"limitation-de-responsabilite\" style=\"color:#1d5ecd\">Limitation de responsabilit\u00e9<\/h4>\n<!-- \/wp:heading -->\n\n<!-- wp:list -->\n<ul class=\"wp-block-list\"><!-- wp:list-item -->\n<li>Ma\u00eetre Th\u00e9o Renaudie Avocat ne pourra \u00eatre tenu pour responsable des dommages directs et indirects caus\u00e9s au mat\u00e9riel de l\u2019utilisateur, lors de l\u2019acc\u00e8s au site&nbsp;<a href=\"https:\/\/avocat.renaudie.fr\/\">https:\/\/avocat.renaudie.fr<\/a>.<\/li>\n<!-- \/wp:list-item --><\/ul>\n<!-- \/wp:list -->\n\n<!-- wp:list -->\n<ul class=\"wp-block-list\"><!-- wp:list-item -->\n<li>Ma\u00eetre Th\u00e9o Renaudie Avocat d\u00e9cline toute responsabilit\u00e9 quant \u00e0 l\u2019utilisation qui pourrait \u00eatre faite des informations et contenus pr\u00e9sents sur&nbsp;<a href=\"https:\/\/avocat.renaudie.fr\/\">https:\/\/avocat.renaudie.fr<\/a>.&nbsp;<\/li>\n<!-- \/wp:list-item -->\n\n<!-- wp:list-item -->\n<li>Ma\u00eetre Th\u00e9o Renaudie Avocat s\u2019engage \u00e0 s\u00e9curiser au mieux le site&nbsp;<a href=\"https:\/\/avocat.renaudie.fr\/\">https:\/\/avocat.renaudie.fr<\/a>, cependant sa responsabilit\u00e9 ne pourra \u00eatre mise en cause si des donn\u00e9es ind\u00e9sirables sont import\u00e9es et install\u00e9es sur son site \u00e0 son insu.<\/li>\n<!-- \/wp:list-item -->\n\n<!-- wp:list-item -->\n<li>Des <strong>espaces interactifs<\/strong> <em>(formulaire de contact, outil de discussion instantan\u00e9e, inscription \u00e0 la lettre d'actualit\u00e9)<\/em> sont \u00e0 la disposition des utilisateurs. Ma\u00eetre Th\u00e9o Renaudie Avocat&nbsp;se r\u00e9serve le droit de supprimer, sans mise en demeure pr\u00e9alable, tout contenu d\u00e9pos\u00e9 dans cet espace qui contreviendrait \u00e0 la l\u00e9gislation applicable en France, en particulier aux dispositions relatives \u00e0 la protection des donn\u00e9es.&nbsp;<\/li>\n<!-- \/wp:list-item -->\n\n<!-- wp:list-item -->\n<li>Le cas \u00e9ch\u00e9ant,&nbsp;Ma\u00eetre Th\u00e9o Renaudie Avocat se r\u00e9serve \u00e9galement la possibilit\u00e9 de mettre en cause la responsabilit\u00e9 civile et\/ou p\u00e9nale de l\u2019utilisateur, notamment en cas de message \u00e0 caract\u00e8re raciste, injurieux, diffamant, ou pornographique, quel que soit le support utilis\u00e9 (texte, photographie \u2026).<\/li>\n<!-- \/wp:list-item -->\n\n<!-- wp:list-item -->\n<li>Le site&nbsp;<a href=\"http:\/\/https\/\/avocat.renaudie.fr\">https:\/\/avocat.renaudie.fr<\/a>&nbsp;contient des <strong>liens hypertextes<\/strong> vers d\u2019autres sites, Ma\u00eetre Th\u00e9o Renaudie Avocat d\u00e9cline toute responsabilit\u00e9 \u00e0 propos de ces liens externes ou des liens cr\u00e9\u00e9s par d\u2019autres sites vers&nbsp;<a href=\"http:\/\/https\/\/avocat.renaudie.fr\">https:\/\/avocat.renaudie.fr<\/a>.&nbsp;<\/li>\n<!-- \/wp:list-item --><\/ul>\n<!-- \/wp:list -->\n\n<!-- wp:heading {\"level\":4,\"style\":{\"color\":{\"text\":\"#1d5ecd\"}}} -->\n<h4 class=\"wp-block-heading has-text-color\" id=\"attribution-de-juridiction\" style=\"color:#1d5ecd\">Attribution de juridiction<\/h4>\n<!-- \/wp:heading -->\n\n<!-- wp:list -->\n<ul class=\"wp-block-list\"><!-- wp:list-item -->\n<li><strong>Tout litige en relation avec l\u2019utilisation du site&nbsp;<a href=\"https:\/\/avocat.renaudie.fr\/\">https:\/\/avocat.renaudie.fr<\/a>&nbsp;est soumis au droit fran\u00e7ais. En dehors des cas o\u00f9 la loi ne le permet pas, il est fait attribution exclusive de juridiction aux tribunaux comp\u00e9tents de&nbsp;Versailles<\/strong>.<\/li>\n<!-- \/wp:list-item --><\/ul>\n<!-- \/wp:list -->\n\n<!-- wp:paragraph -->\n<p><\/p>\n<!-- \/wp:paragraph -->\n\n<!-- wp:paragraph -->\n<p><\/p>\n<!-- \/wp:paragraph -->\n\n<!-- wp:paragraph -->\n<p><\/p>\n<!-- \/wp:paragraph -->","_et_gb_content_width":"","footnotes":""},"class_list":["post-143","page","type-page","status-publish","hentry"],"_links":{"self":[{"href":"https:\/\/avocat.renaudie.fr\/fr\/wp-json\/wp\/v2\/pages\/143","targetHints":{"allow":["GET"]}}],"collection":[{"href":"https:\/\/avocat.renaudie.fr\/fr\/wp-json\/wp\/v2\/pages"}],"about":[{"href":"https:\/\/avocat.renaudie.fr\/fr\/wp-json\/wp\/v2\/types\/page"}],"author":[{"embeddable":true,"href":"https:\/\/avocat.renaudie.fr\/fr\/wp-json\/wp\/v2\/users\/2"}],"replies":[{"embeddable":true,"href":"https:\/\/avocat.renaudie.fr\/fr\/wp-json\/wp\/v2\/comments?post=143"}],"version-history":[{"count":3,"href":"https:\/\/avocat.renaudie.fr\/fr\/wp-json\/wp\/v2\/pages\/143\/revisions"}],"predecessor-version":[{"id":7819,"href":"https:\/\/avocat.renaudie.fr\/fr\/wp-json\/wp\/v2\/pages\/143\/revisions\/7819"}],"wp:attachment":[{"href":"https:\/\/avocat.renaudie.fr\/fr\/wp-json\/wp\/v2\/media?parent=143"}],"curies":[{"name":"wp","href":"https:\/\/api.w.org\/{rel}","templated":true}]}}