{"id":7417,"date":"2023-03-07T14:58:17","date_gmt":"2023-03-07T13:58:17","guid":{"rendered":"https:\/\/avocat.renaudie.fr\/?page_id=7417"},"modified":"2026-01-18T15:40:16","modified_gmt":"2026-01-18T15:40:16","slug":"rendez-vous","status":"publish","type":"page","link":"https:\/\/avocat.renaudie.fr\/fr\/rendez-vous\/","title":{"rendered":"Rendez-vous"},"content":{"rendered":"<p>[et_pb_section fb_built=\u00a0\u00bb1&Prime; custom_padding_last_edited=\u00a0\u00bbon|tablet\u00a0\u00bb _builder_version=\u00a0\u00bb4.27.4&Prime; _module_preset=\u00a0\u00bbdefault\u00a0\u00bb background_color=\u00a0\u00bbRGBA(0,0,0,0)\u00a0\u00bb custom_margin_tablet=\u00a0\u00bb0em||0em||false|false\u00a0\u00bb custom_margin_phone=\u00a0\u00bb\u00a0\u00bb custom_margin_last_edited=\u00a0\u00bbon|phone\u00a0\u00bb custom_padding=\u00a0\u00bb||3px||false|false\u00a0\u00bb custom_padding_tablet=\u00a0\u00bb0em||0em||false|false\u00a0\u00bb custom_padding_phone=\u00a0\u00bb\u00a0\u00bb global_colors_info=\u00a0\u00bb{}\u00a0\u00bb custom_margin__hover_enabled=\u00a0\u00bboff|desktop\u00a0\u00bb][et_pb_row custom_padding_last_edited=\u00a0\u00bbon|desktop\u00a0\u00bb _builder_version=\u00a0\u00bb4.27.4&Prime; _module_preset=\u00a0\u00bbdefault\u00a0\u00bb custom_margin=\u00a0\u00bb||0.5em||false|false\u00a0\u00bb custom_margin_tablet=\u00a0\u00bb||0em||false|false\u00a0\u00bb custom_margin_phone=\u00a0\u00bb\u00a0\u00bb custom_margin_last_edited=\u00a0\u00bbon|tablet\u00a0\u00bb custom_padding=\u00a0\u00bb||0.5em||false|false\u00a0\u00bb custom_padding_tablet=\u00a0\u00bb||0em||false|false\u00a0\u00bb custom_padding_phone=\u00a0\u00bb\u00a0\u00bb global_colors_info=\u00a0\u00bb{}\u00a0\u00bb][et_pb_column type=\u00a0\u00bb4_4&Prime; _builder_version=\u00a0\u00bb4.27.4&Prime; _module_preset=\u00a0\u00bbdefault\u00a0\u00bb global_colors_info=\u00a0\u00bb{}\u00a0\u00bb][et_pb_text _builder_version=\u00a0\u00bb4.27.4&Prime; _module_preset=\u00a0\u00bbdefault\u00a0\u00bb text_font_size=\u00a0\u00bb6em\u00a0\u00bb header_font=\u00a0\u00bb|800|||||||\u00a0\u00bb header_font_size=\u00a0\u00bb1em\u00a0\u00bb custom_margin_tablet=\u00a0\u00bb||0em||false|false\u00a0\u00bb custom_margin_phone=\u00a0\u00bb\u00a0\u00bb custom_margin_last_edited=\u00a0\u00bbon|tablet\u00a0\u00bb custom_padding=\u00a0\u00bb||0em||false|false\u00a0\u00bb global_colors_info=\u00a0\u00bb{}\u00a0\u00bb]<\/p>\n<h1>Prendre rendez-vous\u00a0<\/h1>\n<p>[\/et_pb_text][et_pb_text _builder_version=\u00a0\u00bb4.27.4&Prime; _module_preset=\u00a0\u00bbdefault\u00a0\u00bb global_colors_info=\u00a0\u00bb{}\u00a0\u00bb]<\/p>\n<h2>Rencontrons-nous ou \u00e9changeons par t\u00e9l\u00e9phone ou en visio pour trouver la solution la plus adapt\u00e9e \u00e0 vos besoins.<\/h2>\n<p>[\/et_pb_text][\/et_pb_column][\/et_pb_row][\/et_pb_section][et_pb_section fb_built=\u00a0\u00bb1&Prime; _builder_version=\u00a0\u00bb4.27.4&Prime; custom_margin=\u00a0\u00bb0em||||false|false\u00a0\u00bb custom_padding=\u00a0\u00bb0em||||false|false\u00a0\u00bb global_colors_info=\u00a0\u00bb{}\u00a0\u00bb][et_pb_row _builder_version=\u00a0\u00bb4.27.4&Prime; custom_margin=\u00a0\u00bb0em||||false|false\u00a0\u00bb custom_padding=\u00a0\u00bb0em||||false|false\u00a0\u00bb global_colors_info=\u00a0\u00bb{}\u00a0\u00bb][et_pb_column type=\u00a0\u00bb4_4&Prime; _builder_version=\u00a0\u00bb4.27.4&Prime; custom_padding=\u00a0\u00bb0em||||false|false\u00a0\u00bb global_colors_info=\u00a0\u00bb{}\u00a0\u00bb][et_pb_code _builder_version=\u00a0\u00bb4.27.4&Prime; _module_preset=\u00a0\u00bbdefault\u00a0\u00bb custom_margin=\u00a0\u00bb0em||||false|false\u00a0\u00bb custom_padding=\u00a0\u00bb0em||||false|false\u00a0\u00bb global_colors_info=\u00a0\u00bb{}\u00a0\u00bb]<!-- D\u00e9but de widget en ligne Calendly --><!-- [et_pb_line_break_holder] --><\/p>\n<div class=\"calendly-inline-widget\" data-url=\"https:\/\/calendly.com\/avocat-renaudie\" style=\"min-width:320px;height:830px;\"><\/div>\n<p><!-- [et_pb_line_break_holder] --><script type=\"text\/javascript\" src=\"https:\/\/assets.calendly.com\/assets\/external\/widget.js\" async><\/script><!-- [et_pb_line_break_holder] --><!-- Fin de widget en ligne Calendly -->[\/et_pb_code][\/et_pb_column][\/et_pb_row][\/et_pb_section][et_pb_section fb_built=\u00a0\u00bb1&Prime; _builder_version=\u00a0\u00bb4.27.4&Prime; _module_preset=\u00a0\u00bbdefault\u00a0\u00bb background_image=\u00a0\u00bbhttps:\/\/avocat.renaudie.fr\/wp-content\/uploads\/2025\/05\/Fond-ecran-logo.png\u00a0\u00bb background_size=\u00a0\u00bbinitial\u00a0\u00bb background_position=\u00a0\u00bbbottom_center\u00a0\u00bb background_repeat=\u00a0\u00bbrepeat-x\u00a0\u00bb width=\u00a0\u00bb100%\u00a0\u00bb max_width=\u00a0\u00bb100%\u00a0\u00bb custom_margin=\u00a0\u00bb0em|0em|0em|0em|false|false\u00a0\u00bb custom_padding=\u00a0\u00bb6em|0em|0em|0em|false|false\u00a0\u00bb top_divider_style=\u00a0\u00bbramp\u00a0\u00bb top_divider_color=\u00a0\u00bb#FFFFFF\u00a0\u00bb top_divider_flip=\u00a0\u00bbhorizontal\u00a0\u00bb top_divider_arrangement=\u00a0\u00bbabove_content\u00a0\u00bb global_module=\u00a0\u00bb7804&Prime; global_colors_info=\u00a0\u00bb{}\u00a0\u00bb][et_pb_row disabled_on=\u00a0\u00bbon|on|on\u00a0\u00bb _builder_version=\u00a0\u00bb4.27.4&Prime; _module_preset=\u00a0\u00bbdefault\u00a0\u00bb custom_margin=\u00a0\u00bb0em||0em||false|false\u00a0\u00bb custom_padding=\u00a0\u00bb0em||0em||false|false\u00a0\u00bb disabled=\u00a0\u00bbon\u00a0\u00bb global_colors_info=\u00a0\u00bb{}\u00a0\u00bb][et_pb_column type=\u00a0\u00bb4_4&Prime; _builder_version=\u00a0\u00bb4.27.4&Prime; _module_preset=\u00a0\u00bbdefault\u00a0\u00bb global_colors_info=\u00a0\u00bb{}\u00a0\u00bb][\/et_pb_column][\/et_pb_row][\/et_pb_section]<\/p>\n","protected":false},"excerpt":{"rendered":"<p>Prendre rendez-vous\u00a0Rencontrons-nous ou \u00e9changeons par t\u00e9l\u00e9phone ou en visio pour trouver la solution la plus adapt\u00e9e \u00e0 vos besoins.<\/p>\n","protected":false},"author":2,"featured_media":0,"parent":0,"menu_order":0,"comment_status":"closed","ping_status":"closed","template":"","meta":{"_et_pb_use_builder":"on","_et_pb_old_content":"[et_pb_section fb_built=\"1\" custom_padding_last_edited=\"on|phone\" _builder_version=\"4.18.0\" background_color=\"RGBA(255,255,255,0)\" background_color_gradient_direction=\"330deg\" background_color_gradient_start=\"#2ea3f2\" background_color_gradient_end=\"#2e6df4\" background_enable_image=\"off\" width=\"1280px\" width_tablet=\"100%\" width_phone=\"100%\" width_last_edited=\"on|desktop\" module_alignment=\"center\" custom_margin=\"||||false|false\" custom_margin_last_edited=\"off|phone\" custom_padding=\"3vh||0px||false|false\" custom_padding_tablet=\"2vh||||false|false\" custom_padding_phone=\"1vh||||false|false\" hover_enabled=\"0\" background_last_edited=\"on|phone\" background_image_phone=\"https:\/\/avocat.renaudie.fr\/wp-content\/uploads\/2021\/11\/Vertical-1-RobertKaufman-CristianeMarques-scaled.jpg\" background_enable_image_phone=\"on\" parallax_phone=\"off\" background_size_phone=\"contain\" background_position_phone=\"top_center\" background_repeat_phone=\"round\" global_colors_info=\"{}\" sticky_enabled=\"0\" max_width=\"100%\"][et_pb_row custom_padding_last_edited=\"on|tablet\" _builder_version=\"4.16\" _module_preset=\"default\" width=\"90%\" width_phone=\"90%\" width_last_edited=\"off|desktop\" max_width=\"none\" module_alignment=\"center\" custom_margin_tablet=\"||0px||false|false\" custom_margin_phone=\"||0px||false|false\" custom_margin_last_edited=\"on|tablet\" custom_padding_tablet=\"||0px||false|false\" custom_padding_phone=\"||0px||false|false\" saved_tabs=\"all\" global_colors_info=\"{}\"][et_pb_column type=\"4_4\" _builder_version=\"4.16\" _module_preset=\"default\" global_colors_info=\"{}\"][et_pb_text _builder_version=\"4.16\" _module_preset=\"default\" header_font=\"|600|||||||\" text_orientation=\"center\" background_layout=\"dark\" width=\"90%\" module_alignment=\"center\" custom_margin_tablet=\"||0.5em||false|false\" custom_margin_phone=\"||0.5em||false|false\" custom_margin_last_edited=\"on|tablet\" custom_padding=\"||0px||false|false\" header_2_font_size_tablet=\"\" header_2_font_size_phone=\"22px\" header_2_font_size_last_edited=\"on|phone\" global_colors_info=\"{}\"]\n<h1>Contact<\/h1>\n<h2>Besoin d'aide, d'un renseignement ou d'un devis ? \u00c9crivez-moi !<\/h2>\n[\/et_pb_text][\/et_pb_column][\/et_pb_row][et_pb_row column_structure=\"1_3,2_3\" use_custom_gutter=\"on\" gutter_width=\"1\" make_equal=\"on\" disabled_on=\"off|off|off\" _builder_version=\"4.18.0\" background_color=\"#FFFFFF\" background_size=\"initial\" background_position=\"top_left\" background_repeat=\"repeat\" width=\"90%\" width_tablet=\"90%\" width_phone=\"90%\" width_last_edited=\"off|desktop\" max_width=\"none\" module_alignment=\"center\" custom_margin=\"0px||||false|false\" custom_margin_tablet=\"0em||||false|false\" custom_margin_phone=\"0em||||false|false\" custom_margin_last_edited=\"off|desktop\" custom_padding=\"0px||||false|false\" hover_enabled=\"0\" global_colors_info=\"{}\" sticky_enabled=\"0\"][et_pb_column type=\"1_3\" _builder_version=\"4.18.0\" custom_padding=\"1.5em||1.5em||true|true\" custom_padding_tablet=\"0.5em|0.5em|0.5em|0.5em|true|true\" custom_padding_phone=\"0.5em|0.5em|0.5em|0.5em|true|true\" custom_padding_last_edited=\"on|phone\" hover_enabled=\"0\" custom_css_main_element=\"order: 2;\" global_colors_info=\"{}\" custom_padding__hover=\"|||\" sticky_enabled=\"0\"][et_pb_image src=\"https:\/\/avocat.renaudie.fr\/wp-content\/uploads\/2022\/01\/portrait-recadre-illu-costume-Theo-Renaudie-BD.jpg\" title_text=\"portrait-recadre-illu-costume-Theo-Renaudie-BD\" align=\"center\" _builder_version=\"4.16\" _module_preset=\"default\" width=\"60%\" module_alignment=\"center\" max_height=\"30vh\" custom_margin=\"||0.5em||false|false\" custom_margin_tablet=\"0.5em||||false|false\" custom_margin_phone=\"0.5em||||false|false\" custom_margin_last_edited=\"on|phone\" custom_padding=\"0px||||false|false\" border_radii=\"on|0.5em|0.5em|0.5em|0.5em\" saved_tabs=\"all\" global_colors_info=\"{}\"][\/et_pb_image][et_pb_text _builder_version=\"4.17.3\" _module_preset=\"default\" max_width=\"80%\" max_width_tablet=\"85%\" max_width_phone=\"85%\" max_width_last_edited=\"on|tablet\" module_alignment=\"center\" global_colors_info=\"{}\"]\n<p style=\"text-align: justify;\"><span class=\"et-pb-icon icon_clock_alt\" style=\"font-size: 1.5em;\">}<\/span> 9h - 19h, du lundi au vendredi\n<a href=\"mailto:avocat@renaudie.fr\"><span class=\"et-pb-icon icon_mail_alt\" style=\"font-size: 1.5em;\">\ue010<\/span> avocat@renaudie.fr<\/a>\n<a href=\"sgnl:\/\/signal.me\/#p\/+33672657922\"><span class=\"et-pb-icon\" style=\"font-size: 1.5em;\">\ue065<\/span> Contactez-moi sur Signal.app<\/a>\n<a href=\"tel:+33177719032\"><span class=\"et-pb-icon\" style=\"font-size: 1.5em;\">\ue090<\/span> +33 (0) 1 77 71 90 32<\/a>\n<span class=\"et-pb-icon icon_building\" style=\"font-size: 1.5em;\">\ue0ef<\/span> 73 rue du Mar\u00e9chal Foch, 78000 Versailles\n<span class=\"et-pb-icon icon_drawer_alt\" style=\"font-size: 1.5em;\">\ue020<\/span> Palais, case 421<\/p>\n<p style=\"text-align: justify;\">[\/et_pb_text][et_pb_button button_url=\"https:\/\/calendly.com\/avocat-renaudie\/cabinet\" button_text=\"Prendre rendez-vous\" button_alignment=\"center\" _builder_version=\"4.18.0\" _module_preset=\"default\" custom_button=\"on\" button_icon=\"\uf274||fa||900\" custom_margin=\"1em||1em||false|false\" global_colors_info=\"{}\"][\/et_pb_button][\/et_pb_column][et_pb_column type=\"2_3\" _builder_version=\"4.18.0\" custom_padding=\"1.5em|1.5em|1.5em|1.5em|false|false\" hover_enabled=\"0\" custom_css_main_element=\"order: 1;\" global_colors_info=\"{}\" custom_padding__hover=\"|||\" sticky_enabled=\"0\"][et_pb_code disabled_on=\"on|on|on\" _builder_version=\"4.18.0\" _module_preset=\"default\" custom_margin=\"||||false|false\" custom_padding=\"||||false|false\" disabled=\"on\" global_colors_info=\"{}\"]<!-- AppointmentThing.com widget (begin) --><!-- [et_pb_line_break_holder] --><\/p>\n\n<div class=\"apptthingemb\" style=\"min-width: 100% !important;\" data-appt-url=\"renaudie-avocat\" data-appt-types=\"qL18273,YM18274,rx18277\" data-page-text=\"000000\" data-page-link=\"0f2257\" data-page-details=\"true\" data-emb-num=\"1\"><a title=\"Appointment Scheduling\" href=\"https:\/\/appointmentthing.com\">Appointment Scheduling<\/a><\/div>\n<!-- [et_pb_line_break_holder] --><script src=\"https:\/\/appointmentthing.com\/js\/meeting.embed.t1.init.js\" type=\"text\/javascript\" async=\"\" defer=\"\"><\/script><!-- [et_pb_line_break_holder] --><!-- AppointmentThing.com widget (end) --><!-- [et_pb_line_break_holder] -->[\/et_pb_code][et_pb_text _builder_version=\"4.18.0\" _module_preset=\"default\" text_orientation=\"center\" max_width=\"100%\" max_width_tablet=\"80%\" max_width_phone=\"80%\" max_width_last_edited=\"off|tablet\" module_alignment=\"center\" min_height=\"23px\" custom_margin=\"||0.5em||false|false\" global_colors_info=\"{}\"]\n\n<strong>En cas de premier \u00e9change \u00e9crit, merci de privil\u00e9gier le formulaire de contact :<\/strong>\n\n[\/et_pb_text][dsm_contact_form_7 cf7_library=\"1039\" show_validation=\"on\" button_alignment=\"right\" input_background_color=\"#D7E3F9\" error_msg_background_color=\"#E1214E\" validation_error_background_color=\"#E1214E\" validation_success_background_color=\"#4bb255\" _builder_version=\"4.18.0\" _module_preset=\"default\" input_textarea_select_text_color=\"#0F2257\" placeholder_text_color=\"#87ACEE\" radio_checkbox_text_color=\"#0F2257\" error_msg_font=\"|600|||||||\" error_msg_text_color=\"#ffffff\" error_validation_font=\"|600|||||||\" error_validation_text_color=\"#ffffff\" success_validation_font=\"|600|||||||\" success_validation_text_color=\"#ffffff\" custom_button_one=\"on\" button_one_text_color=\"#0F2257\" button_one_border_radius=\"2em\" custom_margin=\"|3vw||3vw|false|false\" hover_enabled=\"0\" border_radii_last_edited=\"off|desktop\" border_radii_image=\"on|0.5em|0.5em|0.5em|0.5em\" border_radii_error_msg=\"off|||0.5em|0.5em\" border_radii_error_validation=\"on|0.5em|0.5em|0.5em|0.5em\" border_width_all_error_validation=\"0px\" border_radii_validation_success=\"on|0.5em|0.5em|0.5em|0.5em\" border_width_all_validation_success=\"0px\" global_colors_info=\"{}\" button_one_border_radius__hover_enabled=\"off|desktop\" border_radii__hover_enabled=\"off|hover\" button_one_text_color__hover_enabled=\"on|desktop\" button_one_text_color__hover=\"#ffffff\" width=\"90%\" sticky_enabled=\"0\"][\/dsm_contact_form_7][\/et_pb_column][\/et_pb_row][et_pb_row use_custom_gutter=\"on\" gutter_width=\"1\" make_equal=\"on\" disabled_on=\"off|off|off\" _builder_version=\"4.18.0\" background_color=\"#FFFFFF\" background_size=\"initial\" background_position=\"top_left\" background_repeat=\"repeat\" width=\"90%\" width_phone=\"90%\" width_last_edited=\"off|desktop\" max_width=\"none\" module_alignment=\"center\" custom_margin_tablet=\"0em||||false|false\" custom_margin_phone=\"0em||||false|false\" custom_margin_last_edited=\"on|tablet\" custom_padding=\"0em||||false|false\" global_colors_info=\"{}\"][et_pb_column type=\"4_4\" _builder_version=\"4.16\" custom_padding=\"1.5em||1.5em||true|true\" custom_padding_tablet=\"0.5em|0.5em|0.5em|0.5em|true|true\" custom_padding_phone=\"0.5em|0.5em|0.5em|0.5em|true|true\" custom_padding_last_edited=\"on|tablet\" custom_css_main_element=\"order: 2;\" global_colors_info=\"{}\" custom_padding__hover=\"|||\"][\/et_pb_column][\/et_pb_row][\/et_pb_section]","_et_gb_content_width":"","footnotes":""},"class_list":["post-7417","page","type-page","status-publish","hentry"],"_links":{"self":[{"href":"https:\/\/avocat.renaudie.fr\/fr\/wp-json\/wp\/v2\/pages\/7417","targetHints":{"allow":["GET"]}}],"collection":[{"href":"https:\/\/avocat.renaudie.fr\/fr\/wp-json\/wp\/v2\/pages"}],"about":[{"href":"https:\/\/avocat.renaudie.fr\/fr\/wp-json\/wp\/v2\/types\/page"}],"author":[{"embeddable":true,"href":"https:\/\/avocat.renaudie.fr\/fr\/wp-json\/wp\/v2\/users\/2"}],"replies":[{"embeddable":true,"href":"https:\/\/avocat.renaudie.fr\/fr\/wp-json\/wp\/v2\/comments?post=7417"}],"version-history":[{"count":10,"href":"https:\/\/avocat.renaudie.fr\/fr\/wp-json\/wp\/v2\/pages\/7417\/revisions"}],"predecessor-version":[{"id":8431,"href":"https:\/\/avocat.renaudie.fr\/fr\/wp-json\/wp\/v2\/pages\/7417\/revisions\/8431"}],"wp:attachment":[{"href":"https:\/\/avocat.renaudie.fr\/fr\/wp-json\/wp\/v2\/media?parent=7417"}],"curies":[{"name":"wp","href":"https:\/\/api.w.org\/{rel}","templated":true}]}}