{"id":7533,"date":"2023-08-18T23:08:25","date_gmt":"2023-08-18T21:08:25","guid":{"rendered":"https:\/\/avocat.renaudie.fr\/?page_id=7533"},"modified":"2025-11-08T14:59:43","modified_gmt":"2025-11-08T14:59:43","slug":"avocat-postulant-versailles","status":"publish","type":"page","link":"https:\/\/avocat.renaudie.fr\/fr\/avocat-postulant-versailles\/","title":{"rendered":"Services aux confr\u00e8res"},"content":{"rendered":"<p>[et_pb_section fb_built=\u00a0\u00bb1&Prime; custom_padding_last_edited=\u00a0\u00bbon|phone\u00a0\u00bb _builder_version=\u00a0\u00bb4.27.4&Prime; custom_margin=\u00a0\u00bb0px||0em||false|false\u00a0\u00bb custom_margin_tablet=\u00a0\u00bb0px||||false|false\u00a0\u00bb custom_margin_phone=\u00a0\u00bb0px||||false|false\u00a0\u00bb custom_margin_last_edited=\u00a0\u00bbon|phone\u00a0\u00bb custom_padding=\u00a0\u00bb||0em||false|false\u00a0\u00bb custom_padding_tablet=\u00a0\u00bb1em||||false|false\u00a0\u00bb custom_padding_phone=\u00a0\u00bb1em||||false|false\u00a0\u00bb hover_enabled=\u00a0\u00bb0&Prime; global_colors_info=\u00a0\u00bb{}\u00a0\u00bb sticky_enabled=\u00a0\u00bb0&Prime;][et_pb_row custom_padding_last_edited=\u00a0\u00bbon|tablet\u00a0\u00bb _builder_version=\u00a0\u00bb4.27.4&Prime; _module_preset=\u00a0\u00bbdefault\u00a0\u00bb custom_margin_tablet=\u00a0\u00bb0em||||false|false\u00a0\u00bb custom_margin_phone=\u00a0\u00bb0em||||false|false\u00a0\u00bb custom_margin_last_edited=\u00a0\u00bbon|tablet\u00a0\u00bb custom_padding_tablet=\u00a0\u00bb0em||||false|false\u00a0\u00bb custom_padding_phone=\u00a0\u00bb0em||||false|false\u00a0\u00bb saved_tabs=\u00a0\u00bball\u00a0\u00bb global_colors_info=\u00a0\u00bb{}\u00a0\u00bb][et_pb_column type=\u00a0\u00bb4_4&Prime; _builder_version=\u00a0\u00bb4.16&Prime; _module_preset=\u00a0\u00bbdefault\u00a0\u00bb global_colors_info=\u00a0\u00bb{}\u00a0\u00bb][et_pb_text _builder_version=\u00a0\u00bb4.16&Prime; _module_preset=\u00a0\u00bbdefault\u00a0\u00bb global_colors_info=\u00a0\u00bb{}\u00a0\u00bb]<\/p>\n<h1>Avocat postulant \u00e0 Versailles<\/h1>\n<h2>Postulation, correspondance, substitution et sous-traitance<\/h2>\n<p>[\/et_pb_text][\/et_pb_column][\/et_pb_row][et_pb_row column_structure=\u00a0\u00bb1_2,1_2&Prime; _builder_version=\u00a0\u00bb4.27.4&Prime; _module_preset=\u00a0\u00bbdefault\u00a0\u00bb global_colors_info=\u00a0\u00bb{}\u00a0\u00bb][et_pb_column type=\u00a0\u00bb1_2&Prime; _builder_version=\u00a0\u00bb4.16&Prime; _module_preset=\u00a0\u00bbdefault\u00a0\u00bb global_colors_info=\u00a0\u00bb{}\u00a0\u00bb][et_pb_icon font_icon=\u00a0\u00bb&#xf500;||fa||900&Prime; _builder_version=\u00a0\u00bb4.16&Prime; _module_preset=\u00a0\u00bbdefault\u00a0\u00bb global_colors_info=\u00a0\u00bb{}\u00a0\u00bb][\/et_pb_icon][et_pb_text _builder_version=\u00a0\u00bb4.16&Prime; _module_preset=\u00a0\u00bbdefault\u00a0\u00bb inline_fonts=\u00a0\u00bbVerdana\u00a0\u00bb global_colors_info=\u00a0\u00bb{}\u00a0\u00bb]<\/p>\n<h3>Postulation devant la Cour d&rsquo;appel de Versailles<\/h3>\n<p>\u00c9tabli au c\u0153ur de Versailles, Th\u00e9o Renaudie est votre <strong>postulant devant la Cour d&rsquo;appel de Versailles et le Tribunal judiciaire de Versailles<\/strong>. Il assure le suivi rigoureux des actes et de la proc\u00e9dure de votre dossier en vous rendant compte r\u00e9guli\u00e8rement et pr\u00e9cis\u00e9ment des diligences accomplies et de celles \u00e0 r\u00e9aliser.<\/p>\n<h3>Correspondance dans le ressort de Versailles<\/h3>\n<p>Selon vos besoins, Th\u00e9o Renaudie assure \u00e9galement la <strong>correspondance<\/strong> pr\u00e8s les juridictions du <strong>ressort de la Cour d&rsquo;appel de Versailles<\/strong>.<\/p>\n<h3>Substitution ou vacation au barreau de Versailles<\/h3>\n<p>Enfin, en cas de conflit d&rsquo;agenda, Th\u00e9o Renaudie peut <strong>vous substituer<\/strong> \u00e0 une <strong>audience<\/strong> ou r\u00e9aliser pour vous les <strong>actes<\/strong> que vous ne pouvez accomplir vous m\u00eame en raison de vos imp\u00e9ratifs.<\/p>\n<p>[\/et_pb_text][\/et_pb_column][et_pb_column type=\u00a0\u00bb1_2&Prime; _builder_version=\u00a0\u00bb4.16&Prime; _module_preset=\u00a0\u00bbdefault\u00a0\u00bb global_colors_info=\u00a0\u00bb{}\u00a0\u00bb][et_pb_icon font_icon=\u00a0\u00bb&#xf27e;||fa||400&Prime; _builder_version=\u00a0\u00bb4.16&Prime; _module_preset=\u00a0\u00bbdefault\u00a0\u00bb global_colors_info=\u00a0\u00bb{}\u00a0\u00bb][\/et_pb_icon][et_pb_text _builder_version=\u00a0\u00bb4.16&Prime; _module_preset=\u00a0\u00bbdefault\u00a0\u00bb global_colors_info=\u00a0\u00bb{}\u00a0\u00bb]<\/p>\n<h3 style=\"text-align: left;\">Sous-traitance, soutien ou accompagnement<\/h3>\n<p>Form\u00e9 en <strong>droit des nouvelles technologies<\/strong>, notamment en <strong>droit du num\u00e9rique<\/strong>, <strong>droit des t\u00e9l\u00e9communications<\/strong>, <strong>droit du commerce \u00e9lectronique<\/strong>, <strong>droit des activit\u00e9s spatiales<\/strong> ainsi qu&rsquo;en <strong>droit de la propri\u00e9t\u00e9 intellectuelle<\/strong>, <strong>droit des marques<\/strong>, et plus largement en <strong>droit des contrats<\/strong>, Th\u00e9o Renaudie r\u00e9alise des prestations en sous-traitance.<\/p>\n<p>Qu&rsquo;il s&rsquo;agisse de <strong>mieux comprendre<\/strong> les probl\u00e9matiques d&rsquo;un client, d&rsquo;<strong>apporter un \u00e9clairage<\/strong> sur un dossier ou de <strong>r\u00e9diger et r\u00e9aliser les actes n\u00e9cessaires<\/strong> : Th\u00e9o Renaudie pourra vous proposer une prestation sur-mesure afin d&rsquo;assurer \u00e0 votre client une prestation compl\u00e8te par le biais de son conseil habituel.<\/p>\n<p>[\/et_pb_text][\/et_pb_column][\/et_pb_row][\/et_pb_section][et_pb_section fb_built=\u00a0\u00bb1&Prime; _builder_version=\u00a0\u00bb4.16&Prime; _module_preset=\u00a0\u00bbdefault\u00a0\u00bb saved_tabs=\u00a0\u00bball\u00a0\u00bb global_colors_info=\u00a0\u00bb{}\u00a0\u00bb][et_pb_row _builder_version=\u00a0\u00bb4.27.4&Prime; _module_preset=\u00a0\u00bbdefault\u00a0\u00bb max_width=\u00a0\u00bb1280px\u00a0\u00bb max_width_tablet=\u00a0\u00bb100%\u00a0\u00bb max_width_phone=\u00a0\u00bb\u00a0\u00bb max_width_last_edited=\u00a0\u00bbon|tablet\u00a0\u00bb module_alignment=\u00a0\u00bbcenter\u00a0\u00bb custom_margin=\u00a0\u00bb0px||0px||false|false\u00a0\u00bb custom_padding=\u00a0\u00bb0px||0px||false|false\u00a0\u00bb global_colors_info=\u00a0\u00bb{}\u00a0\u00bb][et_pb_column type=\u00a0\u00bb4_4&Prime; _builder_version=\u00a0\u00bb4.16&Prime; _module_preset=\u00a0\u00bbdefault\u00a0\u00bb global_colors_info=\u00a0\u00bb{}\u00a0\u00bb][et_pb_cta title=\u00a0\u00bbBesoin d&rsquo;aide, d&rsquo;un renseignement ou d&rsquo;un devis ?\u00a0\u00bb button_url=\u00a0\u00bb@ET-DC@eyJkeW5hbWljIjp0cnVlLCJjb250ZW50IjoicG9zdF9saW5rX3VybF9wYWdlIiwic2V0dGluZ3MiOnsicG9zdF9pZCI6IjE1NiJ9fQ==@\u00a0\u00bb button_text=\u00a0\u00bbContact\u00a0\u00bb _builder_version=\u00a0\u00bb4.27.4&Prime; _dynamic_attributes=\u00a0\u00bbbutton_url\u00a0\u00bb _module_preset=\u00a0\u00bbdefault\u00a0\u00bb border_radii=\u00a0\u00bbon|15px|15px|15px|15px\u00a0\u00bb box_shadow_style=\u00a0\u00bbpreset3&Prime; global_colors_info=\u00a0\u00bb{}\u00a0\u00bb][\/et_pb_cta][\/et_pb_column][\/et_pb_row][\/et_pb_section][et_pb_section fb_built=\u00a0\u00bb1&Prime; _builder_version=\u00a0\u00bb4.27.4&Prime; _module_preset=\u00a0\u00bbdefault\u00a0\u00bb background_image=\u00a0\u00bbhttps:\/\/avocat.renaudie.fr\/wp-content\/uploads\/2025\/05\/Fond-ecran-logo.png\u00a0\u00bb background_size=\u00a0\u00bbinitial\u00a0\u00bb background_position=\u00a0\u00bbbottom_center\u00a0\u00bb background_repeat=\u00a0\u00bbrepeat-x\u00a0\u00bb width=\u00a0\u00bb100%\u00a0\u00bb max_width=\u00a0\u00bb100%\u00a0\u00bb custom_margin=\u00a0\u00bb0em|0em|0em|0em|false|false\u00a0\u00bb custom_padding=\u00a0\u00bb6em|0em|0em|0em|false|false\u00a0\u00bb top_divider_style=\u00a0\u00bbramp\u00a0\u00bb top_divider_color=\u00a0\u00bb#FFFFFF\u00a0\u00bb top_divider_flip=\u00a0\u00bbhorizontal\u00a0\u00bb top_divider_arrangement=\u00a0\u00bbabove_content\u00a0\u00bb global_module=\u00a0\u00bb7804&Prime; saved_tabs=\u00a0\u00bball\u00a0\u00bb global_colors_info=\u00a0\u00bb{}\u00a0\u00bb][et_pb_row disabled_on=\u00a0\u00bbon|on|on\u00a0\u00bb _builder_version=\u00a0\u00bb4.27.4&Prime; _module_preset=\u00a0\u00bbdefault\u00a0\u00bb custom_margin=\u00a0\u00bb0em||0em||false|false\u00a0\u00bb custom_padding=\u00a0\u00bb0em||0em||false|false\u00a0\u00bb disabled=\u00a0\u00bbon\u00a0\u00bb global_colors_info=\u00a0\u00bb{}\u00a0\u00bb][et_pb_column type=\u00a0\u00bb4_4&Prime; _builder_version=\u00a0\u00bb4.27.4&Prime; _module_preset=\u00a0\u00bbdefault\u00a0\u00bb global_colors_info=\u00a0\u00bb{}\u00a0\u00bb][\/et_pb_column][\/et_pb_row][\/et_pb_section]<\/p>\n","protected":false},"excerpt":{"rendered":"<p>Avocat postulant \u00e0 Versailles Postulation, correspondance, substitution et sous-traitancePostulation devant la Cour d&rsquo;appel de Versailles \u00c9tabli au c\u0153ur de Versailles, Th\u00e9o Renaudie est votre postulant devant la Cour d&rsquo;appel de Versailles et le Tribunal judiciaire de Versailles. Il assure le suivi rigoureux des actes et de la proc\u00e9dure de votre dossier en vous rendant compte [&hellip;]<\/p>\n","protected":false},"author":2,"featured_media":0,"parent":0,"menu_order":0,"comment_status":"closed","ping_status":"closed","template":"","meta":{"_et_pb_use_builder":"on","_et_pb_old_content":"","_et_gb_content_width":"","footnotes":""},"class_list":["post-7533","page","type-page","status-publish","hentry"],"_links":{"self":[{"href":"https:\/\/avocat.renaudie.fr\/fr\/wp-json\/wp\/v2\/pages\/7533","targetHints":{"allow":["GET"]}}],"collection":[{"href":"https:\/\/avocat.renaudie.fr\/fr\/wp-json\/wp\/v2\/pages"}],"about":[{"href":"https:\/\/avocat.renaudie.fr\/fr\/wp-json\/wp\/v2\/types\/page"}],"author":[{"embeddable":true,"href":"https:\/\/avocat.renaudie.fr\/fr\/wp-json\/wp\/v2\/users\/2"}],"replies":[{"embeddable":true,"href":"https:\/\/avocat.renaudie.fr\/fr\/wp-json\/wp\/v2\/comments?post=7533"}],"version-history":[{"count":15,"href":"https:\/\/avocat.renaudie.fr\/fr\/wp-json\/wp\/v2\/pages\/7533\/revisions"}],"predecessor-version":[{"id":8281,"href":"https:\/\/avocat.renaudie.fr\/fr\/wp-json\/wp\/v2\/pages\/7533\/revisions\/8281"}],"wp:attachment":[{"href":"https:\/\/avocat.renaudie.fr\/fr\/wp-json\/wp\/v2\/media?parent=7533"}],"curies":[{"name":"wp","href":"https:\/\/api.w.org\/{rel}","templated":true}]}}